{"id":4631,"date":"2026-02-01T19:23:11","date_gmt":"2026-02-01T19:23:11","guid":{"rendered":"https:\/\/petshopmagelan.rs\/?post_type=product&#038;p=4631"},"modified":"2026-02-01T19:23:11","modified_gmt":"2026-02-01T19:23:11","slug":"beaphar-lactol-zamena-za-mleko-za-macice-250g","status":"publish","type":"product","link":"https:\/\/petshopmagelan.rs\/index.php\/product\/beaphar-lactol-zamena-za-mleko-za-macice-250g\/","title":{"rendered":"BEAPHAR Lactol &#8211; Zamena za mleko za ma\u010di\u0107e, 250g"},"content":{"rendered":"<p data-path-to-node=\"8\"><b data-path-to-node=\"8\" data-index-in-node=\"0\">Beaphar Lactol Kitten<\/b> je vi\u0161e od obi\u010dne zamene za mleko; to je nutritivno bogata formula koja ma\u010di\u0107ima pru\u017ea najbolji mogu\u0107i start u \u017eivotu. Zahvaljuju\u0107i pa\u017eljivo odabranim sastojcima poput mle\u010dnih proizvoda, ulja, masti i dragocenih algi, ovo mleko verno simulira prirodni sastav maj\u010dinog mleka.<\/p>\n<p data-path-to-node=\"9\">Ova formula je posebno preporu\u010dljiva za siro\u010dad, ma\u010di\u0107e iz velikih legala gde majka nema dovoljno mleka, ili kao energetska podr\u0161ka odraslim ma\u010dkama koje su oslabljene usled bolesti ili napora laktacije.<\/p>\n<h3 data-path-to-node=\"10\"><b data-path-to-node=\"10\" data-index-in-node=\"0\">Analiti\u010dki sastav:<\/b><\/h3>\n<ul data-path-to-node=\"11\">\n<li>\n<p data-path-to-node=\"11,0,0\">Proteini: <b data-path-to-node=\"11,0,0\" data-index-in-node=\"10\">32%<\/b><\/p>\n<\/li>\n<li>\n<p data-path-to-node=\"11,1,0\">Masti: <b data-path-to-node=\"11,1,0\" data-index-in-node=\"7\">34%<\/b><\/p>\n<\/li>\n<li>\n<p data-path-to-node=\"11,2,0\">Omega-3 (DHA): <b data-path-to-node=\"11,2,0\" data-index-in-node=\"15\">0,1%<\/b><\/p>\n<\/li>\n<li>\n<p data-path-to-node=\"11,3,0\">Minerali: Kalcijum (<span class=\"math-inline\" data-math=\"0,8\\%\" data-index-in-node=\"20\">$0,8\\%$<\/span>), Fosfor (<span class=\"math-inline\" data-math=\"0,7\\%\" data-index-in-node=\"36\">$0,7\\%$<\/span>), Kalijum (<span class=\"math-inline\" data-math=\"1,5\\%\" data-index-in-node=\"53\">$1,5\\%$<\/span>).<\/p>\n<\/li>\n<\/ul>\n<hr data-path-to-node=\"12\" \/>\n<h3 data-path-to-node=\"13\"><b data-path-to-node=\"13\" data-index-in-node=\"0\">Uputstvo za pripremu i upotrebu:<\/b><\/h3>\n<ol start=\"1\" data-path-to-node=\"14\">\n<li>\n<p data-path-to-node=\"14,0,0\"><b data-path-to-node=\"14,0,0\" data-index-in-node=\"0\">Priprema vode:<\/b> Zagrejati vodu na <b data-path-to-node=\"14,0,0\" data-index-in-node=\"33\"><span class=\"math-inline\" data-math=\"40-60\" data-index-in-node=\"33\">$40-60$<\/span>\u00b0C<\/b> i sipati je u bo\u010dicu.<\/p>\n<\/li>\n<li>\n<p data-path-to-node=\"14,1,0\"><b data-path-to-node=\"14,1,0\" data-index-in-node=\"0\">Me\u0161anje:<\/b> Dodati mleko u prahu (doziranje: <b data-path-to-node=\"14,1,0\" data-index-in-node=\"42\">7 mernih ka\u0161i\u010dica na 100 ml vode<\/b>). Dobro promu\u0107kati.<\/p>\n<\/li>\n<li>\n<p data-path-to-node=\"14,2,0\"><b data-path-to-node=\"14,2,0\" data-index-in-node=\"0\">Hla\u0111enje:<\/b> Ostaviti da se ohladi na <b data-path-to-node=\"14,2,0\" data-index-in-node=\"35\"><span class=\"math-inline\" data-math=\"35-38\" data-index-in-node=\"35\">$35-38$<\/span>\u00b0C<\/b>. Pre hranjenja, obavezno proverite temperaturu sa nekoliko kapi na unutra\u0161njoj strani zgloba.<\/p>\n<\/li>\n<li>\n<p data-path-to-node=\"14,3,0\"><b data-path-to-node=\"14,3,0\" data-index-in-node=\"0\">Skladi\u0161tenje:<\/b> Pripremljeno mleko se mo\u017ee \u010duvati u fri\u017eideru (na temperaturi <span class=\"math-inline\" data-math=\"2-8\" data-index-in-node=\"76\">$2-8$<\/span>\u00b0C) najdu\u017ee <b data-path-to-node=\"14,3,0\" data-index-in-node=\"91\">24 sata<\/b>.<\/p>\n<\/li>\n<\/ol>\n<h3 data-path-to-node=\"15\"><b data-path-to-node=\"15\" data-index-in-node=\"0\">Preporu\u010deni re\u017eim hranjenja:<\/b><\/h3>\n<ul data-path-to-node=\"16\">\n<li>\n<p data-path-to-node=\"16,0,0\"><b data-path-to-node=\"16,0,0\" data-index-in-node=\"0\">Do 7 dana starosti:<\/b> na svakih <span class=\"math-inline\" data-math=\"2-3\" data-index-in-node=\"30\">$2-3$<\/span> sata.<\/p>\n<\/li>\n<li>\n<p data-path-to-node=\"16,1,0\"><b data-path-to-node=\"16,1,0\" data-index-in-node=\"0\">Od 8 do 21 dana:<\/b> na svakih <span class=\"math-inline\" data-math=\"3\" data-index-in-node=\"27\">$3$<\/span> sata.<\/p>\n<\/li>\n<li>\n<p data-path-to-node=\"16,2,0\"><b data-path-to-node=\"16,2,0\" data-index-in-node=\"0\">Od 22 do 28 dana:<\/b> na svakih <span class=\"math-inline\" data-math=\"3-4\" data-index-in-node=\"28\">$3-4$<\/span> sata.<\/p>\n<\/li>\n<li>\n<p data-path-to-node=\"16,3,0\"><b data-path-to-node=\"16,3,0\" data-index-in-node=\"0\">Od 29 do 35 dana:<\/b> na svakih <span class=\"math-inline\" data-math=\"4-5\" data-index-in-node=\"28\">$4-5$<\/span> sati.<\/p>\n<\/li>\n<li>\n<p data-path-to-node=\"16,4,0\"><b data-path-to-node=\"16,4,0\" data-index-in-node=\"0\">Preko 36 dana:<\/b> na svakih <span class=\"math-inline\" data-math=\"6\" data-index-in-node=\"25\">$6$<\/span> sati (uz postepeno uvo\u0111enje \u010dvrste hrane).<\/p>\n<\/li>\n<\/ul>\n<h3 data-path-to-node=\"17\"><b data-path-to-node=\"17\" data-index-in-node=\"0\">Doziranje prema telesnoj masi (dnevna koli\u010dina pripremljenog mleka):<\/b><\/h3>\n<table data-path-to-node=\"18\">\n<thead>\n<tr>\n<td><strong>Te\u017eina ma\u010deta<\/strong><\/td>\n<td><strong>Dnevna koli\u010dina te\u010dnosti<\/strong><\/td>\n<\/tr>\n<\/thead>\n<tbody>\n<tr>\n<td><span data-path-to-node=\"18,1,0,0\">Do 100 g<\/span><\/td>\n<td><span data-path-to-node=\"18,1,1,0\">50 ml<\/span><\/td>\n<\/tr>\n<tr>\n<td><span data-path-to-node=\"18,2,0,0\">Do 200 g<\/span><\/td>\n<td><span data-path-to-node=\"18,2,1,0\">80 ml<\/span><\/td>\n<\/tr>\n<tr>\n<td><span data-path-to-node=\"18,3,0,0\">Do 400 g<\/span><\/td>\n<td><span data-path-to-node=\"18,3,1,0\">135 ml<\/span><\/td>\n<\/tr>\n<tr>\n<td><span data-path-to-node=\"18,4,0,0\">Do 600 g<\/span><\/td>\n<td><span data-path-to-node=\"18,4,1,0\">180 ml<\/span><\/td>\n<\/tr>\n<tr>\n<td><span data-path-to-node=\"18,5,0,0\">Do 1 kg<\/span><\/td>\n<td><span data-path-to-node=\"18,5,1,0\">250 ml<\/span><\/td>\n<\/tr>\n<\/tbody>\n<\/table>\n<h3 data-path-to-node=\"19\"><b data-path-to-node=\"19\" data-index-in-node=\"0\">Tehni\u010dke specifikacije:<\/b><\/h3>\n<ul data-path-to-node=\"20\">\n<li>\n<p data-path-to-node=\"20,0,0\"><b data-path-to-node=\"20,0,0\" data-index-in-node=\"0\">Zapremina:<\/b> 250 g<\/p>\n<\/li>\n<li>\n<p data-path-to-node=\"20,1,0\"><b data-path-to-node=\"20,1,0\" data-index-in-node=\"0\">Pakovanje uklju\u010duje:<\/b> Mernu ka\u0161i\u010dicu (<span class=\"math-inline\" data-math=\"1 \\text{ ka\u0161i\u010dica} = 4,5 \\text{ g}\" data-index-in-node=\"37\">$1 \\text{ ka\u0161i\u010dica} = 4,5 \\text{ g}$<\/span>)<\/p>\n<\/li>\n<li>\n<p data-path-to-node=\"20,2,0\"><b data-path-to-node=\"20,2,0\" data-index-in-node=\"0\">\u010cuvanje:<\/b> Na suvom i tamnom mestu do <span class=\"math-inline\" data-math=\"25\" data-index-in-node=\"36\">$25$<\/span>\u00b0C.<\/p>\n<\/li>\n<\/ul>\n<hr data-path-to-node=\"21\" \/>\n<p data-path-to-node=\"22\"><b data-path-to-node=\"22\" data-index-in-node=\"0\">Obezbedite svojim ma\u010di\u0107ima vrhunsku negu i pravilan razvoj uz poverenje koje nudi Beaphar Lactol!<\/b><\/p>\n","protected":false},"excerpt":{"rendered":"<ul>\n<li>\n<p data-path-to-node=\"5,0,0\"><b data-path-to-node=\"5,0,0\" data-index-in-node=\"0\">Kompletna zamena za maj\u010dino mleko:<\/b> Specijalno formulisano za ma\u010di\u0107e koji ne sisaju, od prvog dana \u017eivota pa sve do odvikavanja.<\/p>\n<\/li>\n<li>\n<p data-path-to-node=\"5,1,0\"><b data-path-to-node=\"5,1,0\" data-index-in-node=\"0\">Oboga\u0107eno DHA kiselinom:<\/b> Sadr\u017ei alge koje obezbe\u0111uju DHA, klju\u010dnu za razvoj kognitivnih funkcija i vida.<\/p>\n<\/li>\n<li>\n<p data-path-to-node=\"5,2,0\"><b data-path-to-node=\"5,2,0\" data-index-in-node=\"0\">Visoka hranljivost:<\/b> Idealan odnos proteina (<span class=\"math-inline\" data-math=\"32\\%\" data-index-in-node=\"44\">$32\\%$<\/span>) i masti (<span class=\"math-inline\" data-math=\"34\\%\" data-index-in-node=\"59\">$34\\%$<\/span>) za zdrav i pravilan rast.<\/p>\n<\/li>\n<li>\n<p data-path-to-node=\"5,3,0\"><b data-path-to-node=\"5,3,0\" data-index-in-node=\"0\">Vi\u0161enamenska upotreba:<\/b> Pogodno kao dodatak ishrani za trudne ma\u010dke, ma\u010dke koje doje, kao i za bolesne \u017eivotinje u fazi oporavka.<\/p>\n<\/li>\n<li>\n<p data-path-to-node=\"5,4,0\"><b data-path-to-node=\"5,4,0\" data-index-in-node=\"0\">Laka priprema:<\/b> Brzo se rastvara i pru\u017ea sve neophodne vitamine i minerale.<\/p>\n<\/li>\n<\/ul>\n","protected":false},"featured_media":4632,"comment_status":"open","ping_status":"closed","template":"","meta":[],"product_brand":[],"product_cat":[299,305,328],"product_tag":[],"class_list":{"0":"post-4631","1":"product","2":"type-product","3":"status-publish","4":"has-post-thumbnail","6":"product_cat-macke","7":"product_cat-zdravlje-i-suplementi-macke","8":"product_cat-suplementi-i-vitamini-zdravlje-i-suplementi-macke","11":"instock","12":"shipping-taxable","13":"purchasable","14":"product-type-simple"},"_links":{"self":[{"href":"https:\/\/petshopmagelan.rs\/index.php\/wp-json\/wp\/v2\/product\/4631","targetHints":{"allow":["GET"]}}],"collection":[{"href":"https:\/\/petshopmagelan.rs\/index.php\/wp-json\/wp\/v2\/product"}],"about":[{"href":"https:\/\/petshopmagelan.rs\/index.php\/wp-json\/wp\/v2\/types\/product"}],"replies":[{"embeddable":true,"href":"https:\/\/petshopmagelan.rs\/index.php\/wp-json\/wp\/v2\/comments?post=4631"}],"wp:featuredmedia":[{"embeddable":true,"href":"https:\/\/petshopmagelan.rs\/index.php\/wp-json\/wp\/v2\/media\/4632"}],"wp:attachment":[{"href":"https:\/\/petshopmagelan.rs\/index.php\/wp-json\/wp\/v2\/media?parent=4631"}],"wp:term":[{"taxonomy":"product_brand","embeddable":true,"href":"https:\/\/petshopmagelan.rs\/index.php\/wp-json\/wp\/v2\/product_brand?post=4631"},{"taxonomy":"product_cat","embeddable":true,"href":"https:\/\/petshopmagelan.rs\/index.php\/wp-json\/wp\/v2\/product_cat?post=4631"},{"taxonomy":"product_tag","embeddable":true,"href":"https:\/\/petshopmagelan.rs\/index.php\/wp-json\/wp\/v2\/product_tag?post=4631"}],"curies":[{"name":"wp","href":"https:\/\/api.w.org\/{rel}","templated":true}]}}