{"id":4626,"date":"2026-02-01T19:11:43","date_gmt":"2026-02-01T19:11:43","guid":{"rendered":"https:\/\/petshopmagelan.rs\/?post_type=product&#038;p=4626"},"modified":"2026-02-01T19:11:44","modified_gmt":"2026-02-01T19:11:44","slug":"versele-laga-nature-hrana-za-hrcke-mini-400gr","status":"publish","type":"product","link":"https:\/\/petshopmagelan.rs\/index.php\/product\/versele-laga-nature-hrana-za-hrcke-mini-400gr\/","title":{"rendered":"VERSELE LAGA Nature &#8211; Hrana za hr\u010dke, Mini, 400gr"},"content":{"rendered":"<p data-start=\"413\" data-end=\"693\"><strong data-start=\"413\" data-end=\"443\">Hrana za hr\u010dke<\/strong> je pa\u017eljivo razvijena kako bi pru\u017eila <strong data-start=\"482\" data-end=\"538\">uravnote\u017eenu, nutritivno bogatu i raznovrsnu ishranu<\/strong>. Kombinuje <strong data-start=\"550\" data-end=\"604\">\u017eitarice, vo\u0107e, povr\u0107e, insekte i dodatne vitamine<\/strong>, \u0161to osigurava sve potrebne hranljive materije i podr\u017eava zdravlje i vitalnost hr\u010daka.<\/p>\n<h3 data-start=\"695\" data-end=\"717\">Klju\u010dne prednosti:<\/h3>\n<p data-start=\"719\" data-end=\"756\"><strong data-start=\"719\" data-end=\"754\">Bogata \u017eivotinjskim proteinima:<\/strong><\/p>\n<ul data-start=\"757\" data-end=\"892\">\n<li data-start=\"757\" data-end=\"831\">\n<p data-start=\"759\" data-end=\"831\">Sadr\u017ei <strong data-start=\"766\" data-end=\"796\">mealworms (bra\u0161naste crve)<\/strong> kao izvor \u017eivotinjskog proteina.<\/p>\n<\/li>\n<li data-start=\"832\" data-end=\"892\">\n<p data-start=\"834\" data-end=\"892\">Podr\u017eava pravilan rast i odr\u017eavanje mi\u0161i\u0107ne mase hr\u010daka.<\/p>\n<\/li>\n<\/ul>\n<p data-start=\"894\" data-end=\"919\"><strong data-start=\"894\" data-end=\"917\">Dodatak vitamina E:<\/strong><\/p>\n<ul data-start=\"920\" data-end=\"991\">\n<li data-start=\"920\" data-end=\"991\">\n<p data-start=\"922\" data-end=\"991\">Posebna doza <strong data-start=\"935\" data-end=\"949\">vitamina E<\/strong> ja\u010da otpornost i poma\u017ee imunom sistemu.<\/p>\n<\/li>\n<\/ul>\n<p data-start=\"993\" data-end=\"1029\"><strong data-start=\"993\" data-end=\"1027\">Vo\u0107e i povr\u0107e za raznovrsnost:<\/strong><\/p>\n<ul data-start=\"1030\" data-end=\"1211\">\n<li data-start=\"1030\" data-end=\"1140\">\n<p data-start=\"1032\" data-end=\"1140\">Sadr\u017ei <strong data-start=\"1039\" data-end=\"1087\">gra\u0161ak, pastrnjak, praziluk, ananas i gro\u017e\u0111e<\/strong>, koji obezbe\u0111uju sve potrebne vitamine i minerale.<\/p>\n<\/li>\n<li data-start=\"1141\" data-end=\"1211\">\n<p data-start=\"1143\" data-end=\"1211\">Dodaje prirodnu raznovrsnost i stimulaciju u svakodnevnoj ishrani.<\/p>\n<\/li>\n<\/ul>\n<p data-start=\"1213\" data-end=\"1248\"><strong data-start=\"1213\" data-end=\"1246\">Podr\u0161ka digestiji i zdravlju:<\/strong><\/p>\n<ul data-start=\"1249\" data-end=\"1412\">\n<li data-start=\"1249\" data-end=\"1309\">\n<p data-start=\"1251\" data-end=\"1309\">Sadr\u017ei MOS i FOS prebiotike za zdravu crevnu mikrofloru.<\/p>\n<\/li>\n<li data-start=\"1310\" data-end=\"1412\">\n<p data-start=\"1312\" data-end=\"1412\">Biljni ekstrakti i lekovite biljke (npr. neven i ko\u0161tice gro\u017e\u0111a) dodatno doprinose zdravlju hr\u010dka.<\/p>\n<\/li>\n<\/ul>\n<h3 data-start=\"1414\" data-end=\"1427\">Sastav:<\/h3>\n<ul data-start=\"1428\" data-end=\"1689\">\n<li data-start=\"1428\" data-end=\"1450\">\n<p data-start=\"1430\" data-end=\"1450\">\u017ditarice (oats 8%)<\/p>\n<\/li>\n<li data-start=\"1451\" data-end=\"1479\">\n<p data-start=\"1453\" data-end=\"1479\">Semena i biljni derivati<\/p>\n<\/li>\n<li data-start=\"1480\" data-end=\"1529\">\n<p data-start=\"1482\" data-end=\"1529\">Povr\u0107e: gra\u0161ak 10%, pastrnjak 2%, praziluk 1%<\/p>\n<\/li>\n<li data-start=\"1530\" data-end=\"1561\">\n<p data-start=\"1532\" data-end=\"1561\">Biljni proteinski ekstrakti<\/p>\n<\/li>\n<li data-start=\"1562\" data-end=\"1592\">\n<p data-start=\"1564\" data-end=\"1592\">Vo\u0107e: ananas 2%, gro\u017e\u0111e 2%<\/p>\n<\/li>\n<li data-start=\"1593\" data-end=\"1618\">\n<p data-start=\"1595\" data-end=\"1618\">Insekti: mealworms 4%<\/p>\n<\/li>\n<li data-start=\"1619\" data-end=\"1689\">\n<p data-start=\"1621\" data-end=\"1689\">Ora\u0161asti plodovi, minerali, bilje, MOS, FOS, neven, ko\u0161tice gro\u017e\u0111a<\/p>\n<\/li>\n<\/ul>\n<h3 data-start=\"1691\" data-end=\"1717\">Analiti\u010dki sastojci:<\/h3>\n<ul data-start=\"1718\" data-end=\"1842\">\n<li data-start=\"1718\" data-end=\"1736\">\n<p data-start=\"1720\" data-end=\"1736\">Protein: 16,5%<\/p>\n<\/li>\n<li data-start=\"1737\" data-end=\"1751\">\n<p data-start=\"1739\" data-end=\"1751\">Mast: 7,5%<\/p>\n<\/li>\n<li data-start=\"1752\" data-end=\"1775\">\n<p data-start=\"1754\" data-end=\"1775\">Sirova vlakna: 7,0%<\/p>\n<\/li>\n<li data-start=\"1776\" data-end=\"1804\">\n<p data-start=\"1778\" data-end=\"1804\">Sirova pepeljivost: 5,0%<\/p>\n<\/li>\n<li data-start=\"1805\" data-end=\"1824\">\n<p data-start=\"1807\" data-end=\"1824\">Kalcijum: 0,65%<\/p>\n<\/li>\n<li data-start=\"1825\" data-end=\"1842\">\n<p data-start=\"1827\" data-end=\"1842\">Fosfor: 0,35%<\/p>\n<\/li>\n<\/ul>\n<p data-start=\"1860\" data-end=\"2084\"><strong data-start=\"1860\" data-end=\"1890\">Hrana me\u0161avina za hr\u010dke<\/strong> pru\u017ea <strong data-start=\"1897\" data-end=\"1947\">sveobuhvatnu, uravnote\u017eenu i hranljivu ishranu<\/strong> koja podr\u017eava rast, energiju, zdravlje creva i otpornost. Idealan izbor za svakodnevno hranjenje hr\u010daka u raznovrsnoj i ukusnoj formi.<\/p>\n","protected":false},"excerpt":{"rendered":"<p><strong data-start=\"159\" data-end=\"189\">Hrana za hr\u010dke<\/strong> sa \u017eitaricama, vo\u0107em, povr\u0107em i crvima za obrok bogat proteinima. Sadr\u017ei <strong data-start=\"263\" data-end=\"285\">dodatak vitamina E<\/strong> za ja\u010di imunitet i sve potrebne hranljive materije za svakodnevnu uravnote\u017eenu ishranu hr\u010daka.<\/p>\n","protected":false},"featured_media":4627,"comment_status":"open","ping_status":"closed","template":"","meta":[],"product_brand":[],"product_cat":[333,362],"product_tag":[],"class_list":{"0":"post-4626","1":"product","2":"type-product","3":"status-publish","4":"has-post-thumbnail","6":"product_cat-glodari","7":"product_cat-hrana-za-glodare","10":"instock","11":"shipping-taxable","12":"purchasable","13":"product-type-simple"},"_links":{"self":[{"href":"https:\/\/petshopmagelan.rs\/index.php\/wp-json\/wp\/v2\/product\/4626","targetHints":{"allow":["GET"]}}],"collection":[{"href":"https:\/\/petshopmagelan.rs\/index.php\/wp-json\/wp\/v2\/product"}],"about":[{"href":"https:\/\/petshopmagelan.rs\/index.php\/wp-json\/wp\/v2\/types\/product"}],"replies":[{"embeddable":true,"href":"https:\/\/petshopmagelan.rs\/index.php\/wp-json\/wp\/v2\/comments?post=4626"}],"wp:featuredmedia":[{"embeddable":true,"href":"https:\/\/petshopmagelan.rs\/index.php\/wp-json\/wp\/v2\/media\/4627"}],"wp:attachment":[{"href":"https:\/\/petshopmagelan.rs\/index.php\/wp-json\/wp\/v2\/media?parent=4626"}],"wp:term":[{"taxonomy":"product_brand","embeddable":true,"href":"https:\/\/petshopmagelan.rs\/index.php\/wp-json\/wp\/v2\/product_brand?post=4626"},{"taxonomy":"product_cat","embeddable":true,"href":"https:\/\/petshopmagelan.rs\/index.php\/wp-json\/wp\/v2\/product_cat?post=4626"},{"taxonomy":"product_tag","embeddable":true,"href":"https:\/\/petshopmagelan.rs\/index.php\/wp-json\/wp\/v2\/product_tag?post=4626"}],"curies":[{"name":"wp","href":"https:\/\/api.w.org\/{rel}","templated":true}]}}