{"id":4622,"date":"2026-02-09T12:03:59","date_gmt":"2026-02-09T12:03:59","guid":{"rendered":"https:\/\/petshopmagelan.rs\/?post_type=product&#038;p=4622"},"modified":"2026-02-09T12:05:56","modified_gmt":"2026-02-09T12:05:56","slug":"versele-laga-classic-mesavina-semenki-za-velike-papagaje-20kg","status":"publish","type":"product","link":"https:\/\/petshopmagelan.rs\/index.php\/product\/versele-laga-classic-mesavina-semenki-za-velike-papagaje-20kg\/","title":{"rendered":"VERSELE LAGA Classic &#8211; Me\u0161avina semenki za velike papagaje, 20kg"},"content":{"rendered":"<p data-start=\"424\" data-end=\"665\"><strong data-start=\"424\" data-end=\"471\">Osnovna me\u0161avina semenki za velike papagaje<\/strong> je <strong data-start=\"475\" data-end=\"509\">prakti\u010dna i hranljiva me\u0161avina<\/strong> namenjena za redovnu ishranu papagaja ve\u0107ih vrsta. Ova me\u0161avina pru\u017ea pticama <strong data-start=\"588\" data-end=\"623\">pravilnu i sigurnu bazu ishrane<\/strong>, bez dodataka poput konopljinog semena.<\/p>\n<h3 data-start=\"667\" data-end=\"689\">Klju\u010dne prednosti:<\/h3>\n<p data-start=\"691\" data-end=\"725\"><strong data-start=\"691\" data-end=\"723\">Jednostavna i sigurn\u0430 hrana:<\/strong><\/p>\n<ul data-start=\"726\" data-end=\"895\">\n<li data-start=\"726\" data-end=\"807\">\n<p data-start=\"728\" data-end=\"807\">Sadr\u017ei pa\u017eljivo odabrana <strong data-start=\"753\" data-end=\"774\">semena i \u017eitarice<\/strong> za osnovnu i stabilnu ishranu.<\/p>\n<\/li>\n<li data-start=\"808\" data-end=\"895\">\n<p data-start=\"810\" data-end=\"895\">Bez konoplje, \u0161to je posebno pogodno za ptice koje su osetljive na tu vrstu semena.<\/p>\n<\/li>\n<\/ul>\n<p data-start=\"897\" data-end=\"934\"><strong data-start=\"897\" data-end=\"932\">Prakti\u010dno i ekonomi\u010dno re\u0161enje:<\/strong><\/p>\n<ul data-start=\"935\" data-end=\"1077\">\n<li data-start=\"935\" data-end=\"993\">\n<p data-start=\"937\" data-end=\"993\">Idealan izbor za svakodnevnu ishranu velikih papagaja.<\/p>\n<\/li>\n<li data-start=\"994\" data-end=\"1077\">\n<p data-start=\"996\" data-end=\"1077\">Osigurava <strong data-start=\"1006\" data-end=\"1047\">osnovnu energiju i hranljive materije<\/strong> za vitalne i aktivne ptice.<\/p>\n<\/li>\n<\/ul>\n<p data-start=\"1079\" data-end=\"1115\"><strong data-start=\"1079\" data-end=\"1113\">Raznovrsnost i prihvatljivost:<\/strong><\/p>\n<ul data-start=\"1116\" data-end=\"1227\">\n<li data-start=\"1116\" data-end=\"1227\">\n<p data-start=\"1118\" data-end=\"1227\">Ptice lako prihvataju ovu me\u0161avinu zbog <strong data-start=\"1158\" data-end=\"1192\">raznovrsnih semenki i \u017eitarica<\/strong>, \u0161to podsti\u010de redovno hranjenje.<\/p>\n<\/li>\n<\/ul>\n<h3 data-start=\"1229\" data-end=\"1242\">Sastav:<\/h3>\n<ul data-start=\"1243\" data-end=\"1266\">\n<li data-start=\"1243\" data-end=\"1253\">\n<p data-start=\"1245\" data-end=\"1253\">Semena<\/p>\n<\/li>\n<li data-start=\"1254\" data-end=\"1266\">\n<p data-start=\"1256\" data-end=\"1266\">\u017ditarice<\/p>\n<\/li>\n<\/ul>\n<p data-start=\"1284\" data-end=\"1459\"><strong data-start=\"1284\" data-end=\"1331\">Osnovna me\u0161avina semenki za velike papagaje<\/strong> je <strong data-start=\"1335\" data-end=\"1394\">prakti\u010dna, sigurn\u0430 i hranljiva osnova za dnevnu ishranu<\/strong>, pogodna za odr\u017eavanje zdravlja i vitalnosti velikih papagaja.<\/p>\n","protected":false},"excerpt":{"rendered":"<p><strong data-start=\"203\" data-end=\"250\">Osnovna me\u0161avina semenki za velike papagaje<\/strong> je jednostavna, hranljiva i pogodna za svakodnevnu ishranu. Bez konoplje, pru\u017ea <strong data-start=\"331\" data-end=\"362\">balansiranu i sigurnu hranu<\/strong> za velike papagaje i papige.<\/p>\n","protected":false},"featured_media":4625,"comment_status":"open","ping_status":"closed","template":"","meta":[],"product_brand":[],"product_cat":[331,335],"product_tag":[],"class_list":{"0":"post-4622","1":"product","2":"type-product","3":"status-publish","4":"has-post-thumbnail","6":"product_cat-ptice","7":"product_cat-hrana-za-ptice","10":"instock","11":"shipping-taxable","12":"purchasable","13":"product-type-simple"},"_links":{"self":[{"href":"https:\/\/petshopmagelan.rs\/index.php\/wp-json\/wp\/v2\/product\/4622","targetHints":{"allow":["GET"]}}],"collection":[{"href":"https:\/\/petshopmagelan.rs\/index.php\/wp-json\/wp\/v2\/product"}],"about":[{"href":"https:\/\/petshopmagelan.rs\/index.php\/wp-json\/wp\/v2\/types\/product"}],"replies":[{"embeddable":true,"href":"https:\/\/petshopmagelan.rs\/index.php\/wp-json\/wp\/v2\/comments?post=4622"}],"wp:featuredmedia":[{"embeddable":true,"href":"https:\/\/petshopmagelan.rs\/index.php\/wp-json\/wp\/v2\/media\/4625"}],"wp:attachment":[{"href":"https:\/\/petshopmagelan.rs\/index.php\/wp-json\/wp\/v2\/media?parent=4622"}],"wp:term":[{"taxonomy":"product_brand","embeddable":true,"href":"https:\/\/petshopmagelan.rs\/index.php\/wp-json\/wp\/v2\/product_brand?post=4622"},{"taxonomy":"product_cat","embeddable":true,"href":"https:\/\/petshopmagelan.rs\/index.php\/wp-json\/wp\/v2\/product_cat?post=4622"},{"taxonomy":"product_tag","embeddable":true,"href":"https:\/\/petshopmagelan.rs\/index.php\/wp-json\/wp\/v2\/product_tag?post=4622"}],"curies":[{"name":"wp","href":"https:\/\/api.w.org\/{rel}","templated":true}]}}