{"id":4600,"date":"2026-02-01T19:08:05","date_gmt":"2026-02-01T19:08:05","guid":{"rendered":"https:\/\/petshopmagelan.rs\/?post_type=product&#038;p=4600"},"modified":"2026-02-01T19:08:06","modified_gmt":"2026-02-01T19:08:06","slug":"animology-sampon-za-pse-honey-shea-250ml","status":"publish","type":"product","link":"https:\/\/petshopmagelan.rs\/index.php\/product\/animology-sampon-za-pse-honey-shea-250ml\/","title":{"rendered":"ANIMOLOGY &#8211; \u0160ampon za pse, Honey &amp; Shea, 250ml"},"content":{"rendered":"<p data-start=\"516\" data-end=\"781\"><strong data-start=\"516\" data-end=\"560\">Animology Essentials Honey &amp; Shea \u0161ampon<\/strong> je specijalno formulisan <strong data-start=\"586\" data-end=\"629\">deodoriraju\u0107i i kondicioniraju\u0107i \u0161ampon<\/strong> za pse svih rasa i tipova dlake. Idealna je opcija za vlasnike koji \u017eele da njihovi ljubimci imaju <strong data-start=\"729\" data-end=\"758\">\u010distu, meku i sve\u017eu dlaku<\/strong>, bez iritacija ko\u017ee.<\/p>\n<h3 data-start=\"783\" data-end=\"805\">Klju\u010dne prednosti:<\/h3>\n<p data-start=\"807\" data-end=\"848\"><strong data-start=\"807\" data-end=\"846\">Blaga formula \u2013 pogodna za sve pse:<\/strong><\/p>\n<ul data-start=\"849\" data-end=\"1042\">\n<li data-start=\"849\" data-end=\"930\">\n<p data-start=\"851\" data-end=\"930\">\u0160ampon je dovoljno ne\u017ean za pse svih rasa i starosti od <strong data-start=\"907\" data-end=\"927\">6 nedelja navi\u0161e<\/strong>.<\/p>\n<\/li>\n<li data-start=\"931\" data-end=\"1042\">\n<p data-start=\"933\" data-end=\"1042\">Sadr\u017ei manje od 5% anionskih i manje od 5% amfoternih surfaktanata, \u0161to ga \u010dini <strong data-start=\"1013\" data-end=\"1039\">bla\u017eim za ko\u017eu i dlaku<\/strong>.<\/p>\n<\/li>\n<\/ul>\n<p data-start=\"1044\" data-end=\"1089\"><strong data-start=\"1044\" data-end=\"1087\">Honey &amp; Shea \u2013 osve\u017eava i neguje dlaku:<\/strong><\/p>\n<ul data-start=\"1090\" data-end=\"1295\">\n<li data-start=\"1090\" data-end=\"1150\">\n<p data-start=\"1092\" data-end=\"1150\">Prirodni miris meda i shea \u010dini dlaku prijatno mirisnom.<\/p>\n<\/li>\n<li data-start=\"1151\" data-end=\"1217\">\n<p data-start=\"1153\" data-end=\"1217\">Ugra\u0111eni kondicioner omek\u0161ava dlaku i olak\u0161ava ra\u0161\u010de\u0161ljavanje.<\/p>\n<\/li>\n<li data-start=\"1218\" data-end=\"1295\">\n<p data-start=\"1220\" data-end=\"1295\">Poma\u017ee u <strong data-start=\"1229\" data-end=\"1263\">odr\u017eavanju zdrave ko\u017ee i dlake<\/strong>, \u010dine\u0107i je mekanom i sjajnom.<\/p>\n<\/li>\n<\/ul>\n<ul data-start=\"1322\" data-end=\"1393\">\n<li data-start=\"1322\" data-end=\"1393\">\n<p data-start=\"1324\" data-end=\"1393\">Efikasno uklanja neprijatne mirise i osve\u017eava dlaku izme\u0111u kupanja.<\/p>\n<\/li>\n<\/ul>\n<h3 data-start=\"1395\" data-end=\"1416\">Na\u010din upotrebe:<\/h3>\n<ol data-start=\"1417\" data-end=\"1544\">\n<li data-start=\"1417\" data-end=\"1455\">\n<p data-start=\"1420\" data-end=\"1455\">Navla\u017eite dlaku psa toplom vodom.<\/p>\n<\/li>\n<li data-start=\"1456\" data-end=\"1504\">\n<p data-start=\"1459\" data-end=\"1504\">Nanesite \u0161ampon, umasirajte u bogatu pjenu.<\/p>\n<\/li>\n<li data-start=\"1505\" data-end=\"1544\">\n<p data-start=\"1508\" data-end=\"1544\">Temeljno isperite i osu\u0161ite dlaku.<\/p>\n<\/li>\n<\/ol>\n<h3 data-start=\"1546\" data-end=\"1571\">Sastav i sigurnost:<\/h3>\n<ul data-start=\"1572\" data-end=\"1671\">\n<li data-start=\"1572\" data-end=\"1610\">\n<p data-start=\"1574\" data-end=\"1610\">Manje od 5% anionskih surfaktanata<\/p>\n<\/li>\n<li data-start=\"1611\" data-end=\"1650\">\n<p data-start=\"1613\" data-end=\"1650\">Manje od 5% amfoternih surfaktanata<\/p>\n<\/li>\n<li data-start=\"1651\" data-end=\"1671\">\n<p data-start=\"1653\" data-end=\"1671\">Benzylhemiformal<\/p>\n<\/li>\n<\/ul>\n<p data-start=\"1673\" data-end=\"1843\"><strong data-start=\"1673\" data-end=\"1706\">Animology Honey &amp; Shea \u0161ampon<\/strong> je jednostavno re\u0161enje za svakodnevnu negu, odr\u017eavanje \u010disto\u0107e i sve\u017eeg mirisa, dok istovremeno neguje i \u0161titi dlaku i ko\u017eu va\u0161eg psa.<\/p>\n","protected":false},"excerpt":{"rendered":"<p><strong data-start=\"231\" data-end=\"275\">Animology Essentials Honey &amp; Shea \u0161ampon<\/strong> je blag i kondicioniraju\u0107i \u0161ampon za pse svih rasa i tipova dlake, starije od 6 nedelja. Sa prirodnim mirisom meda i shea, \u010disti, osve\u017eava i omek\u0161ava dlaku, \u010dine\u0107i je mirisnom i lako odr\u017eivom.<\/p>\n","protected":false},"featured_media":4601,"comment_status":"open","ping_status":"closed","template":"","meta":[],"product_brand":[],"product_cat":[263,287,291],"product_tag":[],"class_list":{"0":"post-4600","1":"product","2":"type-product","3":"status-publish","4":"has-post-thumbnail","6":"product_cat-psi","7":"product_cat-higijena-i-nega","8":"product_cat-samponi","11":"instock","12":"shipping-taxable","13":"purchasable","14":"product-type-simple"},"_links":{"self":[{"href":"https:\/\/petshopmagelan.rs\/index.php\/wp-json\/wp\/v2\/product\/4600","targetHints":{"allow":["GET"]}}],"collection":[{"href":"https:\/\/petshopmagelan.rs\/index.php\/wp-json\/wp\/v2\/product"}],"about":[{"href":"https:\/\/petshopmagelan.rs\/index.php\/wp-json\/wp\/v2\/types\/product"}],"replies":[{"embeddable":true,"href":"https:\/\/petshopmagelan.rs\/index.php\/wp-json\/wp\/v2\/comments?post=4600"}],"wp:featuredmedia":[{"embeddable":true,"href":"https:\/\/petshopmagelan.rs\/index.php\/wp-json\/wp\/v2\/media\/4601"}],"wp:attachment":[{"href":"https:\/\/petshopmagelan.rs\/index.php\/wp-json\/wp\/v2\/media?parent=4600"}],"wp:term":[{"taxonomy":"product_brand","embeddable":true,"href":"https:\/\/petshopmagelan.rs\/index.php\/wp-json\/wp\/v2\/product_brand?post=4600"},{"taxonomy":"product_cat","embeddable":true,"href":"https:\/\/petshopmagelan.rs\/index.php\/wp-json\/wp\/v2\/product_cat?post=4600"},{"taxonomy":"product_tag","embeddable":true,"href":"https:\/\/petshopmagelan.rs\/index.php\/wp-json\/wp\/v2\/product_tag?post=4600"}],"curies":[{"name":"wp","href":"https:\/\/api.w.org\/{rel}","templated":true}]}}