{"id":4594,"date":"2026-02-09T12:14:47","date_gmt":"2026-02-09T12:14:47","guid":{"rendered":"https:\/\/petshopmagelan.rs\/?post_type=product&#038;p=4594"},"modified":"2026-02-09T12:14:47","modified_gmt":"2026-02-09T12:14:47","slug":"versele-laga-opti-life-hrana-za-male-pse-sa-osetljivom-kozom-i-dlakom-losos-i-pirinac-7-5kg","status":"publish","type":"product","link":"https:\/\/petshopmagelan.rs\/index.php\/product\/versele-laga-opti-life-hrana-za-male-pse-sa-osetljivom-kozom-i-dlakom-losos-i-pirinac-7-5kg\/","title":{"rendered":"VERSELE LAGA Opti Life &#8211; Hrana za male pse sa osetljivom ko\u017eom i dlakom, Losos i pirina\u010d, 7.5kg"},"content":{"rendered":"<p data-start=\"431\" data-end=\"746\"><strong data-start=\"431\" data-end=\"477\">Opti Life Skin Care Mini \u2013 losos i pirina\u010d<\/strong> je visokokvalitetna, <strong data-start=\"499\" data-end=\"542\">hipoalergena hrana za male pse (&lt;10 kg)<\/strong> sa osetljivom ko\u017eom i dlakom. Posebno formulisana sa <strong data-start=\"596\" data-end=\"641\">77% proteina \u017eivotinjskog porekla (losos)<\/strong>, ova hrana je lako svarljiva, bogata esencijalnim aminokiselinama i pru\u017ea optimalnu nutritivnu vrednost.<\/p>\n<p data-start=\"748\" data-end=\"949\">Hrana je <strong data-start=\"757\" data-end=\"783\">bez kukuruza i p\u0161enice<\/strong>, sadr\u017ei pirina\u010d \u2013 jedno od najdigestivnijih i najbezbednijih \u017eitarica za pse. Pirina\u010d je <strong data-start=\"873\" data-end=\"902\">gluten-free i hipoalergen<\/strong>, \u0161to smanjuje rizik od alergijskih reakcija.<\/p>\n<h3 data-start=\"951\" data-end=\"973\">Klju\u010dne prednosti:<\/h3>\n<p data-start=\"513\" data-end=\"560\"><strong data-start=\"513\" data-end=\"558\">Opti Coat \u2013 za zdravu ko\u017eu i sjajnu dlaku<\/strong><\/p>\n<ul data-start=\"561\" data-end=\"823\">\n<li data-start=\"561\" data-end=\"652\">\n<p data-start=\"563\" data-end=\"652\">Losos je jedini izvor \u017eivotinjskih proteina, bogat omega-3 i omega-6 masnim kiselinama.<\/p>\n<\/li>\n<li data-start=\"653\" data-end=\"763\">\n<p data-start=\"655\" data-end=\"763\">Dodatak biotina, cinka i bakra pobolj\u0161ava kvalitet dlake, smanjuje iritacije i \u010dini dlaku mekom i sjajnom.<\/p>\n<\/li>\n<li data-start=\"764\" data-end=\"823\">\n<p data-start=\"766\" data-end=\"823\">Bez peradi, \u0161to smanjuje rizik od alergijskih reakcija.<\/p>\n<\/li>\n<\/ul>\n<p data-start=\"825\" data-end=\"867\"><strong data-start=\"825\" data-end=\"865\">Opti Dental \u2013 za zdrave zube i desni<\/strong><\/p>\n<ul data-start=\"868\" data-end=\"1048\">\n<li data-start=\"868\" data-end=\"976\">\n<p data-start=\"870\" data-end=\"976\">Granule su specijalno prilago\u0111ene veli\u010dini malih pasa kako bi se bolje \u017evakale i mehani\u010dki \u010distile zube.<\/p>\n<\/li>\n<li data-start=\"977\" data-end=\"1048\">\n<p data-start=\"979\" data-end=\"1048\">Dodatna vlakna poma\u017eu smanjenju naslaga i odr\u017eavaju zdravlje desni.<\/p>\n<\/li>\n<\/ul>\n<p data-start=\"1050\" data-end=\"1091\"><strong data-start=\"1050\" data-end=\"1089\">Opti Immunity \u2013 za jak imuni sistem<\/strong><\/p>\n<ul data-start=\"1092\" data-end=\"1278\">\n<li data-start=\"1092\" data-end=\"1183\">\n<p data-start=\"1094\" data-end=\"1183\">Prirodni antioksidansi iz ruzmarina i zelenog \u010daja \u0161tite \u0107elije od oksidativnog stresa.<\/p>\n<\/li>\n<li data-start=\"1184\" data-end=\"1278\">\n<p data-start=\"1186\" data-end=\"1278\">Dodati vitamini C i E ja\u010daju otpornost organizma i poma\u017eu psu da ostane aktivan i vitalan.<\/p>\n<\/li>\n<\/ul>\n<p data-start=\"1280\" data-end=\"1332\"><strong data-start=\"1280\" data-end=\"1330\">Opti Digest \u2013 za zdravu crevnu floru i probavu<\/strong><\/p>\n<ul data-start=\"1333\" data-end=\"1469\">\n<li data-start=\"1333\" data-end=\"1401\">\n<p data-start=\"1335\" data-end=\"1401\">Prebiotici FOS i MOS podr\u017eavaju rast dobrih bakterija u crevima.<\/p>\n<\/li>\n<li data-start=\"1402\" data-end=\"1469\">\n<p data-start=\"1404\" data-end=\"1469\">Lako svarljive komponente smanjuju rizik od stoma\u010dnih problema.<\/p>\n<\/li>\n<\/ul>\n<p data-start=\"1471\" data-end=\"1526\"><strong data-start=\"1471\" data-end=\"1524\">Opti Joint i Opti Heart \u2013 za pokretljivost i srce<\/strong><\/p>\n<ul data-start=\"1527\" data-end=\"1683\">\n<li data-start=\"1527\" data-end=\"1619\">\n<p data-start=\"1529\" data-end=\"1619\">Glukozamin i morske alge poma\u017eu zdravlju zglobova, \u0161to je va\u017eno kod aktivnih malih pasa.<\/p>\n<\/li>\n<li data-start=\"1620\" data-end=\"1683\">\n<p data-start=\"1622\" data-end=\"1683\">Taurin doprinosi zdravlju srca i normalnoj funkciji mi\u0161i\u0107a.<\/p>\n<\/li>\n<\/ul>\n<p data-start=\"1685\" data-end=\"1878\">Ova kombinacija funkcija \u010dini <strong data-start=\"1715\" data-end=\"1743\">Opti Life Skin Care Mini<\/strong> idealnom hranom za male pse sa osetljivom ko\u017eom, pru\u017eaju\u0107i <strong data-start=\"1803\" data-end=\"1875\">kompletnu podr\u0161ku zdravlju ko\u017ee, dlake, creva, zuba, zglobova i srca<\/strong>.<\/p>\n<h3 data-start=\"1561\" data-end=\"1574\">Sastav:<\/h3>\n<p data-start=\"1575\" data-end=\"1921\">Losos (dehidrirani 25%), pirina\u010d (25%), pirin\u010dano bra\u0161no, \u017eivotinjska mast, biljna vlakna (celuloza 4%, repini rezanci 1%), laneno seme, pivski kvasac, minerali, hidrolizovani \u017eivotinjski proteini, lososovo ulje (1%), FOS (0,1%), MOS (0,1%), morske alge (Ascophyllum nodosum), glukozamin (250 mg\/kg), ruzmarin (18 mg\/kg), zeleni \u010daj (12 mg\/kg).<\/p>\n<h3 data-start=\"1923\" data-end=\"1947\">Analiti\u010dki sastav:<\/h3>\n<ul data-start=\"1948\" data-end=\"2113\">\n<li data-start=\"1948\" data-end=\"1965\">\n<p data-start=\"1950\" data-end=\"1965\">Proteini: 24%<\/p>\n<\/li>\n<li data-start=\"1966\" data-end=\"1980\">\n<p data-start=\"1968\" data-end=\"1980\">Masti: 17%<\/p>\n<\/li>\n<li data-start=\"1981\" data-end=\"1997\">\n<p data-start=\"1983\" data-end=\"1997\">Vlakna: 2,5%<\/p>\n<\/li>\n<li data-start=\"1998\" data-end=\"2011\">\n<p data-start=\"2000\" data-end=\"2011\">Pepeo: 7%<\/p>\n<\/li>\n<li data-start=\"2012\" data-end=\"2030\">\n<p data-start=\"2014\" data-end=\"2030\">Kalcijum: 1,0%<\/p>\n<\/li>\n<li data-start=\"2031\" data-end=\"2047\">\n<p data-start=\"2033\" data-end=\"2047\">Fosfor: 0,7%<\/p>\n<\/li>\n<li data-start=\"2048\" data-end=\"2080\">\n<p data-start=\"2050\" data-end=\"2080\">Omega-3 masne kiseline: 1,3%<\/p>\n<\/li>\n<li data-start=\"2081\" data-end=\"2113\">\n<p data-start=\"2083\" data-end=\"2113\">Omega-6 masne kiseline: 1,5%<\/p>\n<\/li>\n<\/ul>\n","protected":false},"excerpt":{"rendered":"<p><strong data-start=\"127\" data-end=\"173\">Opti Life Skin Care Mini \u2013 losos i pirina\u010d<\/strong> je <strong data-start=\"177\" data-end=\"220\">hipoalergena hrana za male pse (&lt;10 kg)<\/strong> sa osetljivom ko\u017eom i dlakom. Sa 77% proteina \u017eivotinjskog porekla, prirodnim antioksidansima, omega masnim kiselinama i prebioticima, podr\u017eava zdravlje ko\u017ee, dlake, creva i zuba.<\/p>\n","protected":false},"featured_media":4597,"comment_status":"open","ping_status":"closed","template":"","meta":[],"product_brand":[],"product_cat":[263,264,265,267,268],"product_tag":[],"class_list":{"0":"post-4594","1":"product","2":"type-product","3":"status-publish","4":"has-post-thumbnail","6":"product_cat-psi","7":"product_cat-hrana-za-pse","8":"product_cat-suva-hrana","9":"product_cat-odrasli-psi","10":"product_cat-hipoalergenska-dijetalna-hrana","13":"instock","14":"shipping-taxable","15":"purchasable","16":"product-type-simple"},"_links":{"self":[{"href":"https:\/\/petshopmagelan.rs\/index.php\/wp-json\/wp\/v2\/product\/4594","targetHints":{"allow":["GET"]}}],"collection":[{"href":"https:\/\/petshopmagelan.rs\/index.php\/wp-json\/wp\/v2\/product"}],"about":[{"href":"https:\/\/petshopmagelan.rs\/index.php\/wp-json\/wp\/v2\/types\/product"}],"replies":[{"embeddable":true,"href":"https:\/\/petshopmagelan.rs\/index.php\/wp-json\/wp\/v2\/comments?post=4594"}],"wp:featuredmedia":[{"embeddable":true,"href":"https:\/\/petshopmagelan.rs\/index.php\/wp-json\/wp\/v2\/media\/4597"}],"wp:attachment":[{"href":"https:\/\/petshopmagelan.rs\/index.php\/wp-json\/wp\/v2\/media?parent=4594"}],"wp:term":[{"taxonomy":"product_brand","embeddable":true,"href":"https:\/\/petshopmagelan.rs\/index.php\/wp-json\/wp\/v2\/product_brand?post=4594"},{"taxonomy":"product_cat","embeddable":true,"href":"https:\/\/petshopmagelan.rs\/index.php\/wp-json\/wp\/v2\/product_cat?post=4594"},{"taxonomy":"product_tag","embeddable":true,"href":"https:\/\/petshopmagelan.rs\/index.php\/wp-json\/wp\/v2\/product_tag?post=4594"}],"curies":[{"name":"wp","href":"https:\/\/api.w.org\/{rel}","templated":true}]}}