{"id":4589,"date":"2026-02-09T12:12:59","date_gmt":"2026-02-09T12:12:59","guid":{"rendered":"https:\/\/petshopmagelan.rs\/?post_type=product&#038;p=4589"},"modified":"2026-02-09T12:13:00","modified_gmt":"2026-02-09T12:13:00","slug":"versele-laga-opti-life-suva-hrana-za-odrasle-macke-piletina-7-5kg","status":"publish","type":"product","link":"https:\/\/petshopmagelan.rs\/index.php\/product\/versele-laga-opti-life-suva-hrana-za-odrasle-macke-piletina-7-5kg\/","title":{"rendered":"VERSELE LAGA Opti Life &#8211; Suva hrana za odrasle ma\u010dke, Piletina 7.5kg"},"content":{"rendered":"<p data-start=\"455\" data-end=\"667\"><strong data-start=\"455\" data-end=\"485\">Opti Life Adult \u2013 piletina<\/strong> je visokokvalitetna, balansirana i bez \u017eitarica (grain-free) suva hrana namenjena <strong data-start=\"564\" data-end=\"584\">odraslim ma\u010dkama<\/strong>, razvijena kako bi obezbedila optimalnu kondiciju, vitalnost i dugoro\u010dno zdravlje.<\/p>\n<p data-start=\"669\" data-end=\"915\">Receptura je bazirana na piletini kao glavnom izvoru proteina, sa <strong data-start=\"735\" data-end=\"772\">niskim sadr\u017eajem ugljenih hidrata<\/strong>, dok \u010dak <strong data-start=\"782\" data-end=\"836\">90% ukupnih proteina poti\u010de iz \u017eivotinjskih izvora<\/strong>, \u0161to doprinosi o\u010duvanju mi\u0161i\u0107ne mase i prirodnim nutritivnim potrebama ma\u010daka.<\/p>\n<p data-start=\"917\" data-end=\"1104\">Hrana sadr\u017ei <strong data-start=\"930\" data-end=\"958\">40% proteina i 20% masti<\/strong>, \u0161to je \u010dini idealnim izborom za aktivne i zdrave odrasle ma\u010dke. Dodatak <strong data-start=\"1032\" data-end=\"1056\">taurina (2000 mg\/kg)<\/strong> obezbe\u0111uje sna\u017enu podr\u0161ku zdravlju srca i vida.<\/p>\n<p data-start=\"1106\" data-end=\"1423\">Zahvaljuju\u0107i pa\u017eljivo odabranim sastojcima, prirodnim antioksidansima (ruzmarin, zeleni \u010daj) i dodatku vitamina C i E, ova formula pru\u017ea <strong data-start=\"1243\" data-end=\"1260\">Opti Immunity<\/strong> efekat i ja\u010da imuni sistem. Prisustvo prebiotika <strong data-start=\"1310\" data-end=\"1323\">FOS i MOS<\/strong>, kao i dijetetskih vlakana, doprinosi zdravoj crevnoj flori i optimalnom varenju (<strong data-start=\"1406\" data-end=\"1421\">Opti Digest<\/strong>).<\/p>\n<h3 data-start=\"1425\" data-end=\"1447\">Klju\u010dne prednosti:<\/h3>\n<ul data-start=\"1448\" data-end=\"1740\">\n<li data-start=\"1448\" data-end=\"1483\">\n<p data-start=\"1450\" data-end=\"1483\">Grain-free formula bez \u017eitarica<\/p>\n<\/li>\n<li data-start=\"1484\" data-end=\"1522\">\n<p data-start=\"1486\" data-end=\"1522\">Sa piletinom kao glavnim sastojkom<\/p>\n<\/li>\n<li data-start=\"1523\" data-end=\"1576\">\n<p data-start=\"1525\" data-end=\"1576\">40% proteina \/ 20% masti \u2013 za optimalnu kondiciju<\/p>\n<\/li>\n<li data-start=\"1577\" data-end=\"1614\">\n<p data-start=\"1579\" data-end=\"1614\">90% proteina \u017eivotinjskog porekla<\/p>\n<\/li>\n<li data-start=\"1615\" data-end=\"1657\">\n<p data-start=\"1617\" data-end=\"1657\">Opti Immunity \u2013 podr\u0161ka imunom sistemu<\/p>\n<\/li>\n<li data-start=\"1658\" data-end=\"1705\">\n<p data-start=\"1660\" data-end=\"1705\">Opti Digest \u2013 zdrava probava i crevna flora<\/p>\n<\/li>\n<li data-start=\"1706\" data-end=\"1740\">\n<p data-start=\"1708\" data-end=\"1740\">Extra taurine za zdravlje srca<\/p>\n<\/li>\n<\/ul>\n<h3 data-start=\"1742\" data-end=\"1753\">Sastav:<\/h3>\n<p data-start=\"1754\" data-end=\"2088\">Piletina (dehidrirana 50%), krompir, \u017eivotinjska mast, gra\u0161ak, biljna vlakna (celuloza 2,5%, repini rezanci 1%), hidrolizovani \u017eivotinjski proteini, losos, lososovo ulje, pivski kvasac, su\u0161ena cela jaja, minerali, FOS (0,3%), MOS (0,1%), morske alge (Ascophyllum nodosum), juka (250 mg\/kg), ruzmarin (15 mg\/kg), zeleni \u010daj (10 mg\/kg).<\/p>\n<h3 data-start=\"2090\" data-end=\"2112\">Analiti\u010dki sastav:<\/h3>\n<ul data-start=\"2113\" data-end=\"2276\">\n<li data-start=\"2113\" data-end=\"2167\">\n<p data-start=\"2115\" data-end=\"2167\">Proteini: 40,0% (od toga 90% \u017eivotinjskog porekla)<\/p>\n<\/li>\n<li data-start=\"2168\" data-end=\"2184\">\n<p data-start=\"2170\" data-end=\"2184\">Masti: 20,0%<\/p>\n<\/li>\n<li data-start=\"2185\" data-end=\"2200\">\n<p data-start=\"2187\" data-end=\"2200\">Pepeo: 9,0%<\/p>\n<\/li>\n<li data-start=\"2201\" data-end=\"2217\">\n<p data-start=\"2203\" data-end=\"2217\">Vlakna: 3,0%<\/p>\n<\/li>\n<li data-start=\"2218\" data-end=\"2236\">\n<p data-start=\"2220\" data-end=\"2236\">Kalcijum: 1,4%<\/p>\n<\/li>\n<li data-start=\"2237\" data-end=\"2253\">\n<p data-start=\"2239\" data-end=\"2253\">Fosfor: 1,1%<\/p>\n<\/li>\n<li data-start=\"2254\" data-end=\"2276\">\n<p data-start=\"2256\" data-end=\"2276\">Taurin: 2000 mg\/kg<\/p>\n<\/li>\n<\/ul>\n","protected":false},"excerpt":{"rendered":"<p><strong data-start=\"165\" data-end=\"197\">Opti Life Adult sa piletinom<\/strong> je premium, grain-free hrana za odrasle ma\u010dke, sa niskim udelom ugljenih hidrata i visokim sadr\u017eajem proteina \u017eivotinjskog porekla. Sa 40% proteina, dodatnim taurinom i prebioticima, podr\u017eava imunitet, varenje i zdravlje srca.<\/p>\n","protected":false},"featured_media":4593,"comment_status":"open","ping_status":"closed","template":"","meta":[],"product_brand":[],"product_cat":[299,300,307,310],"product_tag":[],"class_list":{"0":"post-4589","1":"product","2":"type-product","3":"status-publish","4":"has-post-thumbnail","6":"product_cat-macke","7":"product_cat-hrana-za-macke","8":"product_cat-suva-hrana-hrana-za-macke","9":"product_cat-odrasle-macke","12":"instock","13":"shipping-taxable","14":"purchasable","15":"product-type-simple"},"_links":{"self":[{"href":"https:\/\/petshopmagelan.rs\/index.php\/wp-json\/wp\/v2\/product\/4589","targetHints":{"allow":["GET"]}}],"collection":[{"href":"https:\/\/petshopmagelan.rs\/index.php\/wp-json\/wp\/v2\/product"}],"about":[{"href":"https:\/\/petshopmagelan.rs\/index.php\/wp-json\/wp\/v2\/types\/product"}],"replies":[{"embeddable":true,"href":"https:\/\/petshopmagelan.rs\/index.php\/wp-json\/wp\/v2\/comments?post=4589"}],"wp:featuredmedia":[{"embeddable":true,"href":"https:\/\/petshopmagelan.rs\/index.php\/wp-json\/wp\/v2\/media\/4593"}],"wp:attachment":[{"href":"https:\/\/petshopmagelan.rs\/index.php\/wp-json\/wp\/v2\/media?parent=4589"}],"wp:term":[{"taxonomy":"product_brand","embeddable":true,"href":"https:\/\/petshopmagelan.rs\/index.php\/wp-json\/wp\/v2\/product_brand?post=4589"},{"taxonomy":"product_cat","embeddable":true,"href":"https:\/\/petshopmagelan.rs\/index.php\/wp-json\/wp\/v2\/product_cat?post=4589"},{"taxonomy":"product_tag","embeddable":true,"href":"https:\/\/petshopmagelan.rs\/index.php\/wp-json\/wp\/v2\/product_tag?post=4589"}],"curies":[{"name":"wp","href":"https:\/\/api.w.org\/{rel}","templated":true}]}}