{"id":4560,"date":"2026-01-28T16:52:59","date_gmt":"2026-01-28T16:52:59","guid":{"rendered":"https:\/\/petshopmagelan.rs\/?post_type=product&#038;p=4560"},"modified":"2026-01-28T16:52:59","modified_gmt":"2026-01-28T16:52:59","slug":"sheba-vlazna-hrana-za-macke","status":"publish","type":"product","link":"https:\/\/petshopmagelan.rs\/index.php\/product\/sheba-vlazna-hrana-za-macke\/","title":{"rendered":"SHEBA &#8211; Vla\u017ena hrana za ma\u010dke"},"content":{"rendered":"<p data-path-to-node=\"9\"><b data-path-to-node=\"9\" data-index-in-node=\"0\">Sheba Selection<\/b> je mnogo vi\u0161e od obi\u010dnog obroka. To je pa\u017eljivo kreirana kulinarska poslastica namenjena ma\u010dkama koje u\u017eivaju u bogatim teksturama i so\u010dnim sosovima. Zahvaljuju\u0107i malim kesicama, hrana ne stoji dugo u \u010diniji, \u010dime se zadr\u017eava pun intenzitet mirisa i ukusa koji ma\u010dke instinktivno tra\u017ee.<\/p>\n<h3 data-path-to-node=\"10\"><b data-path-to-node=\"10\" data-index-in-node=\"0\">Sastav i nutritivne vrednosti:<\/b><\/h3>\n<p data-path-to-node=\"11\">Svaka kesica je formulisana tako da zadovolji energetske potrebe odrasle ma\u010dke, uz dodatak esencijalnih minerala za zdrav \u017eivot.<\/p>\n<ul data-path-to-node=\"12\">\n<li>\n<p data-path-to-node=\"12,0,0\"><b data-path-to-node=\"12,0,0\" data-index-in-node=\"0\">Sa<span class=\"citation-468 citation-469 citation-470\"> piletinom:<\/span><\/b><span class=\"citation-468 citation-469 citation-470 citation-end-470\"> Meso i proizvodi \u017eivotinjskog porekla (44%, uklju\u010duju\u0107i 4% piletine), \u017eitarice, minerali, \u0161e\u0107eri.<\/span><\/p>\n<\/li>\n<li>\n<p data-path-to-node=\"12,1,0\"><b data-path-to-node=\"12,1,0\" data-index-in-node=\"0\"><span class=\"citation-465 citation-466 citation-467\">Sa govedinom:<\/span><\/b><span class=\"citation-465 citation-466 citation-467 citation-end-467\"> Meso i proizvodi \u017eivotinjskog porekla (44%, uklju\u010duju\u0107i 4% govedine), \u017eitarice, minerali, \u0161e\u0107eri.<\/span><\/p>\n<\/li>\n<li>\n<p data-path-to-node=\"12,2,0\"><b data-path-to-node=\"12,2,0\" data-index-in-node=\"0\"><span class=\"citation-462 citation-463 citation-464\">Sa pa\u010detinom:<\/span><\/b><span class=\"citation-462 citation-463 citation-464 citation-end-464\"> Meso i proizvodi \u017eiv<\/span><span class=\"citation-462 citation-463 citation-end-463\">otinjskog porekla (44%, uklju\u010duju\u0107i 4% pa\u010detine), \u017eitarice, minerali, \u0161e\u0107eri.<\/span><\/p>\n<\/li>\n<\/ul>\n<p data-path-to-node=\"13\"><b data-path-to-node=\"13\" data-index-in-node=\"0\"><span class=\"citation-460 citation-461 citation-end-461\">Analiti<\/span><span class=\"citation-460 citation-end-460\">\u010dki sastav:<\/span><\/b><\/p>\n<ul data-path-to-node=\"14\">\n<li>\n<p data-path-to-node=\"14,0,0\"><span class=\"citation-459\">Proteini: <\/span><b data-path-to-node=\"14,0,0\" data-index-in-node=\"10\"><span class=\"citation-459 citation-end-459\">8%<\/span><\/b><\/p>\n<\/li>\n<li>\n<p data-path-to-node=\"14,1,0\"><span class=\"citation-458 citation-end-458\">Sadr\u017eaj masti: <\/span><b data-path-to-node=\"14,1,0\" data-index-in-node=\"15\">5%<\/b><\/p>\n<\/li>\n<li>\n<p data-path-to-node=\"14,2,0\">Voda: <b data-path-to-node=\"14,2,0\" data-index-in-node=\"6\">83%<\/b><\/p>\n<\/li>\n<li>\n<p data-path-to-node=\"14,3,0\">Neorganska materija: <b data-path-to-node=\"14,3,0\" data-index-in-node=\"21\">1,9%<\/b><\/p>\n<\/li>\n<li>\n<p data-path-to-node=\"14,4,0\">Sirova vlakna: <b data-path-to-node=\"14,4,0\" data-index-in-node=\"15\">0,3%<\/b><\/p>\n<\/li>\n<\/ul>\n<h3 data-path-to-node=\"15\"><b data-path-to-node=\"15\" data-index-in-node=\"0\">Uputstvo za hranjenje:<\/b><\/h3>\n<p data-path-to-node=\"16\">Za optimalno zdravlje va\u0161e ma\u010dke (te\u017eine oko 4 kg), preporu\u010duje se kombinovana ishrana:<\/p>\n<ul data-path-to-node=\"17\">\n<li>\n<p data-path-to-node=\"17,0,0\"><b data-path-to-node=\"17,0,0\" data-index-in-node=\"0\">3 Sheba kesice + 20 g suve hrane dnevno.<\/b><\/p>\n<\/li>\n<li>\n<p data-path-to-node=\"17,1,0\">Ukoliko hranite isklju\u010divo vla\u017enom hranom, ma\u010dki od 4 kg je potrebno oko <b data-path-to-node=\"17,1,0\" data-index-in-node=\"73\">5 kesica<\/b> dnevno.<\/p>\n<\/li>\n<\/ul>\n<p data-path-to-node=\"18\">Hranu poslu\u017eite na sobnoj temperaturi uz obavezno dostupnu sve\u017eu pija\u0107u vodu.<\/p>\n","protected":false},"excerpt":{"rendered":"<ul>\n<li>\n<p data-path-to-node=\"6,0,0\"><b data-path-to-node=\"6,0,0\" data-index-in-node=\"0\">Mekani komadi\u0107i u sosu:<\/b> Ne\u017eni mesni listi\u0107i u ukusnom sosu koji svaki obrok pretvara u posebnu gozbu.<\/p>\n<\/li>\n<li>\n<p data-path-to-node=\"6,1,0\"><b data-path-to-node=\"6,1,0\" data-index-in-node=\"0\">Mini kesice za maksimalnu sve\u017einu:<\/b> Idealno odmerena porcija koja osigurava da va\u0161a ma\u010dka uvek jede sve\u017e i aromati\u010dan obrok.<\/p>\n<\/li>\n<li>\n<p data-path-to-node=\"6,2,0\"><b data-path-to-node=\"6,2,0\" data-index-in-node=\"0\">Visok udeo mesa:<\/b> Receptura sa 44% mesa i proizvoda \u017eivotinjskog porekla garantuje vrhunski ukus.<\/p>\n<\/li>\n<li>\n<p data-path-to-node=\"6,3,0\"><b data-path-to-node=\"6,3,0\" data-index-in-node=\"0\">\u010cista receptura:<\/b> Bez ve\u0161ta\u010dkih boja i konzervansa \u2013 samo balansirana i kompletna ishrana.<\/p>\n<\/li>\n<li>\n<p data-path-to-node=\"6,4,0\"><b data-path-to-node=\"6,4,0\" data-index-in-node=\"0\">Tri popularna ukusa:<\/b> Raznolikost koja spre\u010dava dosadu u ishrani (piletina, govedina i pa\u010detina).<\/p>\n<\/li>\n<\/ul>\n","protected":false},"featured_media":4561,"comment_status":"open","ping_status":"closed","template":"","meta":[],"product_brand":[],"product_cat":[299,300,308,314],"product_tag":[],"class_list":{"0":"post-4560","1":"product","2":"type-product","3":"status-publish","4":"has-post-thumbnail","6":"product_cat-macke","7":"product_cat-hrana-za-macke","8":"product_cat-vlazna-i-konzervirana-hrana-hrana-za-macke","9":"product_cat-odrasle-macke-vlazna-i-konzervirana-hrana-hrana-za-macke","12":"instock","13":"shipping-taxable","14":"purchasable","15":"product-type-simple"},"_links":{"self":[{"href":"https:\/\/petshopmagelan.rs\/index.php\/wp-json\/wp\/v2\/product\/4560","targetHints":{"allow":["GET"]}}],"collection":[{"href":"https:\/\/petshopmagelan.rs\/index.php\/wp-json\/wp\/v2\/product"}],"about":[{"href":"https:\/\/petshopmagelan.rs\/index.php\/wp-json\/wp\/v2\/types\/product"}],"replies":[{"embeddable":true,"href":"https:\/\/petshopmagelan.rs\/index.php\/wp-json\/wp\/v2\/comments?post=4560"}],"wp:featuredmedia":[{"embeddable":true,"href":"https:\/\/petshopmagelan.rs\/index.php\/wp-json\/wp\/v2\/media\/4561"}],"wp:attachment":[{"href":"https:\/\/petshopmagelan.rs\/index.php\/wp-json\/wp\/v2\/media?parent=4560"}],"wp:term":[{"taxonomy":"product_brand","embeddable":true,"href":"https:\/\/petshopmagelan.rs\/index.php\/wp-json\/wp\/v2\/product_brand?post=4560"},{"taxonomy":"product_cat","embeddable":true,"href":"https:\/\/petshopmagelan.rs\/index.php\/wp-json\/wp\/v2\/product_cat?post=4560"},{"taxonomy":"product_tag","embeddable":true,"href":"https:\/\/petshopmagelan.rs\/index.php\/wp-json\/wp\/v2\/product_tag?post=4560"}],"curies":[{"name":"wp","href":"https:\/\/api.w.org\/{rel}","templated":true}]}}