{"id":4510,"date":"2026-02-01T19:03:46","date_gmt":"2026-02-01T19:03:46","guid":{"rendered":"https:\/\/petshopmagelan.rs\/?post_type=product&#038;p=4510"},"modified":"2026-02-01T19:03:46","modified_gmt":"2026-02-01T19:03:46","slug":"aquael-rezervni-filter-ulozak-asap-300-2kom","status":"publish","type":"product","link":"https:\/\/petshopmagelan.rs\/index.php\/product\/aquael-rezervni-filter-ulozak-asap-300-2kom\/","title":{"rendered":"AQUAEL &#8211; Rezervni filter ulo\u017eak, ASAP 300, 2kom"},"content":{"rendered":"<p data-start=\"376\" data-end=\"802\"><strong data-start=\"376\" data-end=\"402\">AQUAEL SPONGE ASAP 300<\/strong> su <strong data-start=\"406\" data-end=\"443\">rezervni filter ulo\u0161ci<\/strong> u kartonskim ulo\u0161cima, izra\u0111eni bez fenola. Ove patrone omogu\u0107avaju <strong data-start=\"552\" data-end=\"585\">efikasnu mehani\u010dku filtraciju<\/strong> vode tako \u0161to zadr\u017eavaju ne\u010disto\u0107e i suspendovane \u010destice vidljive golim okom. Istovremeno, pru\u017eaju <strong data-start=\"686\" data-end=\"731\">podlogu za rast nitrifikacionih bakterija<\/strong>, \u0161to doprinosi <strong data-start=\"747\" data-end=\"771\">biolo\u0161koj filtraciji<\/strong> i zdravom okru\u017eenju za ribe.<\/p>\n<p data-start=\"804\" data-end=\"976\">Za optimalnu funkcionalnost, patrone bi trebalo <strong data-start=\"852\" data-end=\"875\">redovno zamenjivati<\/strong>, a odr\u017eavanje se preporu\u010duje vr\u0161iti u \u201estaroj\u201c vodi koja je ispra\u017enjena tokom redovne zamene vode.<\/p>\n<h3 data-start=\"983\" data-end=\"1007\">Prednosti proizvoda<\/h3>\n<ul data-start=\"1008\" data-end=\"1354\">\n<li data-start=\"1008\" data-end=\"1068\">\n<p data-start=\"1010\" data-end=\"1068\"><strong data-start=\"1010\" data-end=\"1036\">Rezervni filter ulo\u0161ci<\/strong> za lako odr\u017eavanje akvarijuma<\/p>\n<\/li>\n<li data-start=\"1069\" data-end=\"1106\">\n<p data-start=\"1071\" data-end=\"1106\">Efikasna <strong data-start=\"1080\" data-end=\"1104\">mehani\u010dka filtracija<\/strong><\/p>\n<\/li>\n<li data-start=\"1107\" data-end=\"1165\">\n<p data-start=\"1109\" data-end=\"1165\">Podloga za rast korisnih <strong data-start=\"1134\" data-end=\"1163\">nitrifikacionih bakterija<\/strong><\/p>\n<\/li>\n<li data-start=\"1166\" data-end=\"1232\">\n<p data-start=\"1168\" data-end=\"1232\">Prikladno za sve akvarijumske filtere kompatibilne sa ulo\u0161cima<\/p>\n<\/li>\n<li data-start=\"1233\" data-end=\"1286\">\n<p data-start=\"1235\" data-end=\"1286\">Kartonski ulo\u0161ci olak\u0161avaju postavljanje i zamenu<\/p>\n<\/li>\n<li data-start=\"1287\" data-end=\"1354\">\n<p data-start=\"1289\" data-end=\"1354\">Napravljen od <strong data-start=\"1303\" data-end=\"1331\">fenol-free sun\u0111era<\/strong> za bezbednu upotrebu<\/p>\n<\/li>\n<\/ul>\n","protected":false},"excerpt":{"rendered":"<p data-start=\"105\" data-end=\"344\"><strong data-start=\"105\" data-end=\"131\">AQUAEL FILTRATION SPONGE ASAP 300<\/strong> su <strong data-start=\"135\" data-end=\"172\">rezervni filter ulo\u0161ci<\/strong> u kartonskim ulo\u0161cima, dizajnirani za efikasnu mehani\u010dku i biolo\u0161ku filtraciju u akvarijumu. Hvataju vidljive ne\u010disto\u0107e i pru\u017eaju idealno okru\u017eenje za korisne bakterije.<\/p>\n","protected":false},"featured_media":4516,"comment_status":"open","ping_status":"closed","template":"","meta":[],"product_brand":[],"product_cat":[332,346,349],"product_tag":[],"class_list":{"0":"post-4510","1":"product","2":"type-product","3":"status-publish","4":"has-post-thumbnail","6":"product_cat-akvaristika","7":"product_cat-akvarijumi-i-oprema","8":"product_cat-filteri-i-pumpe","11":"instock","12":"shipping-taxable","13":"purchasable","14":"product-type-simple"},"_links":{"self":[{"href":"https:\/\/petshopmagelan.rs\/index.php\/wp-json\/wp\/v2\/product\/4510","targetHints":{"allow":["GET"]}}],"collection":[{"href":"https:\/\/petshopmagelan.rs\/index.php\/wp-json\/wp\/v2\/product"}],"about":[{"href":"https:\/\/petshopmagelan.rs\/index.php\/wp-json\/wp\/v2\/types\/product"}],"replies":[{"embeddable":true,"href":"https:\/\/petshopmagelan.rs\/index.php\/wp-json\/wp\/v2\/comments?post=4510"}],"wp:featuredmedia":[{"embeddable":true,"href":"https:\/\/petshopmagelan.rs\/index.php\/wp-json\/wp\/v2\/media\/4516"}],"wp:attachment":[{"href":"https:\/\/petshopmagelan.rs\/index.php\/wp-json\/wp\/v2\/media?parent=4510"}],"wp:term":[{"taxonomy":"product_brand","embeddable":true,"href":"https:\/\/petshopmagelan.rs\/index.php\/wp-json\/wp\/v2\/product_brand?post=4510"},{"taxonomy":"product_cat","embeddable":true,"href":"https:\/\/petshopmagelan.rs\/index.php\/wp-json\/wp\/v2\/product_cat?post=4510"},{"taxonomy":"product_tag","embeddable":true,"href":"https:\/\/petshopmagelan.rs\/index.php\/wp-json\/wp\/v2\/product_tag?post=4510"}],"curies":[{"name":"wp","href":"https:\/\/api.w.org\/{rel}","templated":true}]}}