{"id":4487,"date":"2026-01-04T11:37:59","date_gmt":"2026-01-04T11:37:59","guid":{"rendered":"https:\/\/petshopmagelan.rs\/?post_type=product&#038;p=4487"},"modified":"2026-01-28T13:21:05","modified_gmt":"2026-01-28T13:21:05","slug":"dafiko-poslastica-za-pse-sa-ukusom-jetre-150gr","status":"publish","type":"product","link":"https:\/\/petshopmagelan.rs\/index.php\/product\/dafiko-poslastica-za-pse-sa-ukusom-jetre-150gr\/","title":{"rendered":"DAFIKO &#8211; Poslastica za pse sa ukusom jetre, 150gr"},"content":{"rendered":"<p data-start=\"343\" data-end=\"594\"><strong data-start=\"343\" data-end=\"367\">Triangle Liver 150 g<\/strong> predstavlja <strong data-start=\"380\" data-end=\"405\">dopunsku hranu za pse<\/strong>, savr\u0161enu kao nagrada ili za kori\u0161\u0107enje tokom treninga. Njihov <strong data-start=\"469\" data-end=\"489\">trouglasti oblik<\/strong> i mekana, so\u010dna konzistencija \u010dine ih lako prihvatljivim za sve pse, posebno za srednje i velike rase.<\/p>\n<p data-start=\"596\" data-end=\"848\">Jetra je prirodni izvor <strong data-start=\"620\" data-end=\"630\">gvo\u017e\u0111a<\/strong>, koje doprinosi zdravlju krvi i op\u0161tem blagostanju va\u0161eg ljubimca. Ove poslastice su pa\u017eljivo proizvedene u <strong data-start=\"739\" data-end=\"759\">\u010ce\u0161koj Republici<\/strong> i sadr\u017ee balansiran spoj proteina \u017eivotinjskog porekla, \u017eitarica i dodatnog kalcijuma.<\/p>\n<p data-start=\"850\" data-end=\"999\">Triangle Liver je namenjen <strong data-start=\"877\" data-end=\"892\">kao nagrada<\/strong> i ne zamenjuje redovan obrok. Zahteva se <strong data-start=\"934\" data-end=\"959\">dostupnost sve\u017ee vode<\/strong>, a lako se doziraju prema te\u017eini psa.<\/p>\n<h3 data-start=\"1006\" data-end=\"1028\">Prednosti proizvoda<\/h3>\n<ul data-start=\"1029\" data-end=\"1266\">\n<li data-start=\"1029\" data-end=\"1066\">\n<p data-start=\"1031\" data-end=\"1066\">Ukusne poslastice sa aromom jetre<\/p>\n<\/li>\n<li data-start=\"1067\" data-end=\"1099\">\n<p data-start=\"1069\" data-end=\"1099\">Mekana i so\u010dna konzistencija<\/p>\n<\/li>\n<li data-start=\"1100\" data-end=\"1132\">\n<p data-start=\"1102\" data-end=\"1132\">Idealne za nagrade i trening<\/p>\n<\/li>\n<li data-start=\"1133\" data-end=\"1169\">\n<p data-start=\"1135\" data-end=\"1169\">Pogodne za srednje i velike rase<\/p>\n<\/li>\n<li data-start=\"1170\" data-end=\"1195\">\n<p data-start=\"1172\" data-end=\"1195\">Prirodni izvor gvo\u017e\u0111a<\/p>\n<\/li>\n<li data-start=\"1196\" data-end=\"1230\">\n<p data-start=\"1198\" data-end=\"1230\">Proizvedeno u \u010ce\u0161koj Republici<\/p>\n<\/li>\n<li data-start=\"1231\" data-end=\"1266\">\n<p data-start=\"1233\" data-end=\"1266\">Lako doziranje prema te\u017eini psa<\/p>\n<\/li>\n<\/ul>\n<h3 data-start=\"1273\" data-end=\"1292\">Sastav proizvoda<\/h3>\n<p data-start=\"1293\" data-end=\"1569\">Sadr\u017ei <strong data-start=\"1300\" data-end=\"1510\">\u017eitarice, meso i nusproizvode \u017eivotinjskog porekla (minimum 4 % jetre), \u0161e\u0107er, masti i ulja, surutku u prahu, nusproizvode povr\u0107a, hidrolizovani pile\u0107i protein i dodatke uklju\u010duju\u0107i boje i kalcijum karbonat<\/strong>, uz dozvoljene konzervanse i antioksidanse (EC aditivi).<\/p>\n<h3 data-start=\"1576\" data-end=\"1596\">Analiti\u010dki sastav<\/h3>\n<ul data-start=\"1597\" data-end=\"1734\">\n<li data-start=\"1597\" data-end=\"1627\">\n<p data-start=\"1599\" data-end=\"1627\">Sirovi protein: <strong data-start=\"1615\" data-end=\"1625\">12,5 %<\/strong><\/p>\n<\/li>\n<li data-start=\"1628\" data-end=\"1655\">\n<p data-start=\"1630\" data-end=\"1655\">Sirove masti: <strong data-start=\"1644\" data-end=\"1653\">6,0 %<\/strong><\/p>\n<\/li>\n<li data-start=\"1656\" data-end=\"1677\">\n<p data-start=\"1658\" data-end=\"1677\">Vlaga: <strong data-start=\"1665\" data-end=\"1675\">12,5 %<\/strong><\/p>\n<\/li>\n<li data-start=\"1678\" data-end=\"1705\">\n<p data-start=\"1680\" data-end=\"1705\">Sirovi pepeo: <strong data-start=\"1694\" data-end=\"1703\">5,8 %<\/strong><\/p>\n<\/li>\n<li data-start=\"1706\" data-end=\"1734\">\n<p data-start=\"1708\" data-end=\"1734\">Sirova vlakna: <strong data-start=\"1723\" data-end=\"1732\">0,7 %<\/strong><\/p>\n<\/li>\n<\/ul>\n<h3 data-start=\"1741\" data-end=\"1765\">Uputstvo za hranjenje<\/h3>\n<ul data-start=\"1766\" data-end=\"1889\">\n<li data-start=\"1766\" data-end=\"1805\">\n<p data-start=\"1768\" data-end=\"1805\">Psi do 15 kg: <strong data-start=\"1782\" data-end=\"1803\">2\u20135 komada dnevno<\/strong><\/p>\n<\/li>\n<li data-start=\"1806\" data-end=\"1845\">\n<p data-start=\"1808\" data-end=\"1845\">Psi 15\u201330 kg: <strong data-start=\"1822\" data-end=\"1843\">4\u20136 komada dnevno<\/strong><\/p>\n<\/li>\n<li data-start=\"1846\" data-end=\"1889\">\n<p data-start=\"1848\" data-end=\"1889\">Psi preko 30 kg: <strong data-start=\"1865\" data-end=\"1887\">6\u201312 komada dnevno<\/strong><\/p>\n<\/li>\n<\/ul>\n<p data-start=\"1891\" data-end=\"1982\">Poslastice davati kao nagradu pored redovne ishrane. Uvek obezbediti pristup sve\u017eoj vodi.<\/p>\n","protected":false},"excerpt":{"rendered":"<p><strong data-start=\"119\" data-end=\"137\">Triangle Liver<\/strong> su ukusne poslastice za pse u obliku trougla sa aromom jetre, idealne kao nagrada ili tokom treninga. Mekane i so\u010dne, pogodne za srednje i velike rase, proizvedene u \u010ce\u0161koj.<\/p>\n","protected":false},"featured_media":4486,"comment_status":"open","ping_status":"closed","template":"","meta":[],"product_brand":[],"product_cat":[263,273],"product_tag":[],"class_list":{"0":"post-4487","1":"product","2":"type-product","3":"status-publish","4":"has-post-thumbnail","6":"product_cat-psi","7":"product_cat-poslastice","10":"instock","11":"shipping-taxable","12":"purchasable","13":"product-type-simple"},"_links":{"self":[{"href":"https:\/\/petshopmagelan.rs\/index.php\/wp-json\/wp\/v2\/product\/4487","targetHints":{"allow":["GET"]}}],"collection":[{"href":"https:\/\/petshopmagelan.rs\/index.php\/wp-json\/wp\/v2\/product"}],"about":[{"href":"https:\/\/petshopmagelan.rs\/index.php\/wp-json\/wp\/v2\/types\/product"}],"replies":[{"embeddable":true,"href":"https:\/\/petshopmagelan.rs\/index.php\/wp-json\/wp\/v2\/comments?post=4487"}],"wp:featuredmedia":[{"embeddable":true,"href":"https:\/\/petshopmagelan.rs\/index.php\/wp-json\/wp\/v2\/media\/4486"}],"wp:attachment":[{"href":"https:\/\/petshopmagelan.rs\/index.php\/wp-json\/wp\/v2\/media?parent=4487"}],"wp:term":[{"taxonomy":"product_brand","embeddable":true,"href":"https:\/\/petshopmagelan.rs\/index.php\/wp-json\/wp\/v2\/product_brand?post=4487"},{"taxonomy":"product_cat","embeddable":true,"href":"https:\/\/petshopmagelan.rs\/index.php\/wp-json\/wp\/v2\/product_cat?post=4487"},{"taxonomy":"product_tag","embeddable":true,"href":"https:\/\/petshopmagelan.rs\/index.php\/wp-json\/wp\/v2\/product_tag?post=4487"}],"curies":[{"name":"wp","href":"https:\/\/api.w.org\/{rel}","templated":true}]}}