{"id":4446,"date":"2026-01-28T11:30:38","date_gmt":"2026-01-28T11:30:38","guid":{"rendered":"https:\/\/petshopmagelan.rs\/?post_type=product&#038;p=4446"},"modified":"2026-02-02T18:14:28","modified_gmt":"2026-02-02T18:14:28","slug":"national-trust-hranilica-za-ptice","status":"publish","type":"product","link":"https:\/\/petshopmagelan.rs\/index.php\/product\/national-trust-hranilica-za-ptice\/","title":{"rendered":"SINGING FRIEND Sam &#8211; Hranilica za ptice"},"content":{"rendered":"<p data-start=\"408\" data-end=\"787\"><strong data-start=\"408\" data-end=\"434\">Sam hranilica za ptice<\/strong> predstavlja savr\u0161enu kombinaciju odr\u017eivosti, funkcionalnosti i brige za prirodu. Napravljena je od <strong data-start=\"534\" data-end=\"566\">100% recikliranih materijala<\/strong>, ta\u010dnije od unutra\u0161njosti kori\u0161\u0107enih ambala\u017ea za napitke, \u010dime se zna\u010dajno smanjuje negativan uticaj na \u017eivotnu sredinu. Na ovaj na\u010din Sam \u010dini dobro i za planetu i za na\u0161e pernate prijatelje \u2013 prava <em data-start=\"767\" data-end=\"776\">win-win<\/em> situacija.<\/p>\n<p data-start=\"789\" data-end=\"1019\">Hranilica dolazi sa <strong data-start=\"809\" data-end=\"831\">kanapom za ka\u010denje<\/strong>, pa se lako mo\u017ee postaviti na drvo, balkon ili u dvori\u0161te. Pogodna je za <strong data-start=\"905\" data-end=\"931\">loj kugle, masne kugle<\/strong>, ali i kao dr\u017ea\u010d za <strong data-start=\"952\" data-end=\"978\">materijal za gne\u017e\u0111enje<\/strong>, \u0161to je \u010dini korisnom tokom cele godine.<\/p>\n<p data-start=\"1021\" data-end=\"1215\">Zahvaljuju\u0107i laganoj konstrukciji i prakti\u010dnim dimenzijama, Sam je bezbedan za ptice i jednostavan za kori\u0161\u0107enje, dok njegov moderan i prirodan dizajn lepo izgleda u svakom spolja\u0161njem prostoru.<\/p>\n<p data-start=\"1217\" data-end=\"1241\"><strong data-start=\"1217\" data-end=\"1241\">Prednosti proizvoda:<\/strong><\/p>\n<ul data-start=\"1242\" data-end=\"1487\">\n<li data-start=\"1242\" data-end=\"1295\">\n<p data-start=\"1244\" data-end=\"1295\">Ekolo\u0161ki proizvod od 100% recikliranih materijala<\/p>\n<\/li>\n<li data-start=\"1296\" data-end=\"1327\">\n<p data-start=\"1298\" data-end=\"1327\">Bezbedan za ptice i prirodu<\/p>\n<\/li>\n<li data-start=\"1328\" data-end=\"1390\">\n<p data-start=\"1330\" data-end=\"1390\">Pogodan za razli\u010dite vrste hrane i materijala za gne\u017e\u0111enje<\/p>\n<\/li>\n<li data-start=\"1391\" data-end=\"1445\">\n<p data-start=\"1393\" data-end=\"1445\">Jednostavno ka\u010denje zahvaljuju\u0107i prilo\u017eenom kanapu<\/p>\n<\/li>\n<li data-start=\"1446\" data-end=\"1487\">\n<p data-start=\"1448\" data-end=\"1487\">Idealan za dvori\u0161ta, terase i balkone<\/p>\n<\/li>\n<\/ul>\n<p data-start=\"1489\" data-end=\"1517\"><strong data-start=\"1489\" data-end=\"1517\">Tehni\u010dke karakteristike:<\/strong><\/p>\n<ul data-start=\"1518\" data-end=\"1632\">\n<li data-start=\"1518\" data-end=\"1546\">\n<p data-start=\"1520\" data-end=\"1546\">Dimenzije: 6 x 6 x 23 cm<\/p>\n<\/li>\n<li data-start=\"1547\" data-end=\"1563\">\n<p data-start=\"1549\" data-end=\"1563\">Te\u017eina: 70 g<\/p>\n<\/li>\n<li data-start=\"1564\" data-end=\"1601\">\n<p data-start=\"1566\" data-end=\"1601\">Materijal: reciklirani materijali<\/p>\n<\/li>\n<li data-start=\"1602\" data-end=\"1632\">\n<p data-start=\"1604\" data-end=\"1632\">Namena: hranilica za ptice<\/p>\n<\/li>\n<\/ul>\n","protected":false},"excerpt":{"rendered":"<p><strong data-start=\"135\" data-end=\"161\">Sam hranilica za ptice<\/strong> je ekolo\u0161ka hranilica napravljena od 100% recikliranih materijala, idealna za loj kugle, masne kugle i materijal za gne\u017e\u0111enje. Prakti\u010dna, lagana i bezbedna za ptice \u2013 savr\u0161en izbor za svakog ljubitelja prirode.<\/p>\n","protected":false},"featured_media":5581,"comment_status":"open","ping_status":"closed","template":"","meta":[],"product_brand":[],"product_cat":[331,337,342],"product_tag":[],"class_list":{"0":"post-4446","1":"product","2":"type-product","3":"status-publish","4":"has-post-thumbnail","6":"product_cat-ptice","7":"product_cat-kavezi-i-oprema","8":"product_cat-posude-za-hranu-i-vodu","11":"instock","12":"shipping-taxable","13":"purchasable","14":"product-type-simple"},"_links":{"self":[{"href":"https:\/\/petshopmagelan.rs\/index.php\/wp-json\/wp\/v2\/product\/4446","targetHints":{"allow":["GET"]}}],"collection":[{"href":"https:\/\/petshopmagelan.rs\/index.php\/wp-json\/wp\/v2\/product"}],"about":[{"href":"https:\/\/petshopmagelan.rs\/index.php\/wp-json\/wp\/v2\/types\/product"}],"replies":[{"embeddable":true,"href":"https:\/\/petshopmagelan.rs\/index.php\/wp-json\/wp\/v2\/comments?post=4446"}],"wp:featuredmedia":[{"embeddable":true,"href":"https:\/\/petshopmagelan.rs\/index.php\/wp-json\/wp\/v2\/media\/5581"}],"wp:attachment":[{"href":"https:\/\/petshopmagelan.rs\/index.php\/wp-json\/wp\/v2\/media?parent=4446"}],"wp:term":[{"taxonomy":"product_brand","embeddable":true,"href":"https:\/\/petshopmagelan.rs\/index.php\/wp-json\/wp\/v2\/product_brand?post=4446"},{"taxonomy":"product_cat","embeddable":true,"href":"https:\/\/petshopmagelan.rs\/index.php\/wp-json\/wp\/v2\/product_cat?post=4446"},{"taxonomy":"product_tag","embeddable":true,"href":"https:\/\/petshopmagelan.rs\/index.php\/wp-json\/wp\/v2\/product_tag?post=4446"}],"curies":[{"name":"wp","href":"https:\/\/api.w.org\/{rel}","templated":true}]}}