{"id":4401,"date":"2026-02-03T15:59:29","date_gmt":"2026-02-03T15:59:29","guid":{"rendered":"https:\/\/petshopmagelan.rs\/?post_type=product&#038;p=4401"},"modified":"2026-02-03T15:59:29","modified_gmt":"2026-02-03T15:59:29","slug":"tetra-weekend-stick-hrana-za-ribe","status":"publish","type":"product","link":"https:\/\/petshopmagelan.rs\/index.php\/product\/tetra-weekend-stick-hrana-za-ribe\/","title":{"rendered":"TETRA Weekend Stick &#8211; Hrana za ribe"},"content":{"rendered":"<p data-start=\"330\" data-end=\"644\"><strong data-start=\"330\" data-end=\"350\">TetraMin Weekend<\/strong> su <strong data-start=\"354\" data-end=\"403\">mini \u0161tapi\u0107i hrane za sve vrste ukrasnih riba<\/strong>, posebno dizajnirani da obezbede <strong data-start=\"437\" data-end=\"494\">optimalnu ishranu tokom vikenda ili odsustva vlasnika<\/strong>. Svaki \u0161tapi\u0107 sadr\u017ei visok udeo <strong data-start=\"527\" data-end=\"563\">esencijalnih minerala i proteina<\/strong>, kao i <strong data-start=\"571\" data-end=\"597\">vitalne masne kiseline<\/strong> potrebne za zdravlje, rast i vitalnost riba.<\/p>\n<p data-start=\"646\" data-end=\"927\">\u0160tapi\u0107i su <strong data-start=\"657\" data-end=\"724\">tvrdi i dugotrajni zahvaljuju\u0107i specijalnom proizvodnom procesu<\/strong>, bez vezivnih materija koje je te\u0161ko svariti, \u0161to omogu\u0107ava <strong data-start=\"785\" data-end=\"819\">pravilnu i preciznu dozu hrane<\/strong> za period do 6 dana. Hrana se ne kvari i ne formira plesan, a pritom ne uti\u010de negativno na kvalitet vode.<\/p>\n<p data-start=\"929\" data-end=\"1116\">Pakovanje sadr\u017ei <strong data-start=\"946\" data-end=\"965\">20 mini \u0161tapi\u0107a<\/strong>, a doza se jednostavno prilago\u0111ava prema <strong data-start=\"1007\" data-end=\"1037\">volumenu vode i broju riba<\/strong>, pru\u017eaju\u0107i va\u0161im ribicama <strong data-start=\"1064\" data-end=\"1113\">zdravu i uravnote\u017eenu ishranu dok ste odsutni<\/strong>.<\/p>\n<h3 data-start=\"1123\" data-end=\"1145\">Prednosti proizvoda<\/h3>\n<ul data-start=\"1146\" data-end=\"1481\">\n<li data-start=\"1146\" data-end=\"1191\">\n<p data-start=\"1148\" data-end=\"1191\">Mini \u0161tapi\u0107i hrane za vikend ili odsustvo<\/p>\n<\/li>\n<li data-start=\"1192\" data-end=\"1242\">\n<p data-start=\"1194\" data-end=\"1242\">Visok sadr\u017eaj proteina i esencijalnih minerala<\/p>\n<\/li>\n<li data-start=\"1243\" data-end=\"1291\">\n<p data-start=\"1245\" data-end=\"1291\">Optimizovan sadr\u017eaj vitalnih masnih kiselina<\/p>\n<\/li>\n<li data-start=\"1292\" data-end=\"1349\">\n<p data-start=\"1294\" data-end=\"1349\">Tvrdi \u0161tapi\u0107i, bez te\u0161ko svarljivih vezivnih materija<\/p>\n<\/li>\n<li data-start=\"1350\" data-end=\"1387\">\n<p data-start=\"1352\" data-end=\"1387\">Traju do 6 dana u vodi bez plesni<\/p>\n<\/li>\n<li data-start=\"1388\" data-end=\"1418\">\n<p data-start=\"1390\" data-end=\"1418\">Ne uti\u010du na parametre vode<\/p>\n<\/li>\n<li data-start=\"1419\" data-end=\"1481\">\n<p data-start=\"1421\" data-end=\"1481\">Lako i precizno doziranje prema broju riba i koli\u010dini vode<\/p>\n<\/li>\n<\/ul>\n<h3 data-start=\"1488\" data-end=\"1507\">Sastav i analiza<\/h3>\n<p data-start=\"1508\" data-end=\"1606\">Sadr\u017ei <strong data-start=\"1515\" data-end=\"1570\">visokokvalitetne proteine, masti, vlakna i minerale<\/strong> za potpunu ishranu ukrasnih riba:<\/p>\n<ul data-start=\"1607\" data-end=\"1712\">\n<li data-start=\"1607\" data-end=\"1631\">\n<p data-start=\"1609\" data-end=\"1631\">Sirovi protein: 35 %<\/p>\n<\/li>\n<li data-start=\"1632\" data-end=\"1653\">\n<p data-start=\"1634\" data-end=\"1653\">Sirove masti: 8 %<\/p>\n<\/li>\n<li data-start=\"1654\" data-end=\"1676\">\n<p data-start=\"1656\" data-end=\"1676\">Sirova vlakna: 4 %<\/p>\n<\/li>\n<li data-start=\"1677\" data-end=\"1698\">\n<p data-start=\"1679\" data-end=\"1698\">Sirov pepeo: 28 %<\/p>\n<\/li>\n<li data-start=\"1699\" data-end=\"1712\">\n<p data-start=\"1701\" data-end=\"1712\">Voda: 8 %<\/p>\n<\/li>\n<\/ul>\n","protected":false},"excerpt":{"rendered":"<p><strong data-start=\"148\" data-end=\"168\">TetraMin Weekend<\/strong> \u2013 mini blokovi<strong data-start=\"183\" data-end=\"200\">\u00a0hrane<\/strong> koji svim ukrasnim ribama obezbe\u0111uju potrebnu ishranu tokom vikenda ili praznika. Sadr\u017ee visok udeo <strong data-start=\"301\" data-end=\"326\">esencijalnih minerala<\/strong> i visok sadr\u017eaj <strong data-start=\"343\" data-end=\"355\">proteina<\/strong>, omogu\u0107avaju\u0107i zdrav rast i vitalnost riba sa lako merljivim doziranjem do 6 dana.<\/p>\n","protected":false},"featured_media":4406,"comment_status":"open","ping_status":"closed","template":"","meta":[],"product_brand":[],"product_cat":[332,345],"product_tag":[],"class_list":{"0":"post-4401","1":"product","2":"type-product","3":"status-publish","4":"has-post-thumbnail","6":"product_cat-akvaristika","7":"product_cat-hrana-za-ribice","10":"instock","11":"shipping-taxable","12":"purchasable","13":"product-type-simple"},"_links":{"self":[{"href":"https:\/\/petshopmagelan.rs\/index.php\/wp-json\/wp\/v2\/product\/4401","targetHints":{"allow":["GET"]}}],"collection":[{"href":"https:\/\/petshopmagelan.rs\/index.php\/wp-json\/wp\/v2\/product"}],"about":[{"href":"https:\/\/petshopmagelan.rs\/index.php\/wp-json\/wp\/v2\/types\/product"}],"replies":[{"embeddable":true,"href":"https:\/\/petshopmagelan.rs\/index.php\/wp-json\/wp\/v2\/comments?post=4401"}],"wp:featuredmedia":[{"embeddable":true,"href":"https:\/\/petshopmagelan.rs\/index.php\/wp-json\/wp\/v2\/media\/4406"}],"wp:attachment":[{"href":"https:\/\/petshopmagelan.rs\/index.php\/wp-json\/wp\/v2\/media?parent=4401"}],"wp:term":[{"taxonomy":"product_brand","embeddable":true,"href":"https:\/\/petshopmagelan.rs\/index.php\/wp-json\/wp\/v2\/product_brand?post=4401"},{"taxonomy":"product_cat","embeddable":true,"href":"https:\/\/petshopmagelan.rs\/index.php\/wp-json\/wp\/v2\/product_cat?post=4401"},{"taxonomy":"product_tag","embeddable":true,"href":"https:\/\/petshopmagelan.rs\/index.php\/wp-json\/wp\/v2\/product_tag?post=4401"}],"curies":[{"name":"wp","href":"https:\/\/api.w.org\/{rel}","templated":true}]}}