{"id":4366,"date":"2026-01-27T11:28:16","date_gmt":"2026-01-27T11:28:16","guid":{"rendered":"https:\/\/petshopmagelan.rs\/?post_type=product&#038;p=4366"},"modified":"2026-01-27T11:28:16","modified_gmt":"2026-01-27T11:28:16","slug":"tetra-aqua-safe-kondicioner-vode","status":"publish","type":"product","link":"https:\/\/petshopmagelan.rs\/index.php\/product\/tetra-aqua-safe-kondicioner-vode\/","title":{"rendered":"TETRA Aqua Safe &#8211; Kondicioner vode"},"content":{"rendered":"<p data-start=\"268\" data-end=\"667\"><strong data-start=\"268\" data-end=\"286\">Tetra AquaSafe<\/strong> je napredni kondicioner vode koji <strong data-start=\"321\" data-end=\"376\">trenutno uklanja \u0161tetne supstance iz \u010desmenske vode<\/strong>, uklju\u010duju\u0107i hlor, hloramin, bakar, cink i olovo, \u010dine\u0107i vodu sigurnom za ribe i akvarijumske biljke. Posebno optimizovana me\u0161avina <strong data-start=\"509\" data-end=\"523\">vitamina B<\/strong> smanjuje stres riba prilikom zamene vode, transporta ili postavljanja novog akvarijuma, dok <strong data-start=\"616\" data-end=\"635\">biljni ekstrakt<\/strong> \u0161titi \u0161krge i sluzoko\u017eu riba.<\/p>\n<p data-start=\"669\" data-end=\"991\">AquaSafe tako\u0111e pobolj\u0161ava <strong data-start=\"696\" data-end=\"713\">bistrinu vode<\/strong> i podr\u017eava rast korisnih bakterija u akvarijumu, \u010dime doprinosi dugoro\u010dno zdravom i stabilnom akvarijumskom ekosistemu. Pogodan je za <strong data-start=\"848\" data-end=\"895\">sve vrste slatkovodnih i morskih akvarijuma<\/strong> i mo\u017ee se koristiti pri postavljanju akvarijuma, redovnim promenama vode ili transportu riba.<\/p>\n<h3 data-start=\"998\" data-end=\"1020\">Prednosti proizvoda<\/h3>\n<ul data-start=\"1021\" data-end=\"1402\">\n<li data-start=\"1021\" data-end=\"1070\">\n<p data-start=\"1023\" data-end=\"1070\">\u010cini \u010desmensku vodu sigurnom za ribe i biljke<\/p>\n<\/li>\n<li data-start=\"1071\" data-end=\"1127\">\n<p data-start=\"1073\" data-end=\"1127\">Trenutno uklanja hlor, hloramin, bakar, cink i olovo<\/p>\n<\/li>\n<li data-start=\"1128\" data-end=\"1184\">\n<p data-start=\"1130\" data-end=\"1184\">Optimizovana me\u0161avina vitamina B smanjuje stres riba<\/p>\n<\/li>\n<li data-start=\"1185\" data-end=\"1228\">\n<p data-start=\"1187\" data-end=\"1228\">Biljni ekstrakt \u0161titi \u0161krge i sluzoko\u017eu<\/p>\n<\/li>\n<li data-start=\"1229\" data-end=\"1286\">\n<p data-start=\"1231\" data-end=\"1286\">Pobolj\u0161ava bistrinu vode i podr\u017eava korisne bakterije<\/p>\n<\/li>\n<li data-start=\"1287\" data-end=\"1333\">\n<p data-start=\"1289\" data-end=\"1333\">Pogodan za slatkovodne i morske akvarijume<\/p>\n<\/li>\n<li data-start=\"1334\" data-end=\"1402\">\n<p data-start=\"1336\" data-end=\"1402\">Idealno za postavljanje akvarijuma, zamene vode i transport riba<\/p>\n<\/li>\n<\/ul>\n<h3 data-start=\"1409\" data-end=\"1426\">Kako koristiti<\/h3>\n<ul data-start=\"1427\" data-end=\"1646\">\n<li data-start=\"1427\" data-end=\"1461\">\n<p data-start=\"1429\" data-end=\"1461\">Dobro prome\u0161ajte pre upotrebe.<\/p>\n<\/li>\n<li data-start=\"1462\" data-end=\"1542\">\n<p data-start=\"1464\" data-end=\"1542\">Dodajte <strong data-start=\"1472\" data-end=\"1518\">5 ml Tetra AquaSafe na 10 litara nove vode<\/strong> direktno u akvarijum.<\/p>\n<\/li>\n<li data-start=\"1543\" data-end=\"1646\">\n<p data-start=\"1545\" data-end=\"1646\">Pogodno za sve slatkovodne i morske akvarijume (isklju\u010diti protein skimmer kod morskih akvarijuma).<\/p>\n<\/li>\n<\/ul>\n","protected":false},"excerpt":{"rendered":"<p><strong data-start=\"127\" data-end=\"145\">Tetra AquaSafe<\/strong> \u0161titi ribe i biljke, \u010dini vodu iz \u010desme bezbednom i smanjuje stres riba tokom zamene vode.<\/p>\n","protected":false},"featured_media":4367,"comment_status":"open","ping_status":"closed","template":"","meta":[],"product_brand":[],"product_cat":[332,346,371],"product_tag":[],"class_list":{"0":"post-4366","1":"product","2":"type-product","3":"status-publish","4":"has-post-thumbnail","6":"product_cat-akvaristika","7":"product_cat-akvarijumi-i-oprema","8":"product_cat-kondicioneri-vode","11":"instock","12":"shipping-taxable","13":"purchasable","14":"product-type-variable"},"_links":{"self":[{"href":"https:\/\/petshopmagelan.rs\/index.php\/wp-json\/wp\/v2\/product\/4366","targetHints":{"allow":["GET"]}}],"collection":[{"href":"https:\/\/petshopmagelan.rs\/index.php\/wp-json\/wp\/v2\/product"}],"about":[{"href":"https:\/\/petshopmagelan.rs\/index.php\/wp-json\/wp\/v2\/types\/product"}],"replies":[{"embeddable":true,"href":"https:\/\/petshopmagelan.rs\/index.php\/wp-json\/wp\/v2\/comments?post=4366"}],"wp:featuredmedia":[{"embeddable":true,"href":"https:\/\/petshopmagelan.rs\/index.php\/wp-json\/wp\/v2\/media\/4367"}],"wp:attachment":[{"href":"https:\/\/petshopmagelan.rs\/index.php\/wp-json\/wp\/v2\/media?parent=4366"}],"wp:term":[{"taxonomy":"product_brand","embeddable":true,"href":"https:\/\/petshopmagelan.rs\/index.php\/wp-json\/wp\/v2\/product_brand?post=4366"},{"taxonomy":"product_cat","embeddable":true,"href":"https:\/\/petshopmagelan.rs\/index.php\/wp-json\/wp\/v2\/product_cat?post=4366"},{"taxonomy":"product_tag","embeddable":true,"href":"https:\/\/petshopmagelan.rs\/index.php\/wp-json\/wp\/v2\/product_tag?post=4366"}],"curies":[{"name":"wp","href":"https:\/\/api.w.org\/{rel}","templated":true}]}}