{"id":4360,"date":"2026-02-16T09:48:32","date_gmt":"2026-02-16T09:48:32","guid":{"rendered":"https:\/\/petshopmagelan.rs\/?post_type=product&#038;p=4360"},"modified":"2026-02-16T09:48:32","modified_gmt":"2026-02-16T09:48:32","slug":"tetra-cichlid-sticks-hrana-u-stapicima-za-ciklide-100ml","status":"publish","type":"product","link":"https:\/\/petshopmagelan.rs\/index.php\/product\/tetra-cichlid-sticks-hrana-u-stapicima-za-ciklide-100ml\/","title":{"rendered":"TETRA Cichlid Sticks &#8211; Hrana u \u0161tapi\u0107ima za ciklide, 100ml"},"content":{"rendered":"<p data-start=\"299\" data-end=\"540\"><strong data-start=\"299\" data-end=\"323\">Tetra Cichlid Sticks<\/strong> je kompletna hrana posebno razvijena za <strong data-start=\"364\" data-end=\"382\">velike ciklide<\/strong> koje se hrane na povr\u0161ini. \u0160tapi\u0107i ostaju neko vreme na povr\u0161ini pre nego \u0161to potonu, \u0161to omogu\u0107ava ribama da se prirodno hrane i spre\u010dava rasipanje hrane.<\/p>\n<p data-start=\"542\" data-end=\"928\">Formula hrane kombinuje pa\u017eljivo odabrane <strong data-start=\"584\" data-end=\"617\">\u017eivotinjske i biljne sastojke<\/strong>, koji zadovoljavaju visoke nutritivne zahteve ciklida. Redovno hranjenje ovom hranom doprinosi <strong data-start=\"713\" data-end=\"784\">dobrom zdravlju, optimalnom rastu i intenzivnoj prirodnoj boji riba<\/strong>. Tetra Cichlid Sticks su idealni za akvarijume sa velikim ciklidima i olak\u0161avaju pravilno ishranjivanje riba bez prekomernog rasipanja hrane.<\/p>\n<h3 data-start=\"935\" data-end=\"957\">Prednosti proizvoda<\/h3>\n<ul data-start=\"958\" data-end=\"1278\">\n<li data-start=\"958\" data-end=\"995\">\n<p data-start=\"960\" data-end=\"995\">Kompletna hrana za velike ciklide<\/p>\n<\/li>\n<li data-start=\"996\" data-end=\"1090\">\n<p data-start=\"998\" data-end=\"1090\">\u0160tapi\u0107i ostaju na povr\u0161ini pre nego \u0161to potonu \u2013 idealno za ribe koje se hrane na povr\u0161ini<\/p>\n<\/li>\n<li data-start=\"1091\" data-end=\"1143\">\n<p data-start=\"1093\" data-end=\"1143\">Visok sadr\u017eaj \u017eivotinjskih i biljnih nutrijenata<\/p>\n<\/li>\n<li data-start=\"1144\" data-end=\"1193\">\n<p data-start=\"1146\" data-end=\"1193\">Podr\u017eava dobro zdravlje i optimalan rast riba<\/p>\n<\/li>\n<li data-start=\"1194\" data-end=\"1228\">\n<p data-start=\"1196\" data-end=\"1228\">Poja\u010dava prirodnu boju ciklida<\/p>\n<\/li>\n<li data-start=\"1229\" data-end=\"1278\">\n<p data-start=\"1231\" data-end=\"1278\">Prakti\u010dna forma u \u0161tapi\u0107ima za lako doziranje<\/p>\n<\/li>\n<\/ul>\n<h3 data-start=\"1285\" data-end=\"1304\">Sastav proizvoda<\/h3>\n<p data-start=\"1305\" data-end=\"1509\">Sastav proizvoda uklju\u010duje pa\u017eljivo odabrane <strong data-start=\"1350\" data-end=\"1383\">\u017eivotinjske i biljne sastojke<\/strong>, u skladu sa nutritivnim potrebama velikih ciklida, koji obezbe\u0111uju zdrav rast, intenzivnu boju i optimalnu vitalnost riba.<\/p>\n","protected":false},"excerpt":{"rendered":"<p>Tetra Cichlid Sticks \u2013 kompletna hrana u \u0161tapi\u0107ima za velike ciklide, koja podr\u017eava rast, zdravlje i prirodnu boju riba.<\/p>\n","protected":false},"featured_media":4364,"comment_status":"open","ping_status":"closed","template":"","meta":[],"product_brand":[],"product_cat":[332,345],"product_tag":[],"class_list":{"0":"post-4360","1":"product","2":"type-product","3":"status-publish","4":"has-post-thumbnail","6":"product_cat-akvaristika","7":"product_cat-hrana-za-ribice","10":"instock","11":"shipping-taxable","12":"purchasable","13":"product-type-simple"},"_links":{"self":[{"href":"https:\/\/petshopmagelan.rs\/index.php\/wp-json\/wp\/v2\/product\/4360","targetHints":{"allow":["GET"]}}],"collection":[{"href":"https:\/\/petshopmagelan.rs\/index.php\/wp-json\/wp\/v2\/product"}],"about":[{"href":"https:\/\/petshopmagelan.rs\/index.php\/wp-json\/wp\/v2\/types\/product"}],"replies":[{"embeddable":true,"href":"https:\/\/petshopmagelan.rs\/index.php\/wp-json\/wp\/v2\/comments?post=4360"}],"wp:featuredmedia":[{"embeddable":true,"href":"https:\/\/petshopmagelan.rs\/index.php\/wp-json\/wp\/v2\/media\/4364"}],"wp:attachment":[{"href":"https:\/\/petshopmagelan.rs\/index.php\/wp-json\/wp\/v2\/media?parent=4360"}],"wp:term":[{"taxonomy":"product_brand","embeddable":true,"href":"https:\/\/petshopmagelan.rs\/index.php\/wp-json\/wp\/v2\/product_brand?post=4360"},{"taxonomy":"product_cat","embeddable":true,"href":"https:\/\/petshopmagelan.rs\/index.php\/wp-json\/wp\/v2\/product_cat?post=4360"},{"taxonomy":"product_tag","embeddable":true,"href":"https:\/\/petshopmagelan.rs\/index.php\/wp-json\/wp\/v2\/product_tag?post=4360"}],"curies":[{"name":"wp","href":"https:\/\/api.w.org\/{rel}","templated":true}]}}