{"id":4356,"date":"2026-01-28T12:10:15","date_gmt":"2026-01-28T12:10:15","guid":{"rendered":"https:\/\/petshopmagelan.rs\/?post_type=product&#038;p=4356"},"modified":"2026-01-28T12:10:15","modified_gmt":"2026-01-28T12:10:15","slug":"tetra-easy-balance-kondicioner-vode-100ml","status":"publish","type":"product","link":"https:\/\/petshopmagelan.rs\/index.php\/product\/tetra-easy-balance-kondicioner-vode-100ml\/","title":{"rendered":"TETRA Easy Balance &#8211; Kondicioner vode 100ml"},"content":{"rendered":"<p data-start=\"374\" data-end=\"712\"><strong data-start=\"374\" data-end=\"396\">Tetra Easy Balance<\/strong> je profesionalni kondicioner vode koji poma\u017ee u odr\u017eavanju <strong data-start=\"456\" data-end=\"498\">stabilne i zdrave sredine u akvarijumu<\/strong>, posebno u zrelim akvarijumima sa funkcionalnim filterom. Ova formula smanjuje potrebu za \u010destim promenama vode, odr\u017eavaju\u0107i akvarijum sve\u017eim <strong data-start=\"641\" data-end=\"656\">do 6 meseci<\/strong>, \u0161to stvara optimalne uslove za ribe i vodene biljke.<\/p>\n<p data-start=\"714\" data-end=\"1149\">Kombinacija aktivnih sastojaka <strong data-start=\"745\" data-end=\"782\">kontroli\u0161e nivo fosfata i nitrata<\/strong>, \u010dime se smanjuje rast algi, dok <strong data-start=\"816\" data-end=\"839\">stabilizuje pH i KH<\/strong> vrednosti za odr\u017eavanje ujedna\u010denog okru\u017eenja. Easy Balance dodatno <strong data-start=\"908\" data-end=\"974\">oboga\u0107uje vodu vitaminima, mineralima i elementima u tragovima<\/strong>, \u0161to doprinosi zdravlju riba i biljaka. Pogodan je za <strong data-start=\"1029\" data-end=\"1044\">mature tank<\/strong> akvarijume, gde filter funkcioni\u0161e optimalno, i pru\u017ea jednostavno odr\u017eavanje dugoro\u010dne ravnote\u017ee vode.<\/p>\n<h3 data-start=\"1156\" data-end=\"1178\">Prednosti proizvoda<\/h3>\n<ul data-start=\"1179\" data-end=\"1568\">\n<li data-start=\"1179\" data-end=\"1226\">\n<p data-start=\"1181\" data-end=\"1226\">Odr\u017eava sve\u017eu vodu u akvarijumu do 6 meseci<\/p>\n<\/li>\n<li data-start=\"1227\" data-end=\"1272\">\n<p data-start=\"1229\" data-end=\"1272\">Smanjuje potrebu za \u010destim promenama vode<\/p>\n<\/li>\n<li data-start=\"1273\" data-end=\"1338\">\n<p data-start=\"1275\" data-end=\"1338\">Efikasno kontroli\u0161e fosfate i nitrate za smanjenje rasta algi<\/p>\n<\/li>\n<li data-start=\"1339\" data-end=\"1372\">\n<p data-start=\"1341\" data-end=\"1372\">Stabilizuje pH i KH vrednosti<\/p>\n<\/li>\n<li data-start=\"1373\" data-end=\"1439\">\n<p data-start=\"1375\" data-end=\"1439\">Oboga\u0107uje vodu vitaminima, mineralima i elementima u tragovima<\/p>\n<\/li>\n<li data-start=\"1440\" data-end=\"1498\">\n<p data-start=\"1442\" data-end=\"1498\">Namenjen zrelim akvarijumima sa funkcionalnim filterom<\/p>\n<\/li>\n<li data-start=\"1499\" data-end=\"1568\">\n<p data-start=\"1501\" data-end=\"1568\">Jednostavan za upotrebu i dugoro\u010dno odr\u017eavanje zdravog akvarijuma<\/p>\n<\/li>\n<\/ul>\n","protected":false},"excerpt":{"rendered":"<p>Tetra Easy Balance je napredni kondicioner vode za akvarijume koji odr\u017eava zdravu i stabilnu sredinu, smanjuje rast algi i podr\u017eava optimalne uslove za ribe i biljke do 6 meseci.<\/p>\n","protected":false},"featured_media":4358,"comment_status":"open","ping_status":"closed","template":"","meta":[],"product_brand":[],"product_cat":[332,346,371],"product_tag":[],"class_list":{"0":"post-4356","1":"product","2":"type-product","3":"status-publish","4":"has-post-thumbnail","6":"product_cat-akvaristika","7":"product_cat-akvarijumi-i-oprema","8":"product_cat-kondicioneri-vode","11":"instock","12":"shipping-taxable","13":"purchasable","14":"product-type-simple"},"_links":{"self":[{"href":"https:\/\/petshopmagelan.rs\/index.php\/wp-json\/wp\/v2\/product\/4356","targetHints":{"allow":["GET"]}}],"collection":[{"href":"https:\/\/petshopmagelan.rs\/index.php\/wp-json\/wp\/v2\/product"}],"about":[{"href":"https:\/\/petshopmagelan.rs\/index.php\/wp-json\/wp\/v2\/types\/product"}],"replies":[{"embeddable":true,"href":"https:\/\/petshopmagelan.rs\/index.php\/wp-json\/wp\/v2\/comments?post=4356"}],"wp:featuredmedia":[{"embeddable":true,"href":"https:\/\/petshopmagelan.rs\/index.php\/wp-json\/wp\/v2\/media\/4358"}],"wp:attachment":[{"href":"https:\/\/petshopmagelan.rs\/index.php\/wp-json\/wp\/v2\/media?parent=4356"}],"wp:term":[{"taxonomy":"product_brand","embeddable":true,"href":"https:\/\/petshopmagelan.rs\/index.php\/wp-json\/wp\/v2\/product_brand?post=4356"},{"taxonomy":"product_cat","embeddable":true,"href":"https:\/\/petshopmagelan.rs\/index.php\/wp-json\/wp\/v2\/product_cat?post=4356"},{"taxonomy":"product_tag","embeddable":true,"href":"https:\/\/petshopmagelan.rs\/index.php\/wp-json\/wp\/v2\/product_tag?post=4356"}],"curies":[{"name":"wp","href":"https:\/\/api.w.org\/{rel}","templated":true}]}}