{"id":4331,"date":"2026-01-02T09:39:19","date_gmt":"2026-01-02T09:39:19","guid":{"rendered":"https:\/\/petshopmagelan.rs\/?post_type=product&#038;p=4331"},"modified":"2026-01-28T11:47:07","modified_gmt":"2026-01-28T11:47:07","slug":"trixie-poslastice-za-pse-govedina-140gr","status":"publish","type":"product","link":"https:\/\/petshopmagelan.rs\/index.php\/product\/trixie-poslastice-za-pse-govedina-140gr\/","title":{"rendered":"TRIXIE &#8211; Poslastice za pse, Govedina 140gr"},"content":{"rendered":"<p data-start=\"311\" data-end=\"562\"><strong data-start=\"311\" data-end=\"350\">Soft Snack Baffos with Beef &amp; Tripe<\/strong> su male i meke poslastice namenjene svakodnevnom nagra\u0111ivanju pasa svih rasa. Zahvaljuju\u0107i svojoj ne\u017enoj teksturi, lako se \u017eva\u0107u i savr\u0161ene su za \u010destu upotrebu tokom treninga ili kao ukusna u\u017eina izme\u0111u obroka.<\/p>\n<p data-start=\"564\" data-end=\"920\">Kombinacija <strong data-start=\"576\" data-end=\"607\">govedine (4%) i buraga (4%)<\/strong> pru\u017ea intenzivan i prirodan ukus koji psi rado prihvataju. Pa\u017eljivo odabrani sastojci doprinose kvalitetu proizvoda, dok <strong data-start=\"729\" data-end=\"756\">odsustvo dodatog \u0161e\u0107era<\/strong> \u010dini ove poslastice pogodnim izborom za kontrolisano nagra\u0111ivanje. Proizvod se preporu\u010duje \u010duvati na <strong data-start=\"858\" data-end=\"883\">hladnom i suvom mestu<\/strong> kako bi se o\u010duvala sve\u017eina i meko\u0107a.<\/p>\n<h3 data-start=\"927\" data-end=\"949\">Prednosti proizvoda<\/h3>\n<ul data-start=\"950\" data-end=\"1183\">\n<li data-start=\"950\" data-end=\"992\">\n<p data-start=\"952\" data-end=\"992\">Meke i male poslastice \u2013 lako se \u017eva\u0107u<\/p>\n<\/li>\n<li data-start=\"993\" data-end=\"1029\">\n<p data-start=\"995\" data-end=\"1029\">Sa govedinom (4%) i buragom (4%)<\/p>\n<\/li>\n<li data-start=\"1030\" data-end=\"1052\">\n<p data-start=\"1032\" data-end=\"1052\">Bez dodatog \u0161e\u0107era<\/p>\n<\/li>\n<li data-start=\"1053\" data-end=\"1102\">\n<p data-start=\"1055\" data-end=\"1102\">Idealne za trening i svakodnevno nagra\u0111ivanje<\/p>\n<\/li>\n<li data-start=\"1103\" data-end=\"1148\">\n<p data-start=\"1105\" data-end=\"1148\">Lako doziranje zahvaljuju\u0107i mini veli\u010dini<\/p>\n<\/li>\n<li data-start=\"1149\" data-end=\"1183\">\n<p data-start=\"1151\" data-end=\"1183\">Visoka prihvatljivost kod pasa<\/p>\n<\/li>\n<\/ul>\n<h3 data-start=\"1190\" data-end=\"1209\">Sastav proizvoda<\/h3>\n<p data-start=\"1210\" data-end=\"1403\">Sastav proizvoda \u010dine \u017eitarice, derivati biljnog porekla, meso i proizvodi \u017eivotinjskog porekla uklju\u010duju\u0107i 4% govedine i 4% buraga, ulja i masti, biljni proteinski ekstrakti i propilen glikol.<\/p>\n","protected":false},"excerpt":{"rendered":"<p>Meke mini poslastice sa govedinom i buragom, bez dodatog \u0161e\u0107era, idealne za trening i svakodnevno nagra\u0111ivanje pasa.<\/p>\n","protected":false},"featured_media":4332,"comment_status":"open","ping_status":"closed","template":"","meta":[],"product_brand":[],"product_cat":[263,273],"product_tag":[],"class_list":{"0":"post-4331","1":"product","2":"type-product","3":"status-publish","4":"has-post-thumbnail","6":"product_cat-psi","7":"product_cat-poslastice","10":"instock","11":"shipping-taxable","12":"purchasable","13":"product-type-simple"},"_links":{"self":[{"href":"https:\/\/petshopmagelan.rs\/index.php\/wp-json\/wp\/v2\/product\/4331","targetHints":{"allow":["GET"]}}],"collection":[{"href":"https:\/\/petshopmagelan.rs\/index.php\/wp-json\/wp\/v2\/product"}],"about":[{"href":"https:\/\/petshopmagelan.rs\/index.php\/wp-json\/wp\/v2\/types\/product"}],"replies":[{"embeddable":true,"href":"https:\/\/petshopmagelan.rs\/index.php\/wp-json\/wp\/v2\/comments?post=4331"}],"wp:featuredmedia":[{"embeddable":true,"href":"https:\/\/petshopmagelan.rs\/index.php\/wp-json\/wp\/v2\/media\/4332"}],"wp:attachment":[{"href":"https:\/\/petshopmagelan.rs\/index.php\/wp-json\/wp\/v2\/media?parent=4331"}],"wp:term":[{"taxonomy":"product_brand","embeddable":true,"href":"https:\/\/petshopmagelan.rs\/index.php\/wp-json\/wp\/v2\/product_brand?post=4331"},{"taxonomy":"product_cat","embeddable":true,"href":"https:\/\/petshopmagelan.rs\/index.php\/wp-json\/wp\/v2\/product_cat?post=4331"},{"taxonomy":"product_tag","embeddable":true,"href":"https:\/\/petshopmagelan.rs\/index.php\/wp-json\/wp\/v2\/product_tag?post=4331"}],"curies":[{"name":"wp","href":"https:\/\/api.w.org\/{rel}","templated":true}]}}