{"id":4313,"date":"2025-12-27T10:03:58","date_gmt":"2025-12-27T10:03:58","guid":{"rendered":"https:\/\/petshopmagelan.rs\/?post_type=product&#038;p=4313"},"modified":"2025-12-27T10:03:58","modified_gmt":"2025-12-27T10:03:58","slug":"versele-laga-crispy-muesli-rabbits-20-kg","status":"publish","type":"product","link":"https:\/\/petshopmagelan.rs\/index.php\/product\/versele-laga-crispy-muesli-rabbits-20-kg\/","title":{"rendered":"Versele Laga Crispy Muesli Rabbits \u2013 20 kg"},"content":{"rendered":"<p data-path-to-node=\"6\"><b data-path-to-node=\"6\" data-index-in-node=\"0\">Versele-Laga Crispy Muesli Rabbits<\/b> je kompletna i raznovrsna hrana namenjena (patuljastim) kuni\u0107ima i ze\u010devima. Ova me\u0161avina je kreirana da imitira prirodnu ishranu, pru\u017eaju\u0107i miks razli\u010ditih tekstura i ukusa koji spre\u010davaju selektivno hranjenje i obezbe\u0111uju da va\u0161 ljubimac unese sve \u0161to mu je potrebno za dug i zdrav \u017eivot.<\/p>\n<p data-path-to-node=\"7\">Zahvaljuju\u0107i dodatku <b data-path-to-node=\"7\" data-index-in-node=\"21\">Happy &amp; Healthy<\/b> briketa, ova hrana garantuje optimalno stanje organizma, sjajno krzno i sna\u017ean imunitet.<\/p>\n<h3 data-path-to-node=\"8\"><b data-path-to-node=\"8\" data-index-in-node=\"0\">Glavne prednosti Crispy Muesli recepture:<\/b><\/h3>\n<ul data-path-to-node=\"9\">\n<li>\n<p data-path-to-node=\"9,0,0\"><b data-path-to-node=\"9,0,0\" data-index-in-node=\"0\">Zdrava probava:<\/b> Sa 14% sirovih vlakana, ova hrana osigurava stalnu pokretljivost creva, \u0161to je od vitalnog zna\u010daja za male glodare.<\/p>\n<\/li>\n<li>\n<p data-path-to-node=\"9,1,0\"><b data-path-to-node=\"9,1,0\" data-index-in-node=\"0\">Nega zuba:<\/b> Kuni\u0107ima zubi rastu tokom celog \u017eivota. Hrskavi sastojci i \u010dvrsti peleti u Crispy Muesli me\u0161avini primoravaju ljubimca na intenzivno \u017evakanje, \u010dime se zubi prirodno tro\u0161e.<\/p>\n<\/li>\n<li>\n<p data-path-to-node=\"9,2,0\"><b data-path-to-node=\"9,2,0\" data-index-in-node=\"0\">Povr\u0107e za bolji apetit:<\/b> Sadr\u017ei 10% povr\u0107a koje obezbe\u0111uje prirodne vitamine i \u010dini obrok neodoljivim \u010dak i za izbirljive jedinke.<\/p>\n<\/li>\n<li>\n<p data-path-to-node=\"9,3,0\"><b data-path-to-node=\"9,3,0\" data-index-in-node=\"0\">Sjajno krzno:<\/b> Balansirani nivoi proteina i dodati minerali doprinose gustini i meko\u0107i dlake.<\/p>\n<\/li>\n<\/ul>\n<h3 data-path-to-node=\"10\"><b data-path-to-node=\"10\" data-index-in-node=\"0\">Tehni\u010dke specifikacije:<\/b><\/h3>\n<ul data-path-to-node=\"11\">\n<li>\n<p data-path-to-node=\"11,0,0\"><b data-path-to-node=\"11,0,0\" data-index-in-node=\"0\">Sastav:<\/b> Prera\u0111evine biljnog porekla, \u017eitarice, povr\u0107e (10%), minerali, seme.<\/p>\n<\/li>\n<li>\n<p data-path-to-node=\"11,1,0\"><b data-path-to-node=\"11,1,0\" data-index-in-node=\"0\">Analiti\u010dki sastojci:<\/b><\/p>\n<ul data-path-to-node=\"11,1,1\">\n<li>\n<p data-path-to-node=\"11,1,1,0,0\"><b data-path-to-node=\"11,1,1,0,0\" data-index-in-node=\"0\">Proteini:<\/b> 16,0%<\/p>\n<\/li>\n<li>\n<p data-path-to-node=\"11,1,1,1,0\"><b data-path-to-node=\"11,1,1,1,0\" data-index-in-node=\"0\">Masti:<\/b> 3,5%<\/p>\n<\/li>\n<li>\n<p data-path-to-node=\"11,1,1,2,0\"><b data-path-to-node=\"11,1,1,2,0\" data-index-in-node=\"0\">Sirova vlakna:<\/b> 14,0%<\/p>\n<\/li>\n<li>\n<p data-path-to-node=\"11,1,1,3,0\"><b data-path-to-node=\"11,1,1,3,0\" data-index-in-node=\"0\">Sirovi pepeo:<\/b> 7,0%<\/p>\n<\/li>\n<li>\n<p data-path-to-node=\"11,1,1,4,0\"><b data-path-to-node=\"11,1,1,4,0\" data-index-in-node=\"0\">Kalcijum:<\/b> 1,1%<\/p>\n<\/li>\n<li>\n<p data-path-to-node=\"11,1,1,5,0\"><b data-path-to-node=\"11,1,1,5,0\" data-index-in-node=\"0\">Fosfor:<\/b> 0,55%<\/p>\n<\/li>\n<\/ul>\n<\/li>\n<li>\n<p data-path-to-node=\"11,2,0\"><b data-path-to-node=\"11,2,0\" data-index-in-node=\"0\">Nutritivni dodaci (po kg):<\/b> Vitamin A 11.100 IU, Vitamin D3 1.330 IU, Vitamin E 88 mg, Gvo\u017e\u0111e 111 mg, Jod 2 mg, Bakar 11 mg, Mangan 83 mg, Cink 78 mg, Selen 0,22 mg. <i data-path-to-node=\"11,2,0\" data-index-in-node=\"165\">(Sadr\u017ei antioksidanse i boje za hranu dozvoljene u EU).<\/i><\/p>\n<\/li>\n<\/ul>\n<p data-path-to-node=\"12\"><b data-path-to-node=\"12\" data-index-in-node=\"0\">Uputstvo za hranjenje:<\/b> U zavisnosti od veli\u010dine i rase va\u0161eg kuni\u0107a, preporu\u010dena dnevna porcija je od <b data-path-to-node=\"12\" data-index-in-node=\"102\">50 do 80 g<\/b>.<\/p>\n","protected":false},"excerpt":{"rendered":"<p data-path-to-node=\"2\"><b data-path-to-node=\"2\" data-index-in-node=\"0\">Versele-Laga Crispy Muesli Rabbits \u2013 Bogata me\u0161avina za ze\u010deve i kuni\u0107e (20kg)<\/b><\/p>\n<ul data-path-to-node=\"3\">\n<li>\n<p data-path-to-node=\"3,0,0\"><b data-path-to-node=\"3,0,0\" data-index-in-node=\"0\">Energija i vitalnost:<\/b> Ukusna me\u0161avina bogata pahuljicama, ekspandiranim \u017eitaricama i povr\u0107em.<\/p>\n<\/li>\n<li>\n<p data-path-to-node=\"3,1,0\"><b data-path-to-node=\"3,1,0\" data-index-in-node=\"0\">Happy &amp; Healthy peleti:<\/b> Sadr\u017ei specijalne pelete sa svim potrebnim vitaminima i mineralima.<\/p>\n<\/li>\n<li>\n<p data-path-to-node=\"3,2,0\"><b data-path-to-node=\"3,2,0\" data-index-in-node=\"0\">Visok udeo vlakana:<\/b> Poma\u017ee u odr\u017eavanju zdrave crevne flore i spre\u010dava probavne smetnje.<\/p>\n<\/li>\n<li>\n<p data-path-to-node=\"3,3,0\"><b data-path-to-node=\"3,3,0\" data-index-in-node=\"0\">Zdravlje zuba:<\/b> Tekstura sastojaka podsti\u010de \u017evakanje, \u0161to je klju\u010dno za prirodno tro\u0161enje zuba kuni\u0107a.<\/p>\n<\/li>\n<li>\n<p data-path-to-node=\"3,4,0\"><b data-path-to-node=\"3,4,0\" data-index-in-node=\"0\">Idealno za uzgajiva\u010de:<\/b> Pakovanje od 20 kg pru\u017ea vrhunski kvalitet uz maksimalnu u\u0161tedu.<\/p>\n<\/li>\n<\/ul>\n","protected":false},"featured_media":4314,"comment_status":"open","ping_status":"closed","template":"","meta":[],"product_brand":[],"product_cat":[15],"product_tag":[],"class_list":{"0":"post-4313","1":"product","2":"type-product","3":"status-publish","4":"has-post-thumbnail","6":"product_cat-uncategorized","9":"instock","10":"shipping-taxable","11":"purchasable","12":"product-type-simple"},"_links":{"self":[{"href":"https:\/\/petshopmagelan.rs\/index.php\/wp-json\/wp\/v2\/product\/4313","targetHints":{"allow":["GET"]}}],"collection":[{"href":"https:\/\/petshopmagelan.rs\/index.php\/wp-json\/wp\/v2\/product"}],"about":[{"href":"https:\/\/petshopmagelan.rs\/index.php\/wp-json\/wp\/v2\/types\/product"}],"replies":[{"embeddable":true,"href":"https:\/\/petshopmagelan.rs\/index.php\/wp-json\/wp\/v2\/comments?post=4313"}],"wp:featuredmedia":[{"embeddable":true,"href":"https:\/\/petshopmagelan.rs\/index.php\/wp-json\/wp\/v2\/media\/4314"}],"wp:attachment":[{"href":"https:\/\/petshopmagelan.rs\/index.php\/wp-json\/wp\/v2\/media?parent=4313"}],"wp:term":[{"taxonomy":"product_brand","embeddable":true,"href":"https:\/\/petshopmagelan.rs\/index.php\/wp-json\/wp\/v2\/product_brand?post=4313"},{"taxonomy":"product_cat","embeddable":true,"href":"https:\/\/petshopmagelan.rs\/index.php\/wp-json\/wp\/v2\/product_cat?post=4313"},{"taxonomy":"product_tag","embeddable":true,"href":"https:\/\/petshopmagelan.rs\/index.php\/wp-json\/wp\/v2\/product_tag?post=4313"}],"curies":[{"name":"wp","href":"https:\/\/api.w.org\/{rel}","templated":true}]}}