{"id":4289,"date":"2026-02-19T11:25:59","date_gmt":"2026-02-19T11:25:59","guid":{"rendered":"https:\/\/petshopmagelan.rs\/?post_type=product&#038;p=4289"},"modified":"2026-02-19T11:25:59","modified_gmt":"2026-02-19T11:25:59","slug":"monge-bwild-suva-hrana-za-odrasle-pse-svih-rasa-jelen-12kg","status":"publish","type":"product","link":"https:\/\/petshopmagelan.rs\/index.php\/product\/monge-bwild-suva-hrana-za-odrasle-pse-svih-rasa-jelen-12kg\/","title":{"rendered":"MONGE BWild &#8211; Suva hrana za odrasle pse svih rasa, Jelen, 12kg"},"content":{"rendered":"<p data-start=\"378\" data-end=\"1029\">Monge Bwild Low Grain Deer je <strong data-start=\"408\" data-end=\"429\">premium receptura<\/strong> sa visokim udelom <strong data-start=\"448\" data-end=\"471\">jelenjeg mesa (38%)<\/strong> i sve\u017eeg pile\u0107eg mesa (12%), pru\u017eaju\u0107i optimalne proteine za odr\u017eavanje mi\u0161i\u0107ne mase i vitalnost. <strong data-start=\"570\" data-end=\"595\">Linseed (laneno seme)<\/strong> obezbe\u0111uje omega-3 masne kiseline za zdravu, mekanu i sjajnu dlaku. Receptura je oboga\u0107ena <strong data-start=\"687\" data-end=\"707\">XOS prebioticima<\/strong> koji podr\u017eavaju zdravlje creva, dok su dodati <strong data-start=\"754\" data-end=\"813\">vo\u0107e (borovnica, brusnica, malina) i povr\u0107e (\u0161argarepa)<\/strong> prirodni izvori vlakana, vitamina i minerala. Hrana je formulirana tako da po\u0161tuje prirodne instinkte psa, bez dodanih boja i ve\u0161ta\u010dkih konzervansa. Tako\u0111e sadr\u017ei <strong data-start=\"977\" data-end=\"1004\">glukozamin i hondroitin<\/strong> za podr\u0161ku zglobovima.<\/p>\n<h3 data-start=\"1036\" data-end=\"1051\">Prednosti<\/h3>\n<ul data-start=\"1052\" data-end=\"1370\">\n<li data-start=\"1052\" data-end=\"1149\">\n<p data-start=\"1054\" data-end=\"1149\"><strong data-start=\"1056\" data-end=\"1077\">Prirodni instinkt<\/strong> \u2013 visok sadr\u017eaj \u017eivotinjskih proteina iz jelena i sve\u017eeg pile\u0107eg mesa<\/p>\n<\/li>\n<li data-start=\"1150\" data-end=\"1202\">\n<p data-start=\"1152\" data-end=\"1202\"><strong data-start=\"1155\" data-end=\"1183\">Zdrava crevna mikroflora<\/strong> \u2013 XOS prebiotici<\/p>\n<\/li>\n<li data-start=\"1203\" data-end=\"1258\">\n<p data-start=\"1205\" data-end=\"1258\"><strong data-start=\"1208\" data-end=\"1230\">Podr\u0161ka zglobovima<\/strong> \u2013 glukozamin i hondroitin<\/p>\n<\/li>\n<li data-start=\"1259\" data-end=\"1316\">\n<p data-start=\"1261\" data-end=\"1316\"><strong data-start=\"1264\" data-end=\"1294\">Sjajna dlaka i zdrava ko\u017ea<\/strong> \u2013 linseed (omega-3)<\/p>\n<\/li>\n<li data-start=\"1317\" data-end=\"1370\">\n<p data-start=\"1319\" data-end=\"1370\"><strong data-start=\"1322\" data-end=\"1352\">Prirodni vlakna i minerali<\/strong> \u2013 vo\u0107e i povr\u0107e<\/p>\n<\/li>\n<\/ul>\n<h3 data-start=\"1377\" data-end=\"1389\">Sastav<\/h3>\n<ul data-start=\"1390\" data-end=\"1782\">\n<li data-start=\"1390\" data-end=\"1420\">\n<p data-start=\"1392\" data-end=\"1420\"><strong data-start=\"1392\" data-end=\"1414\">Suvo jelenje meso:<\/strong> 38%<\/p>\n<\/li>\n<li data-start=\"1421\" data-end=\"1451\">\n<p data-start=\"1423\" data-end=\"1451\"><strong data-start=\"1423\" data-end=\"1445\">Sve\u017ee pile\u0107e meso:<\/strong> 12%<\/p>\n<\/li>\n<li data-start=\"1452\" data-end=\"1513\">\n<p data-start=\"1454\" data-end=\"1513\"><strong data-start=\"1454\" data-end=\"1476\">\u017divotinjske masti:<\/strong> 16% (pile\u0107e ulje 99.5% pro\u010di\u0161\u0107eno)<\/p>\n<\/li>\n<li data-start=\"1514\" data-end=\"1608\">\n<p data-start=\"1516\" data-end=\"1608\"><strong data-start=\"1516\" data-end=\"1534\">Biljni izvori:<\/strong> \u017euti gra\u0161ak, tapioka, ovsene pahuljice 4%, laneno seme 2%, \u0161argarepa 2%<\/p>\n<\/li>\n<li data-start=\"1609\" data-end=\"1675\">\n<p data-start=\"1611\" data-end=\"1675\"><strong data-start=\"1611\" data-end=\"1620\">Vo\u0107e:<\/strong> borovnica 1%, brusnica 1%, malina 1%, ananas, jabuka<\/p>\n<\/li>\n<li data-start=\"1676\" data-end=\"1782\">\n<p data-start=\"1678\" data-end=\"1782\"><strong data-start=\"1678\" data-end=\"1690\">Dodatno:<\/strong> xylo-oligosaccharide (XOS) 0.3%, glukozamin, hondroitin, MOS, spirulina, yucca schidigera<\/p>\n<\/li>\n<\/ul>\n","protected":false},"excerpt":{"rendered":"<p>Kompletna i uravnote\u017eena hrana za <strong data-start=\"194\" data-end=\"219\">odrasle pse svih rasa<\/strong> sa <strong data-start=\"223\" data-end=\"241\">jelenjim mesom<\/strong>. Nisko sadr\u017eaj \u017eitarica, bez krompira, i bogata \u017eivotinjskim proteinima, prati prirodni instinkt va\u0161eg psa.<\/p>\n","protected":false},"featured_media":4290,"comment_status":"open","ping_status":"closed","template":"","meta":[],"product_brand":[],"product_cat":[263,264,265,267],"product_tag":[],"class_list":{"0":"post-4289","1":"product","2":"type-product","3":"status-publish","4":"has-post-thumbnail","6":"product_cat-psi","7":"product_cat-hrana-za-pse","8":"product_cat-suva-hrana","9":"product_cat-odrasli-psi","12":"instock","13":"shipping-taxable","14":"purchasable","15":"product-type-simple"},"_links":{"self":[{"href":"https:\/\/petshopmagelan.rs\/index.php\/wp-json\/wp\/v2\/product\/4289","targetHints":{"allow":["GET"]}}],"collection":[{"href":"https:\/\/petshopmagelan.rs\/index.php\/wp-json\/wp\/v2\/product"}],"about":[{"href":"https:\/\/petshopmagelan.rs\/index.php\/wp-json\/wp\/v2\/types\/product"}],"replies":[{"embeddable":true,"href":"https:\/\/petshopmagelan.rs\/index.php\/wp-json\/wp\/v2\/comments?post=4289"}],"wp:featuredmedia":[{"embeddable":true,"href":"https:\/\/petshopmagelan.rs\/index.php\/wp-json\/wp\/v2\/media\/4290"}],"wp:attachment":[{"href":"https:\/\/petshopmagelan.rs\/index.php\/wp-json\/wp\/v2\/media?parent=4289"}],"wp:term":[{"taxonomy":"product_brand","embeddable":true,"href":"https:\/\/petshopmagelan.rs\/index.php\/wp-json\/wp\/v2\/product_brand?post=4289"},{"taxonomy":"product_cat","embeddable":true,"href":"https:\/\/petshopmagelan.rs\/index.php\/wp-json\/wp\/v2\/product_cat?post=4289"},{"taxonomy":"product_tag","embeddable":true,"href":"https:\/\/petshopmagelan.rs\/index.php\/wp-json\/wp\/v2\/product_tag?post=4289"}],"curies":[{"name":"wp","href":"https:\/\/api.w.org\/{rel}","templated":true}]}}