{"id":4287,"date":"2025-12-24T12:22:58","date_gmt":"2025-12-24T12:22:58","guid":{"rendered":"https:\/\/petshopmagelan.rs\/?post_type=product&#038;p=4287"},"modified":"2025-12-24T12:23:48","modified_gmt":"2025-12-24T12:23:48","slug":"gemon-sterilized-suva-hrana-za-odrasle-macke-losos-i-tuna-7kg","status":"publish","type":"product","link":"https:\/\/petshopmagelan.rs\/index.php\/product\/gemon-sterilized-suva-hrana-za-odrasle-macke-losos-i-tuna-7kg\/","title":{"rendered":"GEMON Sterilized &#8211; Suva hrana za odrasle ma\u010dke, Losos i tuna 7kg"},"content":{"rendered":"<p data-start=\"354\" data-end=\"894\">Gemon Sterilised Cat kombinuje <strong data-start=\"385\" data-end=\"406\">sve\u017eu tunu i losos<\/strong> sa pirin\u010dem za visokokvalitetne proteine i energiju. <strong data-start=\"460\" data-end=\"478\">Salmonsko ulje<\/strong> obezbe\u0111uje omega-3 masne kiseline za zdravu ko\u017eu i sjajnu dlaku. Formula sadr\u017ei <strong data-start=\"559\" data-end=\"583\">prebiotike FOS i MOS<\/strong> koji poma\u017eu zdravoj crevnoj mikroflori, dok <strong data-start=\"628\" data-end=\"649\">cvekla (beet pulp)<\/strong> podr\u017eava odr\u017eavanje idealne telesne te\u017eine sterilizovanih ma\u010daka. <strong data-start=\"716\" data-end=\"736\">Yucca Schidigera<\/strong> doprinosi smanjenju neprijatnih mirisa iz stolice. Hrana je napravljena bez ve\u0161ta\u010dkih boja i konzervansa i uklju\u010duje sve\u017eu ribu za optimalnu palatabilnost.<\/p>\n<h3 data-start=\"901\" data-end=\"916\">Prednosti<\/h3>\n<ul data-start=\"917\" data-end=\"1297\">\n<li data-start=\"917\" data-end=\"1020\">\n<p data-start=\"919\" data-end=\"1020\"><strong data-start=\"921\" data-end=\"948\">Kontrola telesne te\u017eine<\/strong> \u2013 zahvaljuju\u0107i pa\u017eljivo odabranim vlaknima i uravnote\u017eenim kalorijama<\/p>\n<\/li>\n<li data-start=\"1021\" data-end=\"1105\">\n<p data-start=\"1023\" data-end=\"1105\"><strong data-start=\"1026\" data-end=\"1063\">Visokokvalitetni proteini iz ribe<\/strong> \u2013 tuna i losos za optimalnu hranljivost<\/p>\n<\/li>\n<li data-start=\"1106\" data-end=\"1164\">\n<p data-start=\"1108\" data-end=\"1164\"><strong data-start=\"1111\" data-end=\"1139\">Zdrava crevna mikroflora<\/strong> \u2013 FOS i MOS prebiotici<\/p>\n<\/li>\n<li data-start=\"1165\" data-end=\"1231\">\n<p data-start=\"1167\" data-end=\"1231\"><strong data-start=\"1170\" data-end=\"1210\">Smanjenje neprijatnih mirisa stolice<\/strong> \u2013 Yucca Schidigera<\/p>\n<\/li>\n<li data-start=\"1232\" data-end=\"1297\">\n<p data-start=\"1234\" data-end=\"1297\"><strong data-start=\"1237\" data-end=\"1267\">Sjajna dlaka i zdrava ko\u017ea<\/strong> \u2013 salmonsko ulje sa omega-3<\/p>\n<\/li>\n<\/ul>\n<h3 data-start=\"1304\" data-end=\"1316\">Sastav<\/h3>\n<ul data-start=\"1317\" data-end=\"1615\">\n<li data-start=\"1317\" data-end=\"1345\">\n<p data-start=\"1319\" data-end=\"1345\"><strong data-start=\"1319\" data-end=\"1332\">\u017ditarice:<\/strong> pirina\u010d 4%<\/p>\n<\/li>\n<li data-start=\"1346\" data-end=\"1412\">\n<p data-start=\"1348\" data-end=\"1412\"><strong data-start=\"1348\" data-end=\"1375\">Ribe i riblji derivati:<\/strong> 30% (sve\u017ea tuna 8%, sve\u017e losos 8%)<\/p>\n<\/li>\n<li data-start=\"1413\" data-end=\"1448\">\n<p data-start=\"1415\" data-end=\"1448\"><strong data-start=\"1415\" data-end=\"1446\">Meso i \u017eivotinjski derivati<\/strong><\/p>\n<\/li>\n<li data-start=\"1449\" data-end=\"1473\">\n<p data-start=\"1451\" data-end=\"1473\"><strong data-start=\"1451\" data-end=\"1462\">Povr\u0107e:<\/strong> cvekla 2%<\/p>\n<\/li>\n<li data-start=\"1474\" data-end=\"1513\">\n<p data-start=\"1476\" data-end=\"1513\"><strong data-start=\"1476\" data-end=\"1493\">Ulja i masti:<\/strong> salmonsko ulje 1%<\/p>\n<\/li>\n<li data-start=\"1514\" data-end=\"1579\">\n<p data-start=\"1516\" data-end=\"1579\"><strong data-start=\"1516\" data-end=\"1545\">Derivati biljnog porekla:<\/strong> FOS 0.5%, Yucca Schidigera 0.1%<\/p>\n<\/li>\n<li data-start=\"1580\" data-end=\"1615\">\n<p data-start=\"1582\" data-end=\"1615\"><strong data-start=\"1582\" data-end=\"1604\">Minerali i kvasci:<\/strong> MOS 0.5%<\/p>\n<\/li>\n<\/ul>\n","protected":false},"excerpt":{"rendered":"<p>Kompletna hrana za sterilizovane odrasle ma\u010dke (+12 meseci) sa <strong data-start=\"223\" data-end=\"242\">tunom i lososom<\/strong>, formulisanom za kontrolu telesne te\u017eine, podr\u0161ku varenju i zdravlje ko\u017ee i dlake.<\/p>\n","protected":false},"featured_media":4284,"comment_status":"open","ping_status":"closed","template":"","meta":[],"product_brand":[],"product_cat":[15],"product_tag":[],"class_list":{"0":"post-4287","1":"product","2":"type-product","3":"status-publish","4":"has-post-thumbnail","6":"product_cat-uncategorized","9":"instock","10":"shipping-taxable","11":"purchasable","12":"product-type-simple"},"_links":{"self":[{"href":"https:\/\/petshopmagelan.rs\/index.php\/wp-json\/wp\/v2\/product\/4287","targetHints":{"allow":["GET"]}}],"collection":[{"href":"https:\/\/petshopmagelan.rs\/index.php\/wp-json\/wp\/v2\/product"}],"about":[{"href":"https:\/\/petshopmagelan.rs\/index.php\/wp-json\/wp\/v2\/types\/product"}],"replies":[{"embeddable":true,"href":"https:\/\/petshopmagelan.rs\/index.php\/wp-json\/wp\/v2\/comments?post=4287"}],"wp:featuredmedia":[{"embeddable":true,"href":"https:\/\/petshopmagelan.rs\/index.php\/wp-json\/wp\/v2\/media\/4284"}],"wp:attachment":[{"href":"https:\/\/petshopmagelan.rs\/index.php\/wp-json\/wp\/v2\/media?parent=4287"}],"wp:term":[{"taxonomy":"product_brand","embeddable":true,"href":"https:\/\/petshopmagelan.rs\/index.php\/wp-json\/wp\/v2\/product_brand?post=4287"},{"taxonomy":"product_cat","embeddable":true,"href":"https:\/\/petshopmagelan.rs\/index.php\/wp-json\/wp\/v2\/product_cat?post=4287"},{"taxonomy":"product_tag","embeddable":true,"href":"https:\/\/petshopmagelan.rs\/index.php\/wp-json\/wp\/v2\/product_tag?post=4287"}],"curies":[{"name":"wp","href":"https:\/\/api.w.org\/{rel}","templated":true}]}}