{"id":4277,"date":"2025-12-24T12:12:37","date_gmt":"2025-12-24T12:12:37","guid":{"rendered":"https:\/\/petshopmagelan.rs\/?post_type=product&#038;p=4277"},"modified":"2025-12-24T12:18:07","modified_gmt":"2025-12-24T12:18:07","slug":"gemon-cat-suva-hrana-za-macice-piletina-i-pirinac-20kg","status":"publish","type":"product","link":"https:\/\/petshopmagelan.rs\/index.php\/product\/gemon-cat-suva-hrana-za-macice-piletina-i-pirinac-20kg\/","title":{"rendered":"GEMON Kitten &#8211; Suva hrana za ma\u010di\u0107e, Piletina i pirina\u010d 20kg"},"content":{"rendered":"<p data-start=\"343\" data-end=\"774\">Gemon Kitten kombinuje <strong data-start=\"366\" data-end=\"384\">sve\u017eu piletinu<\/strong> sa pirin\u010dem i dodatkom <strong data-start=\"408\" data-end=\"427\">salmonskog ulja<\/strong>, bogatog omega-3 masnim kiselinama, za podr\u0161ku razvoju nervnog sistema tokom perioda rasta. Formula uklju\u010duje <strong data-start=\"538\" data-end=\"562\">prebiotike FOS i MOS<\/strong> koji poma\u017eu odr\u017eavanju zdrave crevne mikroflore, dok <strong data-start=\"616\" data-end=\"636\">Yucca Schidigera<\/strong> smanjuje neprijatne mirise iz stolice. Hrana je napravljena bez ve\u0161ta\u010dkih boja i konzervansa i sadr\u017ei sve\u017ee meso radi optimalnog ukusa.<\/p>\n<h3 data-start=\"781\" data-end=\"796\">Prednosti<\/h3>\n<ul data-start=\"797\" data-end=\"1137\">\n<li data-start=\"797\" data-end=\"878\">\n<p data-start=\"799\" data-end=\"878\"><strong data-start=\"801\" data-end=\"828\">Podr\u0161ka rastu i razvoju<\/strong> \u2013 bogata proteinima i omega-3 masnim kiselinama<\/p>\n<\/li>\n<li data-start=\"879\" data-end=\"964\">\n<p data-start=\"881\" data-end=\"964\"><strong data-start=\"884\" data-end=\"913\">Visokokvalitetni proteini<\/strong> \u2013 piletina i sve\u017ee meso za optimalnu hranljivost<\/p>\n<\/li>\n<li data-start=\"965\" data-end=\"1013\">\n<p data-start=\"967\" data-end=\"1013\"><strong data-start=\"970\" data-end=\"988\">Zdravlje creva<\/strong> \u2013 FOS i MOS prebiotici<\/p>\n<\/li>\n<li data-start=\"1014\" data-end=\"1068\">\n<p data-start=\"1016\" data-end=\"1068\"><strong data-start=\"1019\" data-end=\"1047\">Smanjenje mirisa stolice<\/strong> \u2013 Yucca Schidigera<\/p>\n<\/li>\n<li data-start=\"1069\" data-end=\"1137\">\n<p data-start=\"1071\" data-end=\"1137\"><strong data-start=\"1074\" data-end=\"1098\">Visoka probavljivost<\/strong> \u2013 zahvaljuju\u0107i ekstrudiranom procesu<\/p>\n<\/li>\n<\/ul>\n<h3 data-start=\"1144\" data-end=\"1156\">Sastav<\/h3>\n<ul data-start=\"1157\" data-end=\"1400\">\n<li data-start=\"1157\" data-end=\"1217\">\n<p data-start=\"1159\" data-end=\"1217\"><strong data-start=\"1159\" data-end=\"1191\">Meso i \u017eivotinjski derivati:<\/strong> 40% (sve\u017ea piletina 8%)<\/p>\n<\/li>\n<li data-start=\"1218\" data-end=\"1246\">\n<p data-start=\"1220\" data-end=\"1246\"><strong data-start=\"1220\" data-end=\"1233\">\u017ditarice:<\/strong> pirina\u010d 8%<\/p>\n<\/li>\n<li data-start=\"1247\" data-end=\"1286\">\n<p data-start=\"1249\" data-end=\"1286\"><strong data-start=\"1249\" data-end=\"1266\">Ulja i masti:<\/strong> salmonsko ulje 1%<\/p>\n<\/li>\n<li data-start=\"1287\" data-end=\"1317\">\n<p data-start=\"1289\" data-end=\"1317\"><strong data-start=\"1289\" data-end=\"1315\">Ribe i riblji derivati<\/strong><\/p>\n<\/li>\n<li data-start=\"1318\" data-end=\"1375\">\n<p data-start=\"1320\" data-end=\"1375\"><strong data-start=\"1320\" data-end=\"1373\">Povr\u0107e, minerali, FOS 0.5%, Yucca Schidigera 0.1%<\/strong><\/p>\n<\/li>\n<li data-start=\"1376\" data-end=\"1400\">\n<p data-start=\"1378\" data-end=\"1400\"><strong data-start=\"1378\" data-end=\"1389\">Kvasci:<\/strong> MOS 0.5%<\/p>\n<\/li>\n<\/ul>\n","protected":false},"excerpt":{"rendered":"<p>Kompletna hrana za rastu\u0107e ma\u010di\u0107e (1\u201312 meseci), sa visokokvalitetnom piletinom i pirin\u010dem, formulisanom za optimalnu probavljivost i podr\u0161ku zdravom razvoju.<\/p>\n","protected":false},"featured_media":4276,"comment_status":"open","ping_status":"closed","template":"","meta":[],"product_brand":[],"product_cat":[15],"product_tag":[],"class_list":{"0":"post-4277","1":"product","2":"type-product","3":"status-publish","4":"has-post-thumbnail","6":"product_cat-uncategorized","9":"instock","10":"shipping-taxable","11":"purchasable","12":"product-type-simple"},"_links":{"self":[{"href":"https:\/\/petshopmagelan.rs\/index.php\/wp-json\/wp\/v2\/product\/4277","targetHints":{"allow":["GET"]}}],"collection":[{"href":"https:\/\/petshopmagelan.rs\/index.php\/wp-json\/wp\/v2\/product"}],"about":[{"href":"https:\/\/petshopmagelan.rs\/index.php\/wp-json\/wp\/v2\/types\/product"}],"replies":[{"embeddable":true,"href":"https:\/\/petshopmagelan.rs\/index.php\/wp-json\/wp\/v2\/comments?post=4277"}],"wp:featuredmedia":[{"embeddable":true,"href":"https:\/\/petshopmagelan.rs\/index.php\/wp-json\/wp\/v2\/media\/4276"}],"wp:attachment":[{"href":"https:\/\/petshopmagelan.rs\/index.php\/wp-json\/wp\/v2\/media?parent=4277"}],"wp:term":[{"taxonomy":"product_brand","embeddable":true,"href":"https:\/\/petshopmagelan.rs\/index.php\/wp-json\/wp\/v2\/product_brand?post=4277"},{"taxonomy":"product_cat","embeddable":true,"href":"https:\/\/petshopmagelan.rs\/index.php\/wp-json\/wp\/v2\/product_cat?post=4277"},{"taxonomy":"product_tag","embeddable":true,"href":"https:\/\/petshopmagelan.rs\/index.php\/wp-json\/wp\/v2\/product_tag?post=4277"}],"curies":[{"name":"wp","href":"https:\/\/api.w.org\/{rel}","templated":true}]}}