{"id":4274,"date":"2025-12-24T12:10:46","date_gmt":"2025-12-24T12:10:46","guid":{"rendered":"https:\/\/petshopmagelan.rs\/?post_type=product&#038;p=4274"},"modified":"2025-12-24T12:10:46","modified_gmt":"2025-12-24T12:10:46","slug":"gemon-urinary-suva-hrana-za-odrasle-macke-piletina-i-pirinac-7kg","status":"publish","type":"product","link":"https:\/\/petshopmagelan.rs\/index.php\/product\/gemon-urinary-suva-hrana-za-odrasle-macke-piletina-i-pirinac-7kg\/","title":{"rendered":"GEMON Urinary &#8211; Suva hrana za odrasle ma\u010dke, Piletina i pirina\u010d 7kg"},"content":{"rendered":"<p data-start=\"496\" data-end=\"681\">Gemon Urinary Adult Cat kombinuje <strong data-start=\"530\" data-end=\"559\">visokokvalitetnu piletinu<\/strong> sa pirin\u010dem i dodatkom <strong data-start=\"583\" data-end=\"602\">salmonskog ulja<\/strong>, za lako svarljivu i ukusnu hranu koja odr\u017eava ko\u017eu i dlaku mekom i sjajnom.<\/p>\n<p data-start=\"683\" data-end=\"989\">Formula sadr\u017ei <strong data-start=\"698\" data-end=\"757\">Frukto-oligosaharide (FOS) i Mannan-oligosaharide (MOS)<\/strong> \u2013 prebiotike koji podr\u017eavaju zdravu crevnu mikrofloru, dok <strong data-start=\"817\" data-end=\"837\">Yucca Schidigera<\/strong> poma\u017ee u smanjenju neprijatnih mirisa iz creva. Hrana je napravljena bez ve\u0161ta\u010dkih boja i konzervansa, sa sve\u017eim mesom radi optimalne palatabilnosti.<\/p>\n<h3 data-start=\"996\" data-end=\"1011\">Prednosti<\/h3>\n<ul data-start=\"1012\" data-end=\"1333\">\n<li data-start=\"1012\" data-end=\"1088\">\n<p data-start=\"1014\" data-end=\"1088\"><strong data-start=\"1016\" data-end=\"1046\">Podr\u0161ka urinarnoj funkciji<\/strong> \u2013 smanjuje rizik od struvitnih kamenaca<\/p>\n<\/li>\n<li data-start=\"1089\" data-end=\"1168\">\n<p data-start=\"1091\" data-end=\"1168\"><strong data-start=\"1094\" data-end=\"1117\">Kvalitetni proteini<\/strong> \u2013 piletina i sve\u017ee meso za optimalnu hranljivost<\/p>\n<\/li>\n<li data-start=\"1169\" data-end=\"1237\">\n<p data-start=\"1171\" data-end=\"1237\"><strong data-start=\"1174\" data-end=\"1204\">Sjajna dlaka i zdrava ko\u017ea<\/strong> \u2013 zahvaljuju\u0107i salmonskom ulju<\/p>\n<\/li>\n<li data-start=\"1238\" data-end=\"1286\">\n<p data-start=\"1240\" data-end=\"1286\"><strong data-start=\"1243\" data-end=\"1261\">Zdravlje creva<\/strong> \u2013 FOS i MOS prebiotici<\/p>\n<\/li>\n<li data-start=\"1287\" data-end=\"1333\">\n<p data-start=\"1289\" data-end=\"1333\"><strong data-start=\"1292\" data-end=\"1312\">Smanjenje mirisa<\/strong> \u2013 Yucca Schidigera<\/p>\n<\/li>\n<\/ul>\n<h3 data-start=\"1340\" data-end=\"1352\">Sastav<\/h3>\n<ul data-start=\"1353\" data-end=\"1596\">\n<li data-start=\"1353\" data-end=\"1413\">\n<p data-start=\"1355\" data-end=\"1413\"><strong data-start=\"1355\" data-end=\"1387\">Meso i \u017eivotinjski derivati:<\/strong> 40% (sve\u017ea piletina 8%)<\/p>\n<\/li>\n<li data-start=\"1414\" data-end=\"1442\">\n<p data-start=\"1416\" data-end=\"1442\"><strong data-start=\"1416\" data-end=\"1429\">\u017ditarice:<\/strong> pirina\u010d 4%<\/p>\n<\/li>\n<li data-start=\"1443\" data-end=\"1473\">\n<p data-start=\"1445\" data-end=\"1473\"><strong data-start=\"1445\" data-end=\"1471\">Ribe i riblji derivati<\/strong><\/p>\n<\/li>\n<li data-start=\"1474\" data-end=\"1513\">\n<p data-start=\"1476\" data-end=\"1513\"><strong data-start=\"1476\" data-end=\"1493\">Ulja i masti:<\/strong> salmonsko ulje 1%<\/p>\n<\/li>\n<li data-start=\"1514\" data-end=\"1571\">\n<p data-start=\"1516\" data-end=\"1571\"><strong data-start=\"1516\" data-end=\"1569\">Povr\u0107e, minerali, FOS 0.5%, Yucca Schidigera 0.1%<\/strong><\/p>\n<\/li>\n<li data-start=\"1572\" data-end=\"1596\">\n<p data-start=\"1574\" data-end=\"1596\"><strong data-start=\"1574\" data-end=\"1585\">Kvasci:<\/strong> MOS 0.5%<\/p>\n<\/li>\n<\/ul>\n","protected":false},"excerpt":{"rendered":"<p data-start=\"172\" data-end=\"469\">Kompletna dijetetska hrana za odrasle ma\u010dke (+12 meseci), posebno formulisana za smanjenje rizika od ponovnog stvaranja struvitnih kamenaca. Sadr\u017ei piletinu i pirina\u010d kao visokokvalitetne izvore hranljivih materija, sa urinarno acidifikacionim svojstvima i kontrolisanim nivoom magnezijuma (Mg).<\/p>\n","protected":false},"featured_media":4275,"comment_status":"open","ping_status":"closed","template":"","meta":[],"product_brand":[],"product_cat":[15],"product_tag":[],"class_list":{"0":"post-4274","1":"product","2":"type-product","3":"status-publish","4":"has-post-thumbnail","6":"product_cat-uncategorized","9":"instock","10":"shipping-taxable","11":"purchasable","12":"product-type-simple"},"_links":{"self":[{"href":"https:\/\/petshopmagelan.rs\/index.php\/wp-json\/wp\/v2\/product\/4274","targetHints":{"allow":["GET"]}}],"collection":[{"href":"https:\/\/petshopmagelan.rs\/index.php\/wp-json\/wp\/v2\/product"}],"about":[{"href":"https:\/\/petshopmagelan.rs\/index.php\/wp-json\/wp\/v2\/types\/product"}],"replies":[{"embeddable":true,"href":"https:\/\/petshopmagelan.rs\/index.php\/wp-json\/wp\/v2\/comments?post=4274"}],"wp:featuredmedia":[{"embeddable":true,"href":"https:\/\/petshopmagelan.rs\/index.php\/wp-json\/wp\/v2\/media\/4275"}],"wp:attachment":[{"href":"https:\/\/petshopmagelan.rs\/index.php\/wp-json\/wp\/v2\/media?parent=4274"}],"wp:term":[{"taxonomy":"product_brand","embeddable":true,"href":"https:\/\/petshopmagelan.rs\/index.php\/wp-json\/wp\/v2\/product_brand?post=4274"},{"taxonomy":"product_cat","embeddable":true,"href":"https:\/\/petshopmagelan.rs\/index.php\/wp-json\/wp\/v2\/product_cat?post=4274"},{"taxonomy":"product_tag","embeddable":true,"href":"https:\/\/petshopmagelan.rs\/index.php\/wp-json\/wp\/v2\/product_tag?post=4274"}],"curies":[{"name":"wp","href":"https:\/\/api.w.org\/{rel}","templated":true}]}}