{"id":4262,"date":"2026-02-09T11:38:05","date_gmt":"2026-02-09T11:38:05","guid":{"rendered":"https:\/\/petshopmagelan.rs\/?post_type=product&#038;p=4262"},"modified":"2026-02-09T11:38:05","modified_gmt":"2026-02-09T11:38:05","slug":"rawival-premium-hrana-za-odrasle-pse-malih-rasa-patka-i-fazan-2-5kg","status":"publish","type":"product","link":"https:\/\/petshopmagelan.rs\/index.php\/product\/rawival-premium-hrana-za-odrasle-pse-malih-rasa-patka-i-fazan-2-5kg\/","title":{"rendered":"RAWIVAL &#8211; Premium hrana za odrasle pse malih rasa, Patka i fazan 2.5kg"},"content":{"rendered":"<p data-start=\"605\" data-end=\"1003\">Ova prirodna hrana kombinuje sirovu otko\u0161tenu patku (19%) i fazana (7%) sa dehidriranim proteinima patke (19%) i fazana (7%), kao i hidrolizovane proteine peradi (piletina, \u0107uretina) i ribe (bakalar, osli\u0107), pru\u017eaju\u0107i potpuni profil proteina za optimalnu mi\u0161i\u0107nu masu i energiju. Riblje ulje doprinosi zdravlju ko\u017ee i dlake, dok su\u0161ena cela jaja obezbe\u0111uju dodatne esencijalne hranljive materije.<\/p>\n<p data-start=\"1005\" data-end=\"1345\">Zdrava me\u0161avina \u017eitarica, uklju\u010duju\u0107i drevne vrste (spelta, integralni pirina\u010d, je\u010dam, ovas i proso), obezbe\u0111uje dugotrajnu energiju za aktivnu igru i \u0161etnje. Prebiotici i vlakna (MOS, FOS, inulin iz cikorije) podr\u017eavaju zdravu crevnu mikrofloru i dobru probavu. Ascophyllum Nodosum (braon alga) poma\u017ee u odr\u017eavanju zdravlja zuba i desni.<\/p>\n<p data-start=\"1347\" data-end=\"1639\">Prirodni antioksidansi i superhrana \u2013 su\u0161ena arti\u010doka, tre\u0161nja, borovnica, brusnica, ruzmarin, kurkuma i neven \u2013 doprinose ja\u010danju imunog sistema. Glukozamin i hondroitin dodatno podr\u017eavaju zdravlje zglobova i kostiju, \u0161to je posebno va\u017eno za male rase koje su aktivne i sklonije povredama.<\/p>\n<h3 data-start=\"1646\" data-end=\"1661\">Prednosti<\/h3>\n<ul data-start=\"1662\" data-end=\"2303\">\n<li data-start=\"1662\" data-end=\"1754\">\n<p data-start=\"1664\" data-end=\"1754\"><strong data-start=\"1667\" data-end=\"1702\">Premium proteini patke i fazana<\/strong> \u2013 visokokvalitetni proteini za vitalnost i mi\u0161i\u0107e<\/p>\n<\/li>\n<li data-start=\"1755\" data-end=\"1874\">\n<p data-start=\"1757\" data-end=\"1874\"><strong data-start=\"1760\" data-end=\"1799\">Energetski bogata me\u0161avina \u017eitarica<\/strong> \u2013 spelta, integralni pirina\u010d, je\u010dam, ovas i proso za dugotrajnu energiju<\/p>\n<\/li>\n<li data-start=\"1875\" data-end=\"1940\">\n<p data-start=\"1877\" data-end=\"1940\"><strong data-start=\"1880\" data-end=\"1912\">Podr\u0161ka zglobovima i kostima<\/strong> \u2013 glukozamin i hondroitin<\/p>\n<\/li>\n<li data-start=\"1941\" data-end=\"2008\">\n<p data-start=\"1943\" data-end=\"2008\"><strong data-start=\"1946\" data-end=\"1971\">Zdravlje zuba i desni<\/strong> \u2013 Ascophyllum Nodosum (braon alga)<\/p>\n<\/li>\n<li data-start=\"2009\" data-end=\"2097\">\n<p data-start=\"2011\" data-end=\"2097\"><strong data-start=\"2014\" data-end=\"2054\">Podr\u0161ka probavi i crevnoj mikroflori<\/strong> \u2013 prebiotici i vlakna (MOS, FOS, inulin)<\/p>\n<\/li>\n<li data-start=\"2098\" data-end=\"2218\">\n<p data-start=\"2100\" data-end=\"2218\"><strong data-start=\"2103\" data-end=\"2142\">Prirodni antioksidansi i superhrana<\/strong> \u2013 su\u0161ena arti\u010doka, tre\u0161nja, borovnica, brusnica, ruzmarin, kurkuma, neven<\/p>\n<\/li>\n<li data-start=\"2219\" data-end=\"2303\">\n<p data-start=\"2221\" data-end=\"2303\"><strong data-start=\"2224\" data-end=\"2259\">Kompletna i balansirana formula<\/strong> \u2013 za odrasle pse malih i patuljastih rasa<\/p>\n<\/li>\n<\/ul>\n<h3 data-start=\"2310\" data-end=\"2322\">Sastav<\/h3>\n<p data-start=\"2323\" data-end=\"3144\">Sirova otko\u0161tena patka (19%), dehidrirani protein patke (19%), dehidrirani protein fazana (7%), sirova otko\u0161tena fazan (7%), pile\u0107i loj, hidrolizovani proteini peradi (piletina, \u0107uretina), hidrolizovani riblji proteini (bakalar, osli\u0107), riblje ulje (losos), su\u0161ena cela jaja, spelta, integralni pirina\u010d, je\u010dam, ovas, proso, digest-pile\u0107e iznutrice (jetra, srce, bubrezi), lan, su\u0161ena pulpa repe, bra\u0161no lucerke, vlakna gra\u0161ka, inulin iz cikorije (0,4%), ekstrakt kvasca (MOS 0,3%), frukto-oligosaharidi (FOS 0,3%), Ascophyllum Nodosum, kalcijum-karbonat, monokalcijum-fosfat, kalijum-hlorid, natrijum-hlorid, su\u0161eni pivski kvasac, glukozamin, hondroitin-sulfat, su\u0161ena arti\u010doka, su\u0161ena tre\u0161nja, su\u0161ena borovnica, su\u0161ena brusnica, su\u0161eni ruzmarin, su\u0161ena kurkuma, su\u0161eni neven, ljuske i seme psilijuma, Yucca schidigera.<\/p>\n","protected":false},"excerpt":{"rendered":"<p>Rawival Wild Gifts with Wings je kompletna i balansirana premium hrana za odrasle pse malih i patuljastih rasa sa patkom i fazanom. Sirova otko\u0161tena patka i fazan, zajedno sa dehidriranim proteinima, pru\u017eaju visokokvalitetne proteine za mi\u0161i\u0107e i vitalnost. Formula uklju\u010duje zdrave \u017eitarice i braon alge za energiju i zdravlje zuba i desni.<\/p>\n","protected":false},"featured_media":4255,"comment_status":"open","ping_status":"closed","template":"","meta":[],"product_brand":[],"product_cat":[263,264,265,267],"product_tag":[],"class_list":{"0":"post-4262","1":"product","2":"type-product","3":"status-publish","4":"has-post-thumbnail","6":"product_cat-psi","7":"product_cat-hrana-za-pse","8":"product_cat-suva-hrana","9":"product_cat-odrasli-psi","12":"instock","13":"shipping-taxable","14":"purchasable","15":"product-type-simple"},"_links":{"self":[{"href":"https:\/\/petshopmagelan.rs\/index.php\/wp-json\/wp\/v2\/product\/4262","targetHints":{"allow":["GET"]}}],"collection":[{"href":"https:\/\/petshopmagelan.rs\/index.php\/wp-json\/wp\/v2\/product"}],"about":[{"href":"https:\/\/petshopmagelan.rs\/index.php\/wp-json\/wp\/v2\/types\/product"}],"replies":[{"embeddable":true,"href":"https:\/\/petshopmagelan.rs\/index.php\/wp-json\/wp\/v2\/comments?post=4262"}],"wp:featuredmedia":[{"embeddable":true,"href":"https:\/\/petshopmagelan.rs\/index.php\/wp-json\/wp\/v2\/media\/4255"}],"wp:attachment":[{"href":"https:\/\/petshopmagelan.rs\/index.php\/wp-json\/wp\/v2\/media?parent=4262"}],"wp:term":[{"taxonomy":"product_brand","embeddable":true,"href":"https:\/\/petshopmagelan.rs\/index.php\/wp-json\/wp\/v2\/product_brand?post=4262"},{"taxonomy":"product_cat","embeddable":true,"href":"https:\/\/petshopmagelan.rs\/index.php\/wp-json\/wp\/v2\/product_cat?post=4262"},{"taxonomy":"product_tag","embeddable":true,"href":"https:\/\/petshopmagelan.rs\/index.php\/wp-json\/wp\/v2\/product_tag?post=4262"}],"curies":[{"name":"wp","href":"https:\/\/api.w.org\/{rel}","templated":true}]}}