{"id":4261,"date":"2026-02-09T11:37:15","date_gmt":"2026-02-09T11:37:15","guid":{"rendered":"https:\/\/petshopmagelan.rs\/?post_type=product&#038;p=4261"},"modified":"2026-02-09T11:37:15","modified_gmt":"2026-02-09T11:37:15","slug":"rawival-premium-hrana-za-odrasle-pse-srednjih-i-velikih-rasa-patka-i-fazan-2-5kg","status":"publish","type":"product","link":"https:\/\/petshopmagelan.rs\/index.php\/product\/rawival-premium-hrana-za-odrasle-pse-srednjih-i-velikih-rasa-patka-i-fazan-2-5kg\/","title":{"rendered":"RAWIVAL &#8211; Premium hrana za odrasle pse srednjih i velikih rasa, Patka i fazan 2.5kg"},"content":{"rendered":"<p data-start=\"535\" data-end=\"916\">Ova pa\u017eljivo formulirana hrana kombinuje sirovu otko\u0161tenu patku (19%) i sirovu otko\u0161tenu fazana (7%) sa dehidriranim proteinima patke (8%) i fazana (8%), pru\u017eaju\u0107i visokokvalitetne proteine potrebne za mi\u0161i\u0107e, vitalnost i op\u0161te zdravlje. Hidrolizovani proteini peradi (piletina, \u0107uretina) i ribe (bakalar, osli\u0107), zajedno sa ribljim uljem, doprinose zdravoj ko\u017ei i sjajnoj dlaci.<\/p>\n<p data-start=\"918\" data-end=\"1184\">Zdrava me\u0161avina \u017eitarica, uklju\u010duju\u0107i drevne vrste, speltu, integralni pirina\u010d, je\u010dam, ovas i proso, pru\u017ea stabilnu energiju za aktivan \u017eivot i duge \u0161etnje. Prebiotici i vlakna (MOS, FOS, inulin iz cikorije) podr\u017eavaju zdravu crevnu mikrofloru i optimalnu probavu.<\/p>\n<p data-start=\"1186\" data-end=\"1520\">Specijalni sastojak braon algi (Ascophyllum Nodosum) poma\u017ee u odr\u017eavanju zdravlja zuba i desni. Prirodni antioksidansi i superhrana \u2013 su\u0161ena arti\u010doka, tre\u0161nja, borovnica, brusnica, ruzmarin, kurkuma i neven \u2013 doprinose ja\u010danju imunog sistema i op\u0161tem zdravlju. Glukozamin i hondroitin dodatno podr\u017eavaju zdravlje zglobova i kostiju.<\/p>\n<h3 data-start=\"1527\" data-end=\"1542\">Prednosti<\/h3>\n<ul data-start=\"1543\" data-end=\"2213\">\n<li data-start=\"1543\" data-end=\"1642\">\n<p data-start=\"1545\" data-end=\"1642\"><strong data-start=\"1548\" data-end=\"1583\">Premium proteini patke i fazana<\/strong> \u2013 visokokvalitetni izvori proteina za mi\u0161i\u0107e i vitalnost<\/p>\n<\/li>\n<li data-start=\"1643\" data-end=\"1762\">\n<p data-start=\"1645\" data-end=\"1762\"><strong data-start=\"1648\" data-end=\"1687\">Energetski bogata me\u0161avina \u017eitarica<\/strong> \u2013 spelta, integralni pirina\u010d, je\u010dam, ovas i proso za dugotrajnu energiju<\/p>\n<\/li>\n<li data-start=\"1763\" data-end=\"1827\">\n<p data-start=\"1765\" data-end=\"1827\"><strong data-start=\"1768\" data-end=\"1799\">Zdravlje zglobova i kostiju<\/strong> \u2013 glukozamin i hondroitin<\/p>\n<\/li>\n<li data-start=\"1828\" data-end=\"1916\">\n<p data-start=\"1830\" data-end=\"1916\"><strong data-start=\"1833\" data-end=\"1873\">Podr\u0161ka probavi i crevnoj mikroflori<\/strong> \u2013 prebiotici i vlakna (MOS, FOS, inulin)<\/p>\n<\/li>\n<li data-start=\"1917\" data-end=\"1984\">\n<p data-start=\"1919\" data-end=\"1984\"><strong data-start=\"1922\" data-end=\"1947\">Zdravlje zuba i desni<\/strong> \u2013 Ascophyllum Nodosum (braon alga)<\/p>\n<\/li>\n<li data-start=\"1985\" data-end=\"2105\">\n<p data-start=\"1987\" data-end=\"2105\"><strong data-start=\"1990\" data-end=\"2029\">Prirodni antioksidansi i superhrana<\/strong> \u2013 su\u0161ena arti\u010doka, tre\u0161nja, borovnica, brusnica, ruzmarin, kurkuma, neven<\/p>\n<\/li>\n<li data-start=\"2106\" data-end=\"2213\">\n<p data-start=\"2108\" data-end=\"2213\"><strong data-start=\"2111\" data-end=\"2146\">Kompletna i balansirana formula<\/strong> \u2013 za odrasle pse srednjih i velikih rasa, aktivnog na\u010dina \u017eivota<\/p>\n<\/li>\n<\/ul>\n<h3 data-start=\"2220\" data-end=\"2232\">Sastav<\/h3>\n<p data-start=\"2233\" data-end=\"3065\">Sirova otko\u0161tena patka (19%), dehidrirani protein patke (8%), dehidrirani protein fazana (8%), sirova otko\u0161tena fazan (7%), pile\u0107i loj, hidrolizovani proteini peradi (piletina, \u0107uretina), hidrolizovani riblji proteini (bakalar, osli\u0107), riblje ulje (losos), su\u0161ena cela jaja, spelta, integralni pirina\u010d, je\u010dam, ovas, proso, digest- pile\u0107i iznutrice (jetra, srce, bubrezi), lan, su\u0161ena pulpa repe, bra\u0161no lucerke, vlakna gra\u0161ka, inulin iz cikorije (0,4%), ekstrakt kvasca (MOS 0,3%), frukto-oligosaharidi (FOS 0,3%), Ascophyllum Nodosum, kalcijum-karbonat, monokalcijum-fosfat, kalijum-hlorid, natrijum-hlorid, su\u0161eni pivski kvasac, glukozamin, hondroitin-sulfat, su\u0161ena arti\u010doka, su\u0161ena tre\u0161nja, su\u0161ena borovnica, su\u0161ena brusnica, aloe vera, su\u0161eni ruzmarin, su\u0161ena kurkuma, su\u0161eni neven, ljuske i seme psilijuma, Yucca schidigera.<\/p>\n","protected":false},"excerpt":{"rendered":"<p>Rawival Wild Gifts with Wings je kompletna i balansirana premium hrana za odrasle pse srednjih i velikih rasa sa patkom i fazanom. Ova prirodna formula pru\u017ea visokokvalitetne proteine i esencijalne hranljive materije, podr\u017eavaju\u0107i energi\u010dan i zdrav \u017eivot va\u0161eg psa.<\/p>\n","protected":false},"featured_media":4256,"comment_status":"open","ping_status":"closed","template":"","meta":[],"product_brand":[],"product_cat":[263,264,265,267],"product_tag":[],"class_list":{"0":"post-4261","1":"product","2":"type-product","3":"status-publish","4":"has-post-thumbnail","6":"product_cat-psi","7":"product_cat-hrana-za-pse","8":"product_cat-suva-hrana","9":"product_cat-odrasli-psi","12":"instock","13":"shipping-taxable","14":"purchasable","15":"product-type-simple"},"_links":{"self":[{"href":"https:\/\/petshopmagelan.rs\/index.php\/wp-json\/wp\/v2\/product\/4261","targetHints":{"allow":["GET"]}}],"collection":[{"href":"https:\/\/petshopmagelan.rs\/index.php\/wp-json\/wp\/v2\/product"}],"about":[{"href":"https:\/\/petshopmagelan.rs\/index.php\/wp-json\/wp\/v2\/types\/product"}],"replies":[{"embeddable":true,"href":"https:\/\/petshopmagelan.rs\/index.php\/wp-json\/wp\/v2\/comments?post=4261"}],"wp:featuredmedia":[{"embeddable":true,"href":"https:\/\/petshopmagelan.rs\/index.php\/wp-json\/wp\/v2\/media\/4256"}],"wp:attachment":[{"href":"https:\/\/petshopmagelan.rs\/index.php\/wp-json\/wp\/v2\/media?parent=4261"}],"wp:term":[{"taxonomy":"product_brand","embeddable":true,"href":"https:\/\/petshopmagelan.rs\/index.php\/wp-json\/wp\/v2\/product_brand?post=4261"},{"taxonomy":"product_cat","embeddable":true,"href":"https:\/\/petshopmagelan.rs\/index.php\/wp-json\/wp\/v2\/product_cat?post=4261"},{"taxonomy":"product_tag","embeddable":true,"href":"https:\/\/petshopmagelan.rs\/index.php\/wp-json\/wp\/v2\/product_tag?post=4261"}],"curies":[{"name":"wp","href":"https:\/\/api.w.org\/{rel}","templated":true}]}}