{"id":4258,"date":"2026-02-09T11:30:04","date_gmt":"2026-02-09T11:30:04","guid":{"rendered":"https:\/\/petshopmagelan.rs\/?post_type=product&#038;p=4258"},"modified":"2026-02-09T11:30:04","modified_gmt":"2026-02-09T11:30:04","slug":"rawival-premium-hrana-za-stence-malih-i-patuljastih-rasa-jagnjetina-i-prepelica-7-5kg","status":"publish","type":"product","link":"https:\/\/petshopmagelan.rs\/index.php\/product\/rawival-premium-hrana-za-stence-malih-i-patuljastih-rasa-jagnjetina-i-prepelica-7-5kg\/","title":{"rendered":"RAWIVAL &#8211; Premium hrana za \u0161tence malih i patuljastih rasa, Jagnjetina i prepelica 7.5kg"},"content":{"rendered":"<p data-start=\"583\" data-end=\"928\">Ova pa\u017eljivo formulisana hrana kombinuje deboned jagnjetinu i prepelicu iz uzgoja na pa\u0161njacima, pru\u017eaju\u0107i sve klju\u010dne proteine potrebne za rast i razvoj malih \u0161tenaca. Formula uklju\u010duje i dehidrirane proteinske izvore (jagnjetina, prepelica, piletina) i hidrolizovane riblje proteine, kako bi podr\u017eala zdrav razvoj mi\u0161i\u0107a, kostiju i zglobova.<\/p>\n<p data-start=\"930\" data-end=\"1175\">Zdrava me\u0161avina \u017eitarica, uklju\u010duju\u0107i drevne vrste, pirina\u010d, je\u010dam, ovas i proso, pru\u017ea dugotrajnu energiju za aktivan \u017eivot \u0161tenaca. Prebiotici i vlakna (MOS, FOS, inulin iz cikorije) doprinose zdravoj crevnoj mikroflori i optimalnoj probavi.<\/p>\n<p data-start=\"1177\" data-end=\"1389\">Dodatni sastojci poput Ascophyllum Nodosum, borovnice, brusnice, tre\u0161nje, nevena i kurkume pru\u017eaju antioksidativnu za\u0161titu i podr\u0161ku imunitetu, dok glukozamin i hondroitin podr\u017eavaju zglobove i kosti u razvoju.<\/p>\n<h3 data-start=\"1396\" data-end=\"1411\">Prednosti<\/h3>\n<ul data-start=\"1412\" data-end=\"1978\">\n<li data-start=\"1412\" data-end=\"1522\">\n<p data-start=\"1414\" data-end=\"1522\"><strong data-start=\"1417\" data-end=\"1446\">Visokokvalitetni proteini<\/strong> \u2013 jagnjetina i prepelica iz uzgoja na pa\u0161njacima za podr\u0161ku zdravom rastu<\/p>\n<\/li>\n<li data-start=\"1523\" data-end=\"1620\">\n<p data-start=\"1525\" data-end=\"1620\"><strong data-start=\"1528\" data-end=\"1556\">Zdrava me\u0161avina \u017eitarica<\/strong> \u2013 spelta, pirina\u010d, je\u010dam, ovas i proso za dugotrajnu energiju<\/p>\n<\/li>\n<li data-start=\"1621\" data-end=\"1694\">\n<p data-start=\"1623\" data-end=\"1694\"><strong data-start=\"1626\" data-end=\"1658\">Podr\u0161ka zglobovima i kostima<\/strong> \u2013 glukozamin i hondroitin sulfate<\/p>\n<\/li>\n<li data-start=\"1695\" data-end=\"1783\">\n<p data-start=\"1697\" data-end=\"1783\"><strong data-start=\"1700\" data-end=\"1740\">Podr\u0161ka probavi i crevnoj mikroflori<\/strong> \u2013 prebiotici i vlakna (MOS, FOS, inulin)<\/p>\n<\/li>\n<li data-start=\"1784\" data-end=\"1897\">\n<p data-start=\"1786\" data-end=\"1897\"><strong data-start=\"1789\" data-end=\"1815\">Prirodni antioksidansi<\/strong> \u2013 borovnica, brusnica, tre\u0161nja, aloe vera, neven i kurkuma za ja\u010danje imuniteta<\/p>\n<\/li>\n<li data-start=\"1898\" data-end=\"1978\">\n<p data-start=\"1900\" data-end=\"1978\"><strong data-start=\"1903\" data-end=\"1938\">Kompletna i balansirana formula<\/strong> \u2013 pogodna i za trudne i dojilje majke<\/p>\n<\/li>\n<\/ul>\n<h3 data-start=\"1985\" data-end=\"1997\">Sastav<\/h3>\n<p data-start=\"1998\" data-end=\"2848\">Deboned jagnjetina (25%), deboned prepelica (10%), piletinska mast, dehidrirani jagnjetinski protein (8%), dehidrirani protein prepelice (6%), dehidrirani pile\u0107i protein, hidrolizovani riblji proteini (bakalar, osli\u0107), riblje ulje (losos), spelta, integralni pirina\u010d, je\u010dam, ovas, proso, hidrolizovani pile\u0107i i \u0107ure\u0107i proteini, digest-pile\u0107e iznutrice (jetra, srce, bubrezi), suva cela jaja, lan, su\u0161ena pulpa repe, bra\u0161no lucerke, vlakna gra\u0161ka, glukozamin, hondroitin-sulfat, inulin cikorije (0,4%), ekstrakt kvasca (MOS, 0,3%), frukto-oligosaharidi (FOS, 0,3%), Ascophyllum Nodosum, kalcijum-karbonat, monokalcijum-fosfat, kalijum-hlorid, natrijum-hlorid, su\u0161eni pivski kvasac, su\u0161eni \u0161pargli, su\u0161ena borovnica, su\u0161ena brusnica, su\u0161ena tre\u0161nja, aloe vera, su\u0161eni ruzmarin, su\u0161ena kurkuma, su\u0161eni neven, ljuske i seme psilijuma, Yucca schidigera.<\/p>\n","protected":false},"excerpt":{"rendered":"<p>Rawival Gifts of Fields &amp; Branches je kompletna i balansirana premium hrana za \u0161tence malih i patuljastih rasa, sa jagnjetinom i prepelicom. Ova prirodna formula pru\u017ea visokokvalitetne proteine, podr\u0161ku zdravom rastu i razvoju, kao i stabilnu energiju za razigrane male pse. Pogodna je i za trudne i dojilje majke.<\/p>\n","protected":false},"featured_media":4252,"comment_status":"open","ping_status":"closed","template":"","meta":[],"product_brand":[],"product_cat":[263,264,265,266],"product_tag":[],"class_list":{"0":"post-4258","1":"product","2":"type-product","3":"status-publish","4":"has-post-thumbnail","6":"product_cat-psi","7":"product_cat-hrana-za-pse","8":"product_cat-suva-hrana","9":"product_cat-stenci","12":"instock","13":"shipping-taxable","14":"purchasable","15":"product-type-simple"},"_links":{"self":[{"href":"https:\/\/petshopmagelan.rs\/index.php\/wp-json\/wp\/v2\/product\/4258","targetHints":{"allow":["GET"]}}],"collection":[{"href":"https:\/\/petshopmagelan.rs\/index.php\/wp-json\/wp\/v2\/product"}],"about":[{"href":"https:\/\/petshopmagelan.rs\/index.php\/wp-json\/wp\/v2\/types\/product"}],"replies":[{"embeddable":true,"href":"https:\/\/petshopmagelan.rs\/index.php\/wp-json\/wp\/v2\/comments?post=4258"}],"wp:featuredmedia":[{"embeddable":true,"href":"https:\/\/petshopmagelan.rs\/index.php\/wp-json\/wp\/v2\/media\/4252"}],"wp:attachment":[{"href":"https:\/\/petshopmagelan.rs\/index.php\/wp-json\/wp\/v2\/media?parent=4258"}],"wp:term":[{"taxonomy":"product_brand","embeddable":true,"href":"https:\/\/petshopmagelan.rs\/index.php\/wp-json\/wp\/v2\/product_brand?post=4258"},{"taxonomy":"product_cat","embeddable":true,"href":"https:\/\/petshopmagelan.rs\/index.php\/wp-json\/wp\/v2\/product_cat?post=4258"},{"taxonomy":"product_tag","embeddable":true,"href":"https:\/\/petshopmagelan.rs\/index.php\/wp-json\/wp\/v2\/product_tag?post=4258"}],"curies":[{"name":"wp","href":"https:\/\/api.w.org\/{rel}","templated":true}]}}