{"id":4257,"date":"2026-02-09T11:29:05","date_gmt":"2026-02-09T11:29:05","guid":{"rendered":"https:\/\/petshopmagelan.rs\/?post_type=product&#038;p=4257"},"modified":"2026-02-09T11:29:35","modified_gmt":"2026-02-09T11:29:35","slug":"rawival-premium-hrana-za-odrasle-pse-malih-i-patuljastih-rasa-jagnjetina-i-prepelica-7-5kg","status":"publish","type":"product","link":"https:\/\/petshopmagelan.rs\/index.php\/product\/rawival-premium-hrana-za-odrasle-pse-malih-i-patuljastih-rasa-jagnjetina-i-prepelica-7-5kg\/","title":{"rendered":"RAWIVAL &#8211; Premium hrana za odrasle pse malih i patuljastih rasa, Jagnjetina i prepelica 7.5kg"},"content":{"rendered":"<p data-start=\"552\" data-end=\"865\">Ova pa\u017eljivo osmi\u0161ljena formula kombinuje deboned jagnjetinu i prepelicu, bogate visokovrednim proteinima, kako bi podr\u017eala mi\u0161i\u0107e, kosti i zglobove aktivnih pasa. Jagnjetina je iz uzgoja na pa\u0161njacima, dok prepelica dodaje jedinstveni ukus i nutritivne prednosti, stvaraju\u0107i izvanredan balans ukusa i energije.<\/p>\n<p data-start=\"867\" data-end=\"1151\">Formula uklju\u010duje i me\u0161avinu zdravih \u017eitarica, uklju\u010duju\u0107i drevne vrste, koje su izvor kvalitetnih ugljenih hidrata i vlakana za dugotrajnu energiju tokom igre i \u0161etnji. Poseban dodatak sme\u0111e morske alge (Ascophyllum Nodosum) poma\u017ee u odr\u017eavanju dentalnog zdravlja i zdravlja desni.<\/p>\n<p data-start=\"1153\" data-end=\"1373\">Prebiotici, vlakna, fitonutrijenti i vitamini doprinose zdravoj crevnoj mikroflori i optimalnoj probavi. Za dodatnu za\u0161titu i antioksidativnu podr\u0161ku tu su prirodni sastojci poput borovnice, brusnice, tre\u0161nje i nevena.<\/p>\n<h3 data-start=\"1380\" data-end=\"1395\">Prednosti<\/h3>\n<ul data-start=\"1396\" data-end=\"1992\">\n<li data-start=\"1396\" data-end=\"1496\">\n<p data-start=\"1398\" data-end=\"1496\"><strong data-start=\"1401\" data-end=\"1456\">Visokokvalitetni proteini iz jagnjetine i prepelice<\/strong> \u2013 podr\u017eavaju mi\u0161i\u0107e, kosti i zglobove<\/p>\n<\/li>\n<li data-start=\"1497\" data-end=\"1592\">\n<p data-start=\"1499\" data-end=\"1592\"><strong data-start=\"1502\" data-end=\"1530\">Zdrava me\u0161avina \u017eitarica<\/strong> \u2013 uklju\u010duje drevne vrste za dugotrajnu energiju i vitalnost<\/p>\n<\/li>\n<li data-start=\"1593\" data-end=\"1696\">\n<p data-start=\"1595\" data-end=\"1696\"><strong data-start=\"1598\" data-end=\"1628\">Podr\u0161ka dentalnom zdravlju<\/strong> \u2013 sme\u0111a alga Ascophyllum Nodosum poma\u017ee u odr\u017eavanju zuba i desni<\/p>\n<\/li>\n<li data-start=\"1697\" data-end=\"1785\">\n<p data-start=\"1699\" data-end=\"1785\"><strong data-start=\"1702\" data-end=\"1742\">Podr\u0161ka probavi i crevnoj mikroflori<\/strong> \u2013 prebiotici (MOS, FOS, inulin) i vlakna<\/p>\n<\/li>\n<li data-start=\"1786\" data-end=\"1891\">\n<p data-start=\"1788\" data-end=\"1891\"><strong data-start=\"1791\" data-end=\"1817\">Prirodni antioksidansi<\/strong> \u2013 borovnica, brusnica, tre\u0161nja, marigold i kurkuma za ja\u010danje imuniteta<\/p>\n<\/li>\n<li data-start=\"1892\" data-end=\"1992\">\n<p data-start=\"1894\" data-end=\"1992\"><strong data-start=\"1897\" data-end=\"1932\">Kompletna i balansirana formula<\/strong> \u2013 idealna za svakodnevnu ishranu malih i patuljastih pasa<\/p>\n<\/li>\n<\/ul>\n<h3 data-start=\"1999\" data-end=\"2011\">Sastav<\/h3>\n<p data-start=\"2012\" data-end=\"2868\">Deboned jagnjetina (27%), deboned prepelica (8%), dehidrirani jagnjetinski protein (8%), piletinska mast, dehidrirani protein prepelice (6%), dehidrirani pile\u0107i protein, hidrolizovani riblji proteini (bakalar, osli\u0107), riblje ulje (losos), spelta, integralni pirina\u010d, je\u010dam, ovas, proso, hidrolizovani pile\u0107i i \u0107ure\u0107i proteini, digest-pile\u0107e iznutrice (jetra, srce, bubrezi), suva cela jaja, lan, su\u0161ena pulpa repe, bra\u0161no lucerke, vlakna gra\u0161ka, inulin cikorije (0,4%), ekstrakt kvasca (izvor manan-oligosaharida \u2013 0,3%), frukto-oligosaharidi (0,3%), Ascophyllum Nodosum, kalcijum-karbonat, monokalcijum-fosfat, kalijum-hlorid, natrijum-hlorid, su\u0161eni pivski kvasac, glukozamin, hondroitin-sulfat, su\u0161eni \u0161pargli, su\u0161ena borovnica, su\u0161ena brusnica, su\u0161ena tre\u0161nja, su\u0161eni ruzmarin, su\u0161eni kurkuma, su\u0161eni neven, ljuske i seme psilijuma, Yucca schidigera.<\/p>\n","protected":false},"excerpt":{"rendered":"<p>Rawival Gifts of Fields &amp; Branches je kompletna i balansirana premium hrana za odrasle pse malih i patuljastih rasa, sa jagnjetinom i prepelicom. Ova prirodna formula pru\u017ea visokokvalitetne proteine, podr\u0161ku probavi i energiju potrebnu za aktivan i razigran \u017eivot malog psa.<\/p>\n","protected":false},"featured_media":4250,"comment_status":"open","ping_status":"closed","template":"","meta":[],"product_brand":[],"product_cat":[263,264,265,267],"product_tag":[],"class_list":{"0":"post-4257","1":"product","2":"type-product","3":"status-publish","4":"has-post-thumbnail","6":"product_cat-psi","7":"product_cat-hrana-za-pse","8":"product_cat-suva-hrana","9":"product_cat-odrasli-psi","12":"instock","13":"shipping-taxable","14":"purchasable","15":"product-type-simple"},"_links":{"self":[{"href":"https:\/\/petshopmagelan.rs\/index.php\/wp-json\/wp\/v2\/product\/4257","targetHints":{"allow":["GET"]}}],"collection":[{"href":"https:\/\/petshopmagelan.rs\/index.php\/wp-json\/wp\/v2\/product"}],"about":[{"href":"https:\/\/petshopmagelan.rs\/index.php\/wp-json\/wp\/v2\/types\/product"}],"replies":[{"embeddable":true,"href":"https:\/\/petshopmagelan.rs\/index.php\/wp-json\/wp\/v2\/comments?post=4257"}],"wp:featuredmedia":[{"embeddable":true,"href":"https:\/\/petshopmagelan.rs\/index.php\/wp-json\/wp\/v2\/media\/4250"}],"wp:attachment":[{"href":"https:\/\/petshopmagelan.rs\/index.php\/wp-json\/wp\/v2\/media?parent=4257"}],"wp:term":[{"taxonomy":"product_brand","embeddable":true,"href":"https:\/\/petshopmagelan.rs\/index.php\/wp-json\/wp\/v2\/product_brand?post=4257"},{"taxonomy":"product_cat","embeddable":true,"href":"https:\/\/petshopmagelan.rs\/index.php\/wp-json\/wp\/v2\/product_cat?post=4257"},{"taxonomy":"product_tag","embeddable":true,"href":"https:\/\/petshopmagelan.rs\/index.php\/wp-json\/wp\/v2\/product_tag?post=4257"}],"curies":[{"name":"wp","href":"https:\/\/api.w.org\/{rel}","templated":true}]}}