{"id":4149,"date":"2026-02-16T13:09:02","date_gmt":"2026-02-16T13:09:02","guid":{"rendered":"https:\/\/petshopmagelan.rs\/?post_type=product&#038;p=4149"},"modified":"2026-02-16T13:09:02","modified_gmt":"2026-02-16T13:09:02","slug":"royal-canin-mini-adult-vlazna-hrana-za-odrasle-pse-malih-rasa-85gr","status":"publish","type":"product","link":"https:\/\/petshopmagelan.rs\/index.php\/product\/royal-canin-mini-adult-vlazna-hrana-za-odrasle-pse-malih-rasa-85gr\/","title":{"rendered":"ROYAL CANIN Mini Adult &#8211; Vla\u017ena hrana za odrasle pse malih rasa, 85gr"},"content":{"rendered":"<p data-start=\"444\" data-end=\"719\">ROYAL CANIN Mini Adult je pa\u017eljivo formulisana vla\u017ena hrana za odrasle pse malih rasa, te\u017eine do 10 kg. Ova kompletna dijeta pru\u017ea sve potrebne nutrijente kako bi va\u0161i mali psi ostali zdravi, energi\u010dni i u optimalnoj kondiciji tokom svojih odraslih godina.<\/p>\n<p data-start=\"721\" data-end=\"1078\">Formula je osmi\u0161ljena da podr\u017ei aktivan \u017eivotni stil malih pasa i pomogne u odr\u017eavanju idealne telesne te\u017eine zahvaljuju\u0107i prilago\u0111enom sadr\u017eaju kalorija. Kombinacija hranljivih materija podr\u017eava zdravlje kostiju i mi\u0161i\u0107a, dok specijalni miks vitamina i lako svarljivih sastojaka obezbe\u0111uje maksimalnu apsorpciju hranljivih materija i ukupno zdravlje psa.<\/p>\n<p data-start=\"1080\" data-end=\"1365\">Oboga\u0107ena je nutrijentima koji podr\u017eavaju zdravlje ko\u017ee i lep izgled dlake, poma\u017eu\u0107i va\u0161em psu da zadr\u017ei sjajnu i mekanu dlaku. Za dodatnu raznovrsnost, Mini Adult mo\u017ee se kombinovati sa suvom hranom ROYAL CANIN Mini Adult, \u010dine\u0107i obroke zanimljivijim i prijatnijim.<\/p>\n<h3 data-start=\"1372\" data-end=\"1387\">Prednosti:<\/h3>\n<ul data-start=\"1388\" data-end=\"1814\">\n<li data-start=\"1388\" data-end=\"1493\">\n<p data-start=\"1390\" data-end=\"1493\"><strong data-start=\"1390\" data-end=\"1419\">Odr\u017eavanje idealne te\u017eine<\/strong> \u2013 prilago\u0111en sadr\u017eaj kalorija zadovoljava energetske potrebe malih pasa<\/p>\n<\/li>\n<li data-start=\"1494\" data-end=\"1594\">\n<p data-start=\"1496\" data-end=\"1594\"><strong data-start=\"1496\" data-end=\"1521\">Zdrave i sna\u017ene kosti<\/strong> \u2013 kombinacija hranljivih materija podr\u017eava razvoj i odr\u017eavanje kostiju<\/p>\n<\/li>\n<li data-start=\"1595\" data-end=\"1719\">\n<p data-start=\"1597\" data-end=\"1719\"><strong data-start=\"1597\" data-end=\"1632\">Optimalna apsorpcija i zdravlje<\/strong> \u2013 vitamini i lako svarljivi sastojci za maksimalnu iskoristivost hranljivih materija<\/p>\n<\/li>\n<li data-start=\"1720\" data-end=\"1814\">\n<p data-start=\"1722\" data-end=\"1814\"><strong data-start=\"1722\" data-end=\"1752\">Sjajna dlaka i zdrava ko\u017ea<\/strong> \u2013 specijalni nutrijenti poma\u017eu o\u010duvanju lepog izgleda dlake<\/p>\n<\/li>\n<\/ul>\n<h3 data-start=\"1821\" data-end=\"1833\">Sastav:<\/h3>\n<p data-start=\"1834\" data-end=\"1943\">Meso i proizvodi \u017eivotinjskog porekla, \u017eitarice, ulja i masti, proizvodi biljnog porekla, minerali, kvasci.<\/p>\n","protected":false},"excerpt":{"rendered":"<p>Kompletna i uravnote\u017eena vla\u017ena hrana u sosu za odrasle pse malih rasa (do 10 kg), od 10 meseci do 8 godina. Podr\u017eava idealnu te\u017einu, zdravlje kostiju i vitalnost.<\/p>\n","protected":false},"featured_media":4150,"comment_status":"open","ping_status":"closed","template":"","meta":[],"product_brand":[],"product_cat":[263,264,269,271],"product_tag":[],"class_list":{"0":"post-4149","1":"product","2":"type-product","3":"status-publish","4":"has-post-thumbnail","6":"product_cat-psi","7":"product_cat-hrana-za-pse","8":"product_cat-vlazna-i-konzervirana-hrana","9":"product_cat-odrasli-psi-vlazna-i-konzervirana-hrana","12":"instock","13":"shipping-taxable","14":"purchasable","15":"product-type-simple"},"_links":{"self":[{"href":"https:\/\/petshopmagelan.rs\/index.php\/wp-json\/wp\/v2\/product\/4149","targetHints":{"allow":["GET"]}}],"collection":[{"href":"https:\/\/petshopmagelan.rs\/index.php\/wp-json\/wp\/v2\/product"}],"about":[{"href":"https:\/\/petshopmagelan.rs\/index.php\/wp-json\/wp\/v2\/types\/product"}],"replies":[{"embeddable":true,"href":"https:\/\/petshopmagelan.rs\/index.php\/wp-json\/wp\/v2\/comments?post=4149"}],"wp:featuredmedia":[{"embeddable":true,"href":"https:\/\/petshopmagelan.rs\/index.php\/wp-json\/wp\/v2\/media\/4150"}],"wp:attachment":[{"href":"https:\/\/petshopmagelan.rs\/index.php\/wp-json\/wp\/v2\/media?parent=4149"}],"wp:term":[{"taxonomy":"product_brand","embeddable":true,"href":"https:\/\/petshopmagelan.rs\/index.php\/wp-json\/wp\/v2\/product_brand?post=4149"},{"taxonomy":"product_cat","embeddable":true,"href":"https:\/\/petshopmagelan.rs\/index.php\/wp-json\/wp\/v2\/product_cat?post=4149"},{"taxonomy":"product_tag","embeddable":true,"href":"https:\/\/petshopmagelan.rs\/index.php\/wp-json\/wp\/v2\/product_tag?post=4149"}],"curies":[{"name":"wp","href":"https:\/\/api.w.org\/{rel}","templated":true}]}}