{"id":4080,"date":"2025-12-21T10:28:55","date_gmt":"2025-12-21T10:28:55","guid":{"rendered":"https:\/\/petshopmagelan.rs\/?post_type=product&#038;p=4080"},"modified":"2026-02-16T12:01:59","modified_gmt":"2026-02-16T12:01:59","slug":"lechat-sos-za-sterilisane-macke-zecetina-100gr","status":"publish","type":"product","link":"https:\/\/petshopmagelan.rs\/index.php\/product\/lechat-sos-za-sterilisane-macke-zecetina-100gr\/","title":{"rendered":"LECHAT \u2013 Sos za sterilisane ma\u010dke, Ze\u010detina 100gr"},"content":{"rendered":"<p data-start=\"1352\" data-end=\"1536\">LeChat Excellence sosi\u0107i sa ze\u010detinom namenjeni su sterilisanim ma\u010dkama starijim od 12 meseci i obezbe\u0111uju potpunu i uravnote\u017eenu ishranu koja podr\u017eava njihovo svakodnevno blagostanje.<\/p>\n<p data-start=\"1538\" data-end=\"1784\">Ze\u010detina je kvalitetan i lako svarljiv izvor proteina, idealan za ma\u010dke sa osetljivim digestivnim sistemom ili one koje preferiraju specifi\u010dne ukuse. Receptura je oboga\u0107ena hondroitinom, koji doprinosi o\u010duvanju zdravlja zglobova i pokretljivosti.<\/p>\n<p data-start=\"1786\" data-end=\"1916\">Proizvedeno u Italiji, bez ve\u0161ta\u010dkih boja, konzervansa i dodatog \u0161e\u0107era, u skladu sa visokim standardima LeChat Excellence linije.<\/p>\n<h3 data-start=\"1918\" data-end=\"1928\">Sastav<\/h3>\n<p data-start=\"1929\" data-end=\"2029\">Meso i proizvodi od mesa 45% (od \u010dega ze\u010detina minimum 5%), vitamini, minerali, hondroitin 80 mg\/kg.<\/p>\n","protected":false},"excerpt":{"rendered":"<p>Sosi\u0107i za sterilisane ma\u010dke sa ze\u010detinom, kompletna hrana prilago\u0111ena potrebama odraslih ma\u010daka nakon sterilizacije.<\/p>\n","protected":false},"featured_media":4086,"comment_status":"open","ping_status":"closed","template":"","meta":[],"product_brand":[],"product_cat":[299,300,308,314,315],"product_tag":[],"class_list":{"0":"post-4080","1":"product","2":"type-product","3":"status-publish","4":"has-post-thumbnail","6":"product_cat-macke","7":"product_cat-hrana-za-macke","8":"product_cat-vlazna-i-konzervirana-hrana-hrana-za-macke","9":"product_cat-odrasle-macke-vlazna-i-konzervirana-hrana-hrana-za-macke","10":"product_cat-sterilisane-macke-vlazna-i-konzervirana-hrana-hrana-za-macke","13":"instock","14":"shipping-taxable","15":"purchasable","16":"product-type-simple"},"_links":{"self":[{"href":"https:\/\/petshopmagelan.rs\/index.php\/wp-json\/wp\/v2\/product\/4080","targetHints":{"allow":["GET"]}}],"collection":[{"href":"https:\/\/petshopmagelan.rs\/index.php\/wp-json\/wp\/v2\/product"}],"about":[{"href":"https:\/\/petshopmagelan.rs\/index.php\/wp-json\/wp\/v2\/types\/product"}],"replies":[{"embeddable":true,"href":"https:\/\/petshopmagelan.rs\/index.php\/wp-json\/wp\/v2\/comments?post=4080"}],"wp:featuredmedia":[{"embeddable":true,"href":"https:\/\/petshopmagelan.rs\/index.php\/wp-json\/wp\/v2\/media\/4086"}],"wp:attachment":[{"href":"https:\/\/petshopmagelan.rs\/index.php\/wp-json\/wp\/v2\/media?parent=4080"}],"wp:term":[{"taxonomy":"product_brand","embeddable":true,"href":"https:\/\/petshopmagelan.rs\/index.php\/wp-json\/wp\/v2\/product_brand?post=4080"},{"taxonomy":"product_cat","embeddable":true,"href":"https:\/\/petshopmagelan.rs\/index.php\/wp-json\/wp\/v2\/product_cat?post=4080"},{"taxonomy":"product_tag","embeddable":true,"href":"https:\/\/petshopmagelan.rs\/index.php\/wp-json\/wp\/v2\/product_tag?post=4080"}],"curies":[{"name":"wp","href":"https:\/\/api.w.org\/{rel}","templated":true}]}}