{"id":4077,"date":"2025-12-21T10:25:45","date_gmt":"2025-12-21T10:25:45","guid":{"rendered":"https:\/\/petshopmagelan.rs\/?post_type=product&#038;p=4077"},"modified":"2026-02-16T12:01:32","modified_gmt":"2026-02-16T12:01:32","slug":"lechat-sos-za-sterilisane-macke-pacetina-100gr","status":"publish","type":"product","link":"https:\/\/petshopmagelan.rs\/index.php\/product\/lechat-sos-za-sterilisane-macke-pacetina-100gr\/","title":{"rendered":"LECHAT &#8211; Sos za sterilisane ma\u010dke, Pa\u010detina 100gr"},"content":{"rendered":"<p data-start=\"397\" data-end=\"605\">LeChat Excellence sosi\u0107i sa pa\u010detinom namenjeni su sterilisanim ma\u010dkama starijim od 12 meseci i predstavljaju kompletnu i pa\u017eljivo izbalansiranu ishranu prilago\u0111enu njihovim specifi\u010dnim nutritivnim potrebama.<\/p>\n<p data-start=\"607\" data-end=\"872\">Receptura je razvijena kako bi podr\u017eala svakodnevno zdravlje i vitalnost sterilisane ma\u010dke, uz visok udeo mesa i dodatak hondroitina koji doprinosi o\u010duvanju zdravlja zglobova. Mekani komadi\u0107i u sosu izuzetno su ukusni i lako prihvatljivi, \u010dak i za izbirljive ma\u010dke.<\/p>\n<p data-start=\"874\" data-end=\"1016\">Proizvod je proizveden u Italiji i ne sadr\u017ei ve\u0161ta\u010dke boje, konzervanse niti dodat \u0161e\u0107er, \u0161to ga \u010dini sigurnim izborom za svakodnevnu ishranu.<\/p>\n<h3 data-start=\"1018\" data-end=\"1028\">Sastav<\/h3>\n<p data-start=\"1029\" data-end=\"1129\">Meso i proizvodi od mesa 45% (od \u010dega pa\u010detina minimum 5%), vitamini, minerali, hondroitin 80 mg\/kg.<\/p>\n","protected":false},"excerpt":{"rendered":"<p>Sosi\u0107i za sterilisane ma\u010dke sa pa\u010detinom, kompletna i uravnote\u017eena hrana za odrasle ma\u010dke starije od 12 meseci. Bez ve\u0161ta\u010dkih boja, konzervansa i dodatog \u0161e\u0107era.<\/p>\n","protected":false},"featured_media":4085,"comment_status":"open","ping_status":"closed","template":"","meta":[],"product_brand":[],"product_cat":[299,300,308,314,315],"product_tag":[],"class_list":{"0":"post-4077","1":"product","2":"type-product","3":"status-publish","4":"has-post-thumbnail","6":"product_cat-macke","7":"product_cat-hrana-za-macke","8":"product_cat-vlazna-i-konzervirana-hrana-hrana-za-macke","9":"product_cat-odrasle-macke-vlazna-i-konzervirana-hrana-hrana-za-macke","10":"product_cat-sterilisane-macke-vlazna-i-konzervirana-hrana-hrana-za-macke","13":"instock","14":"shipping-taxable","15":"purchasable","16":"product-type-simple"},"_links":{"self":[{"href":"https:\/\/petshopmagelan.rs\/index.php\/wp-json\/wp\/v2\/product\/4077","targetHints":{"allow":["GET"]}}],"collection":[{"href":"https:\/\/petshopmagelan.rs\/index.php\/wp-json\/wp\/v2\/product"}],"about":[{"href":"https:\/\/petshopmagelan.rs\/index.php\/wp-json\/wp\/v2\/types\/product"}],"replies":[{"embeddable":true,"href":"https:\/\/petshopmagelan.rs\/index.php\/wp-json\/wp\/v2\/comments?post=4077"}],"wp:featuredmedia":[{"embeddable":true,"href":"https:\/\/petshopmagelan.rs\/index.php\/wp-json\/wp\/v2\/media\/4085"}],"wp:attachment":[{"href":"https:\/\/petshopmagelan.rs\/index.php\/wp-json\/wp\/v2\/media?parent=4077"}],"wp:term":[{"taxonomy":"product_brand","embeddable":true,"href":"https:\/\/petshopmagelan.rs\/index.php\/wp-json\/wp\/v2\/product_brand?post=4077"},{"taxonomy":"product_cat","embeddable":true,"href":"https:\/\/petshopmagelan.rs\/index.php\/wp-json\/wp\/v2\/product_cat?post=4077"},{"taxonomy":"product_tag","embeddable":true,"href":"https:\/\/petshopmagelan.rs\/index.php\/wp-json\/wp\/v2\/product_tag?post=4077"}],"curies":[{"name":"wp","href":"https:\/\/api.w.org\/{rel}","templated":true}]}}