{"id":4064,"date":"2025-12-21T09:31:54","date_gmt":"2025-12-21T09:31:54","guid":{"rendered":"https:\/\/petshopmagelan.rs\/?post_type=product&#038;p=4064"},"modified":"2026-02-16T11:59:32","modified_gmt":"2026-02-16T11:59:32","slug":"monge-pasteta-za-pse-tunjevina-100gr","status":"publish","type":"product","link":"https:\/\/petshopmagelan.rs\/index.php\/product\/monge-pasteta-za-pse-tunjevina-100gr\/","title":{"rendered":"MONGE \u2013 Pa\u0161teta za pse, Tunjevina 100gr"},"content":{"rendered":"<p data-start=\"4074\" data-end=\"4271\">Pa\u0161teta sa sve\u017eom tunjevinom nudi bogat i ukusan obrok koji doprinosi svakodnevnom zdravlju va\u0161eg psa. Riblji proteini \u010dine ovu pa\u0161tetu posebno privla\u010dnom psima koji preferiraju intenzivnije ukuse.<\/p>\n<p data-start=\"4273\" data-end=\"4456\">Formulisana je sa niskim sadr\u017eajem \u0161e\u0107era i bez hidrogenisanih masti. Mekana tekstura sa komadi\u0107ima \u010dini je pogodnom za pse svih veli\u010dina, bilo kao kompletan obrok ili kao poslastica.<\/p>\n<h3 data-start=\"4458\" data-end=\"4468\">Sastav:<\/h3>\n<p data-start=\"4469\" data-end=\"4573\">Meso i proizvodi \u017eivotinjskog porekla 50%, riba i proizvodi od ribe 30% (sve\u017ea tunjevina 10%), minerali.<\/p>\n","protected":false},"excerpt":{"rendered":"<p>Pa\u0161teta za pse sa sve\u017eom tunjevinom, savr\u0161en izbor za ljubitelje ribljih ukusa.<\/p>\n","protected":false},"featured_media":4092,"comment_status":"open","ping_status":"closed","template":"","meta":[],"product_brand":[],"product_cat":[263,264,269,271],"product_tag":[],"class_list":{"0":"post-4064","1":"product","2":"type-product","3":"status-publish","4":"has-post-thumbnail","6":"product_cat-psi","7":"product_cat-hrana-za-pse","8":"product_cat-vlazna-i-konzervirana-hrana","9":"product_cat-odrasli-psi-vlazna-i-konzervirana-hrana","12":"instock","13":"shipping-taxable","14":"purchasable","15":"product-type-simple"},"_links":{"self":[{"href":"https:\/\/petshopmagelan.rs\/index.php\/wp-json\/wp\/v2\/product\/4064","targetHints":{"allow":["GET"]}}],"collection":[{"href":"https:\/\/petshopmagelan.rs\/index.php\/wp-json\/wp\/v2\/product"}],"about":[{"href":"https:\/\/petshopmagelan.rs\/index.php\/wp-json\/wp\/v2\/types\/product"}],"replies":[{"embeddable":true,"href":"https:\/\/petshopmagelan.rs\/index.php\/wp-json\/wp\/v2\/comments?post=4064"}],"wp:featuredmedia":[{"embeddable":true,"href":"https:\/\/petshopmagelan.rs\/index.php\/wp-json\/wp\/v2\/media\/4092"}],"wp:attachment":[{"href":"https:\/\/petshopmagelan.rs\/index.php\/wp-json\/wp\/v2\/media?parent=4064"}],"wp:term":[{"taxonomy":"product_brand","embeddable":true,"href":"https:\/\/petshopmagelan.rs\/index.php\/wp-json\/wp\/v2\/product_brand?post=4064"},{"taxonomy":"product_cat","embeddable":true,"href":"https:\/\/petshopmagelan.rs\/index.php\/wp-json\/wp\/v2\/product_cat?post=4064"},{"taxonomy":"product_tag","embeddable":true,"href":"https:\/\/petshopmagelan.rs\/index.php\/wp-json\/wp\/v2\/product_tag?post=4064"}],"curies":[{"name":"wp","href":"https:\/\/api.w.org\/{rel}","templated":true}]}}