{"id":4057,"date":"2025-12-21T09:28:28","date_gmt":"2025-12-21T09:28:28","guid":{"rendered":"https:\/\/petshopmagelan.rs\/?post_type=product&#038;p=4057"},"modified":"2026-02-16T11:57:50","modified_gmt":"2026-02-16T11:57:50","slug":"monge-pasteta-za-pse-piletina-100gr-2","status":"publish","type":"product","link":"https:\/\/petshopmagelan.rs\/index.php\/product\/monge-pasteta-za-pse-piletina-100gr-2\/","title":{"rendered":"MONGE &#8211; Pa\u0161teta za pse, Piletina 100gr"},"content":{"rendered":"<p data-start=\"2702\" data-end=\"2928\">Pa\u0161teta sa sve\u017eom piletinom predstavlja kompletnu hranu koja pru\u017ea energiju i podr\u0161ku svakodnevnim potrebama va\u0161eg psa. Piletina je blag i lako svarljiv izvor proteina, zbog \u010dega je ova pa\u0161teta \u010dest izbor me\u0111u vlasnicima pasa.<\/p>\n<p data-start=\"2930\" data-end=\"3116\">Zahvaljuju\u0107i mekanoj teksturi i komadi\u0107ima mesa, pogodna je za male pse, dok ve\u0107i psi mogu u\u017eivati u njoj kao u poslastici. Ne sadr\u017ei hidrogenisane masti, ve\u0161ta\u010dke boje niti konzervanse.<\/p>\n<h3 data-start=\"3118\" data-end=\"3128\">Sastav<\/h3>\n<p data-start=\"3129\" data-end=\"3202\">Meso i proizvodi \u017eivotinjskog porekla 80% (sve\u017ea piletina 10%), minerali.<\/p>\n","protected":false},"excerpt":{"rendered":"<p>Ukusna pa\u0161teta za pse sa sve\u017eom piletinom, idealna za svakodnevnu ishranu i kao nagrada.<\/p>\n","protected":false},"featured_media":4091,"comment_status":"open","ping_status":"closed","template":"","meta":[],"product_brand":[],"product_cat":[263,264,269,271],"product_tag":[],"class_list":{"0":"post-4057","1":"product","2":"type-product","3":"status-publish","4":"has-post-thumbnail","6":"product_cat-psi","7":"product_cat-hrana-za-pse","8":"product_cat-vlazna-i-konzervirana-hrana","9":"product_cat-odrasli-psi-vlazna-i-konzervirana-hrana","12":"instock","13":"shipping-taxable","14":"purchasable","15":"product-type-simple"},"_links":{"self":[{"href":"https:\/\/petshopmagelan.rs\/index.php\/wp-json\/wp\/v2\/product\/4057","targetHints":{"allow":["GET"]}}],"collection":[{"href":"https:\/\/petshopmagelan.rs\/index.php\/wp-json\/wp\/v2\/product"}],"about":[{"href":"https:\/\/petshopmagelan.rs\/index.php\/wp-json\/wp\/v2\/types\/product"}],"replies":[{"embeddable":true,"href":"https:\/\/petshopmagelan.rs\/index.php\/wp-json\/wp\/v2\/comments?post=4057"}],"wp:featuredmedia":[{"embeddable":true,"href":"https:\/\/petshopmagelan.rs\/index.php\/wp-json\/wp\/v2\/media\/4091"}],"wp:attachment":[{"href":"https:\/\/petshopmagelan.rs\/index.php\/wp-json\/wp\/v2\/media?parent=4057"}],"wp:term":[{"taxonomy":"product_brand","embeddable":true,"href":"https:\/\/petshopmagelan.rs\/index.php\/wp-json\/wp\/v2\/product_brand?post=4057"},{"taxonomy":"product_cat","embeddable":true,"href":"https:\/\/petshopmagelan.rs\/index.php\/wp-json\/wp\/v2\/product_cat?post=4057"},{"taxonomy":"product_tag","embeddable":true,"href":"https:\/\/petshopmagelan.rs\/index.php\/wp-json\/wp\/v2\/product_tag?post=4057"}],"curies":[{"name":"wp","href":"https:\/\/api.w.org\/{rel}","templated":true}]}}