{"id":4055,"date":"2025-12-21T09:26:37","date_gmt":"2025-12-21T09:26:37","guid":{"rendered":"https:\/\/petshopmagelan.rs\/?post_type=product&#038;p=4055"},"modified":"2026-02-16T11:58:30","modified_gmt":"2026-02-16T11:58:30","slug":"monge-pasteta-za-pse-piletina-100gr","status":"publish","type":"product","link":"https:\/\/petshopmagelan.rs\/index.php\/product\/monge-pasteta-za-pse-piletina-100gr\/","title":{"rendered":"MONGE &#8211; Pa\u0161teta za pse, Losos 100gr"},"content":{"rendered":"<p data-start=\"2015\" data-end=\"2234\">Pa\u0161teta sa sve\u017eim lososom pru\u017ea kvalitetan obrok koji doprinosi svakodnevnom blagostanju va\u0161eg psa. Losos je cenjen izvor proteina i masnih kiselina, a mekana pa\u0161teta sa komadi\u0107ima \u010dini je izuzetno privla\u010dnom i ukusnom.<\/p>\n<p data-start=\"2236\" data-end=\"2420\">Receptura je prilago\u0111ena potrebama pasa svih veli\u010dina, sa niskim sadr\u017eajem \u0161e\u0107era i bez hidrogenisanih masti. Proizvod ne sadr\u017ei ve\u0161ta\u010dke boje ni konzervanse i proizveden je u Italiji.<\/p>\n<h3 data-start=\"2422\" data-end=\"2432\">Sastav<\/h3>\n<p data-start=\"2433\" data-end=\"2532\">Meso i proizvodi \u017eivotinjskog porekla 50%, riba i proizvodi od ribe 30% (sve\u017e losos 10%), minerali.<\/p>\n","protected":false},"excerpt":{"rendered":"<p>Pa\u0161teta za pse sa sve\u017eim lososom, bogata proteinima i idealna za pse koji vole ribu<\/p>\n","protected":false},"featured_media":4093,"comment_status":"open","ping_status":"closed","template":"","meta":[],"product_brand":[],"product_cat":[263,264,269,271],"product_tag":[],"class_list":{"0":"post-4055","1":"product","2":"type-product","3":"status-publish","4":"has-post-thumbnail","6":"product_cat-psi","7":"product_cat-hrana-za-pse","8":"product_cat-vlazna-i-konzervirana-hrana","9":"product_cat-odrasli-psi-vlazna-i-konzervirana-hrana","12":"instock","13":"shipping-taxable","14":"purchasable","15":"product-type-simple"},"_links":{"self":[{"href":"https:\/\/petshopmagelan.rs\/index.php\/wp-json\/wp\/v2\/product\/4055","targetHints":{"allow":["GET"]}}],"collection":[{"href":"https:\/\/petshopmagelan.rs\/index.php\/wp-json\/wp\/v2\/product"}],"about":[{"href":"https:\/\/petshopmagelan.rs\/index.php\/wp-json\/wp\/v2\/types\/product"}],"replies":[{"embeddable":true,"href":"https:\/\/petshopmagelan.rs\/index.php\/wp-json\/wp\/v2\/comments?post=4055"}],"wp:featuredmedia":[{"embeddable":true,"href":"https:\/\/petshopmagelan.rs\/index.php\/wp-json\/wp\/v2\/media\/4093"}],"wp:attachment":[{"href":"https:\/\/petshopmagelan.rs\/index.php\/wp-json\/wp\/v2\/media?parent=4055"}],"wp:term":[{"taxonomy":"product_brand","embeddable":true,"href":"https:\/\/petshopmagelan.rs\/index.php\/wp-json\/wp\/v2\/product_brand?post=4055"},{"taxonomy":"product_cat","embeddable":true,"href":"https:\/\/petshopmagelan.rs\/index.php\/wp-json\/wp\/v2\/product_cat?post=4055"},{"taxonomy":"product_tag","embeddable":true,"href":"https:\/\/petshopmagelan.rs\/index.php\/wp-json\/wp\/v2\/product_tag?post=4055"}],"curies":[{"name":"wp","href":"https:\/\/api.w.org\/{rel}","templated":true}]}}