{"id":4053,"date":"2025-12-21T09:23:43","date_gmt":"2025-12-21T09:23:43","guid":{"rendered":"https:\/\/petshopmagelan.rs\/?post_type=product&#038;p=4053"},"modified":"2026-02-16T11:59:00","modified_gmt":"2026-02-16T11:59:00","slug":"monge-pasteta-za-pse-jagnjetina-100gr","status":"publish","type":"product","link":"https:\/\/petshopmagelan.rs\/index.php\/product\/monge-pasteta-za-pse-jagnjetina-100gr\/","title":{"rendered":"MONGE &#8211; Pa\u0161teta za pse, Jagnjetina 100gr"},"content":{"rendered":"<p data-start=\"1315\" data-end=\"1535\">Ova ukusna pa\u0161teta sa sve\u017eom jagnjetinom obezbe\u0111uje kompletnu i uravnote\u017eenu ishranu za pse svih veli\u010dina. Jagnjetina je poznata kao lako svarljiv izvor proteina, \u0161to ovu pa\u0161tetu \u010dini dobrim izborom i za osetljivije pse.<\/p>\n<p data-start=\"1537\" data-end=\"1764\">Formula sa niskim sadr\u017eajem \u0161e\u0107era, bez hidrogenisanih masti, doprinosi o\u010duvanju op\u0161teg zdravlja. Mekana tekstura sa komadi\u0107ima mesa posebno je prilago\u0111ena malim psima, dok je za ve\u0107e pse idealna kao nagrada ili dodatak obroku.<\/p>\n<h3 data-start=\"1766\" data-end=\"1776\">Sastav:<\/h3>\n<p data-start=\"1777\" data-end=\"1852\">Meso i proizvodi \u017eivotinjskog porekla 80% (sve\u017ea jagnjetina 10%), minerali.<\/p>\n","protected":false},"excerpt":{"rendered":"<p>Pa\u0161teta za pse sa sve\u017eom jagnjetinom, laka za varenje i odli\u010dnog ukusa. Pogodna za svakodnevnu ishranu svih rasa.<\/p>\n","protected":false},"featured_media":4088,"comment_status":"open","ping_status":"closed","template":"","meta":[],"product_brand":[],"product_cat":[263,264,269,271],"product_tag":[],"class_list":{"0":"post-4053","1":"product","2":"type-product","3":"status-publish","4":"has-post-thumbnail","6":"product_cat-psi","7":"product_cat-hrana-za-pse","8":"product_cat-vlazna-i-konzervirana-hrana","9":"product_cat-odrasli-psi-vlazna-i-konzervirana-hrana","12":"instock","13":"shipping-taxable","14":"purchasable","15":"product-type-simple"},"_links":{"self":[{"href":"https:\/\/petshopmagelan.rs\/index.php\/wp-json\/wp\/v2\/product\/4053","targetHints":{"allow":["GET"]}}],"collection":[{"href":"https:\/\/petshopmagelan.rs\/index.php\/wp-json\/wp\/v2\/product"}],"about":[{"href":"https:\/\/petshopmagelan.rs\/index.php\/wp-json\/wp\/v2\/types\/product"}],"replies":[{"embeddable":true,"href":"https:\/\/petshopmagelan.rs\/index.php\/wp-json\/wp\/v2\/comments?post=4053"}],"wp:featuredmedia":[{"embeddable":true,"href":"https:\/\/petshopmagelan.rs\/index.php\/wp-json\/wp\/v2\/media\/4088"}],"wp:attachment":[{"href":"https:\/\/petshopmagelan.rs\/index.php\/wp-json\/wp\/v2\/media?parent=4053"}],"wp:term":[{"taxonomy":"product_brand","embeddable":true,"href":"https:\/\/petshopmagelan.rs\/index.php\/wp-json\/wp\/v2\/product_brand?post=4053"},{"taxonomy":"product_cat","embeddable":true,"href":"https:\/\/petshopmagelan.rs\/index.php\/wp-json\/wp\/v2\/product_cat?post=4053"},{"taxonomy":"product_tag","embeddable":true,"href":"https:\/\/petshopmagelan.rs\/index.php\/wp-json\/wp\/v2\/product_tag?post=4053"}],"curies":[{"name":"wp","href":"https:\/\/api.w.org\/{rel}","templated":true}]}}