{"id":4045,"date":"2025-12-21T09:20:05","date_gmt":"2025-12-21T09:20:05","guid":{"rendered":"https:\/\/petshopmagelan.rs\/?post_type=product&#038;p=4045"},"modified":"2026-02-16T11:50:16","modified_gmt":"2026-02-16T11:50:16","slug":"monge-pasteta-za-pse-govedina-100gr","status":"publish","type":"product","link":"https:\/\/petshopmagelan.rs\/index.php\/product\/monge-pasteta-za-pse-govedina-100gr\/","title":{"rendered":"MONGE &#8211; Pa\u0161teta za pse, Govedina 100gr"},"content":{"rendered":"<p data-start=\"539\" data-end=\"777\">Pa\u0161teta za pse sa sve\u017eom govedinom predstavlja kompletnu i izbalansiranu hranu koja svakodnevno podr\u017eava zdravlje i vitalnost va\u0161eg psa. Receptura sa niskim sadr\u017eajem \u0161e\u0107era i bez hidrogenisanih masti \u010dini je pogodnom za redovnu upotrebu.<\/p>\n<p data-start=\"779\" data-end=\"1032\">Zahvaljuju\u0107i mekanoj strukturi i sitnim komadi\u0107ima mesa, idealna je za male pse, dok ve\u0107im psima mo\u017ee poslu\u017eiti kao ukusna poslastica ili dodatak obroku. Proizvod je proizveden u Italiji, bez testiranja na \u017eivotinjama i bez ve\u0161ta\u010dkih boja i konzervansa.<\/p>\n<p data-start=\"1045\" data-end=\"1118\"><strong>Sastav<\/strong>: Meso i proizvodi \u017eivotinjskog porekla 80% (sve\u017ea govedina 10%), minerali.<\/p>\n","protected":false},"excerpt":{"rendered":"<p>Ukusna pa\u0161teta za pse sa sve\u017eom govedinom, idealna za svakodnevnu ishranu i kao poslastica. Mekane teksture, bez ve\u0161ta\u010dkih boja i konzervansa.<\/p>\n","protected":false},"featured_media":4090,"comment_status":"open","ping_status":"closed","template":"","meta":[],"product_brand":[],"product_cat":[263,264,269,271],"product_tag":[],"class_list":{"0":"post-4045","1":"product","2":"type-product","3":"status-publish","4":"has-post-thumbnail","6":"product_cat-psi","7":"product_cat-hrana-za-pse","8":"product_cat-vlazna-i-konzervirana-hrana","9":"product_cat-odrasli-psi-vlazna-i-konzervirana-hrana","12":"instock","13":"shipping-taxable","14":"purchasable","15":"product-type-simple"},"_links":{"self":[{"href":"https:\/\/petshopmagelan.rs\/index.php\/wp-json\/wp\/v2\/product\/4045","targetHints":{"allow":["GET"]}}],"collection":[{"href":"https:\/\/petshopmagelan.rs\/index.php\/wp-json\/wp\/v2\/product"}],"about":[{"href":"https:\/\/petshopmagelan.rs\/index.php\/wp-json\/wp\/v2\/types\/product"}],"replies":[{"embeddable":true,"href":"https:\/\/petshopmagelan.rs\/index.php\/wp-json\/wp\/v2\/comments?post=4045"}],"wp:featuredmedia":[{"embeddable":true,"href":"https:\/\/petshopmagelan.rs\/index.php\/wp-json\/wp\/v2\/media\/4090"}],"wp:attachment":[{"href":"https:\/\/petshopmagelan.rs\/index.php\/wp-json\/wp\/v2\/media?parent=4045"}],"wp:term":[{"taxonomy":"product_brand","embeddable":true,"href":"https:\/\/petshopmagelan.rs\/index.php\/wp-json\/wp\/v2\/product_brand?post=4045"},{"taxonomy":"product_cat","embeddable":true,"href":"https:\/\/petshopmagelan.rs\/index.php\/wp-json\/wp\/v2\/product_cat?post=4045"},{"taxonomy":"product_tag","embeddable":true,"href":"https:\/\/petshopmagelan.rs\/index.php\/wp-json\/wp\/v2\/product_tag?post=4045"}],"curies":[{"name":"wp","href":"https:\/\/api.w.org\/{rel}","templated":true}]}}