{"id":4037,"date":"2026-02-16T11:46:01","date_gmt":"2026-02-16T11:46:01","guid":{"rendered":"https:\/\/petshopmagelan.rs\/?post_type=product&#038;p=4037"},"modified":"2026-02-16T11:46:01","modified_gmt":"2026-02-16T11:46:01","slug":"who-cares-classic-posip-za-macke-5kg","status":"publish","type":"product","link":"https:\/\/petshopmagelan.rs\/index.php\/product\/who-cares-classic-posip-za-macke-5kg\/","title":{"rendered":"WHO CARES Classic &#8211; Posip za ma\u010dke 5kg"},"content":{"rendered":"<p>Mo\u017ee li posip za ma\u010dke biti <strong>kvalitetan i pristupa\u010dan<\/strong>? WC CLASSIC dokazuje da mo\u017ee. Ovaj pouzdan posip brenda <strong>Who Cares (WC)<\/strong> omogu\u0107ava \u010distu i sve\u017eu posudu za ma\u010dke, ostavljaju\u0107i vam vi\u0161e vremena za dru\u017eenje sa va\u0161im ljubimcem.<\/p>\n<p>WC CLASSIC je napravljen od <strong>prirodnog minerala atapulgita<\/strong>, poznatog po izuzetnoj sposobnosti <strong>brze apsorpcije vlage i neutralizacije neprijatnih mirisa<\/strong>. Zahvaljuju\u0107i svojoj strukturi, posip poma\u017ee u odr\u017eavanju dugotrajne higijene ma\u010djeg toaleta, bez dodatnih mirisa.<\/p>\n<p><strong>Krupan granulirani sastav<\/strong> spre\u010dava lepljenje zrna za \u0161ape i krzno, \u0161to ga \u010dini posebno pogodnim za <strong>dugodlake ma\u010dke<\/strong> i smanjuje razno\u0161enje posipa po domu. Posip je <strong>bez mirisa<\/strong>, bezbedan i <strong>pogodan za ma\u010di\u0107e<\/strong>, kao i za doma\u0107instva sa vi\u0161e ma\u010daka.<\/p>\n<p>WC CLASSIC predstavlja odli\u010dan izbor za svakodnevnu upotrebu, kombinuju\u0107i <strong>evropski kvalitet, prirodne sastojke i ekonomi\u010dnu potro\u0161nju<\/strong>.<\/p>\n","protected":false},"excerpt":{"rendered":"<p>WC CLASSIC je <strong>prirodni upijaju\u0107i posip za ma\u010dke<\/strong> od mineralnog atapulgita, koji efikasno upija vlagu i neprijatne mirise, pru\u017eaju\u0107i dugotrajnu higijenu po pristupa\u010dnoj ceni.<\/p>\n<p>&nbsp;<\/p>\n","protected":false},"featured_media":4039,"comment_status":"open","ping_status":"closed","template":"","meta":[],"product_brand":[],"product_cat":[299,304,325],"product_tag":[],"class_list":{"0":"post-4037","1":"product","2":"type-product","3":"status-publish","4":"has-post-thumbnail","6":"product_cat-macke","7":"product_cat-higijena-i-nega-macaka","8":"product_cat-posipi-za-macke","11":"instock","12":"shipping-taxable","13":"purchasable","14":"product-type-simple"},"_links":{"self":[{"href":"https:\/\/petshopmagelan.rs\/index.php\/wp-json\/wp\/v2\/product\/4037","targetHints":{"allow":["GET"]}}],"collection":[{"href":"https:\/\/petshopmagelan.rs\/index.php\/wp-json\/wp\/v2\/product"}],"about":[{"href":"https:\/\/petshopmagelan.rs\/index.php\/wp-json\/wp\/v2\/types\/product"}],"replies":[{"embeddable":true,"href":"https:\/\/petshopmagelan.rs\/index.php\/wp-json\/wp\/v2\/comments?post=4037"}],"wp:featuredmedia":[{"embeddable":true,"href":"https:\/\/petshopmagelan.rs\/index.php\/wp-json\/wp\/v2\/media\/4039"}],"wp:attachment":[{"href":"https:\/\/petshopmagelan.rs\/index.php\/wp-json\/wp\/v2\/media?parent=4037"}],"wp:term":[{"taxonomy":"product_brand","embeddable":true,"href":"https:\/\/petshopmagelan.rs\/index.php\/wp-json\/wp\/v2\/product_brand?post=4037"},{"taxonomy":"product_cat","embeddable":true,"href":"https:\/\/petshopmagelan.rs\/index.php\/wp-json\/wp\/v2\/product_cat?post=4037"},{"taxonomy":"product_tag","embeddable":true,"href":"https:\/\/petshopmagelan.rs\/index.php\/wp-json\/wp\/v2\/product_tag?post=4037"}],"curies":[{"name":"wp","href":"https:\/\/api.w.org\/{rel}","templated":true}]}}