{"id":4026,"date":"2025-12-20T13:22:41","date_gmt":"2025-12-20T13:22:41","guid":{"rendered":"https:\/\/petshopmagelan.rs\/?post_type=product&#038;p=4026"},"modified":"2025-12-20T13:22:42","modified_gmt":"2025-12-20T13:22:42","slug":"gemon-suva-hrana-za-odrasle-sterilisane-macke-curetina-20kg","status":"publish","type":"product","link":"https:\/\/petshopmagelan.rs\/index.php\/product\/gemon-suva-hrana-za-odrasle-sterilisane-macke-curetina-20kg\/","title":{"rendered":"GEMON &#8211; Suva hrana za odrasle sterilisane ma\u010dke, \u0106uretina 20kg"},"content":{"rendered":"<p>Ova hrana je posebno razvijena za <strong>sterilizovane odrasle ma\u010dke starije od 12 meseci<\/strong>. Sadr\u017ei <strong>kvalitetne izvore proteina<\/strong>, pre svega <strong>sve\u017eu \u0107uretinu<\/strong>, i ugljene hidrate iz <strong>pirin\u010da<\/strong>, koji je kuvani i visoko svarljiv zahvaljuju\u0107i procesu ekstruzije.<\/p>\n<p>Formula je <strong>oboga\u0107ena prebioticima<\/strong> \u2013 <strong>frukto-oligosaharidima (FOS)<\/strong> i <strong>manan-oligosaharidima (MOS)<\/strong> \u2013 koji podr\u017eavaju zdravlje creva, dok <strong>pulpa cvekle<\/strong> poma\u017ee u odr\u017eavanju idealne telesne te\u017eine. <strong>Salmonsko ulje<\/strong> \u010dini dlaku mek\u0161om i sjajnijom, dok <strong>Yucca schidigera<\/strong> smanjuje neprijatne mirise iz creva.<\/p>\n<p>Hrana je <strong>bez ve\u0161ta\u010dkih boja i konzervansa<\/strong>, napravljena sa fokusom na ukus i nutritivnu vrednost.<\/p>\n<p><strong>Prednosti Gemon Sterilised Cat:<\/strong><\/p>\n<ul>\n<li>Kompletna i uravnote\u017eena ishrana za sterilizovane odrasle ma\u010dke,<\/li>\n<li>Sve\u017ea \u0107uretina za optimalan ukus i visokokvalitetne proteine,<\/li>\n<li>Prebiotici FOS i MOS za zdrav digestivni sistem,<\/li>\n<li>Pulpa cvekle za pomo\u0107 u odr\u017eavanju idealne te\u017eine,<\/li>\n<li>Salmonsko ulje za sjajnu i mekanu dlaku,<\/li>\n<li>Yucca schidigera za smanjenje neprijatnih mirisa,<\/li>\n<li>Bez dodataka ve\u0161ta\u010dkih boja i konzervansa.<\/li>\n<\/ul>\n<p><strong>Sastav:<\/strong><\/p>\n<ul>\n<li>\u017ditarice (pirina\u010d 4%)<\/li>\n<li>Meso i \u017eivotinjski proizvodi 41% (sve\u017ea \u0107uretina 8%)<\/li>\n<li>Ulja i masti (salmonsko ulje 1%)<\/li>\n<li>Riba i riblji proizvodi<\/li>\n<li>Povr\u0107e (pulpa cvekle 1%)<\/li>\n<li>Minerali<\/li>\n<li>Derivati biljnog porekla (FOS 0,5%, Yucca schidigera 0,1%)<\/li>\n<li>Kvasac (MOS O.5%)<\/li>\n<\/ul>\n","protected":false},"excerpt":{"rendered":"<p>Gemon Sterilised Cat (+12 meseci) sa \u0107uretinom je <strong>kompletna hrana za sterilizovane odrasle ma\u010dke<\/strong>, bogata kvalitetnim proteinima, prebioticima i hranljivim sastojcima za zdrav digestivni sistem, idealnu telesnu te\u017einu i sjajnu dlaku.<\/p>\n","protected":false},"featured_media":4028,"comment_status":"open","ping_status":"closed","template":"","meta":[],"product_brand":[],"product_cat":[15],"product_tag":[],"class_list":{"0":"post-4026","1":"product","2":"type-product","3":"status-publish","4":"has-post-thumbnail","6":"product_cat-uncategorized","9":"instock","10":"shipping-taxable","11":"purchasable","12":"product-type-simple"},"_links":{"self":[{"href":"https:\/\/petshopmagelan.rs\/index.php\/wp-json\/wp\/v2\/product\/4026","targetHints":{"allow":["GET"]}}],"collection":[{"href":"https:\/\/petshopmagelan.rs\/index.php\/wp-json\/wp\/v2\/product"}],"about":[{"href":"https:\/\/petshopmagelan.rs\/index.php\/wp-json\/wp\/v2\/types\/product"}],"replies":[{"embeddable":true,"href":"https:\/\/petshopmagelan.rs\/index.php\/wp-json\/wp\/v2\/comments?post=4026"}],"wp:featuredmedia":[{"embeddable":true,"href":"https:\/\/petshopmagelan.rs\/index.php\/wp-json\/wp\/v2\/media\/4028"}],"wp:attachment":[{"href":"https:\/\/petshopmagelan.rs\/index.php\/wp-json\/wp\/v2\/media?parent=4026"}],"wp:term":[{"taxonomy":"product_brand","embeddable":true,"href":"https:\/\/petshopmagelan.rs\/index.php\/wp-json\/wp\/v2\/product_brand?post=4026"},{"taxonomy":"product_cat","embeddable":true,"href":"https:\/\/petshopmagelan.rs\/index.php\/wp-json\/wp\/v2\/product_cat?post=4026"},{"taxonomy":"product_tag","embeddable":true,"href":"https:\/\/petshopmagelan.rs\/index.php\/wp-json\/wp\/v2\/product_tag?post=4026"}],"curies":[{"name":"wp","href":"https:\/\/api.w.org\/{rel}","templated":true}]}}