{"id":4016,"date":"2025-12-20T12:38:19","date_gmt":"2025-12-20T12:38:19","guid":{"rendered":"https:\/\/petshopmagelan.rs\/?post_type=product&#038;p=4016"},"modified":"2026-02-16T11:22:00","modified_gmt":"2026-02-16T11:22:00","slug":"petmax-higijenske-kesice-za-pse-3-1","status":"publish","type":"product","link":"https:\/\/petshopmagelan.rs\/index.php\/product\/petmax-higijenske-kesice-za-pse-3-1\/","title":{"rendered":"PETMAX &#8211; Higijenske kesice za pse 3\/1"},"content":{"rendered":"<p data-start=\"323\" data-end=\"528\">Ove higijenske kesice za pse su <strong data-start=\"355\" data-end=\"396\">neophodan dodatak svakom vlasniku psa<\/strong>. Napravljene su od <strong data-start=\"416\" data-end=\"457\">izdr\u017eljivog i fleksibilnog materijala<\/strong>, koji spre\u010dava curenje i olak\u0161ava rukovanje.<\/p>\n<p data-start=\"530\" data-end=\"736\">Kesice su <strong data-start=\"540\" data-end=\"565\">ekolo\u0161ki prihvatljive<\/strong>, jednostavne za kori\u0161\u0107enje i lako se odvajaju sa rolne. Idealne su za <strong data-start=\"636\" data-end=\"675\">\u0161etnje po gradu, parku ili dvori\u0161tu<\/strong>, i poma\u017eu u odr\u017eavanju higijene i \u010disto\u0107e javnih povr\u0161ina.<\/p>\n<p data-start=\"738\" data-end=\"776\">Prednosti higijenskih kesica za pse:<\/p>\n<ul>\n<li data-start=\"738\" data-end=\"776\">\u010cvrste i otporne na kidanje<\/li>\n<li>Lako se otvaraju i ve\u017eu \u010dvorom<\/li>\n<li data-start=\"738\" data-end=\"776\">Pogodne za sve veli\u010dine pasa<\/li>\n<li data-start=\"738\" data-end=\"776\">Ekolo\u0161ki prihvatljive i biorazgradive verzije dostupne<\/li>\n<li data-start=\"738\" data-end=\"776\">Praktican format rolne, idealan za no\u0161enje u torbi ili d\u017eepu<\/li>\n<\/ul>\n","protected":false},"excerpt":{"rendered":"<p>Prakti\u010dne i \u010dvrste <strong data-start=\"147\" data-end=\"175\">higijenske kesice za pse<\/strong> olak\u0161avaju sakupljanje izmeta tokom \u0161etnje, \u010duvaju okolinu \u010distom i omogu\u0107avaju higijensko odlaganje.<\/p>\n","protected":false},"featured_media":4017,"comment_status":"open","ping_status":"closed","template":"","meta":[],"product_brand":[],"product_cat":[374,263,287],"product_tag":[],"class_list":{"0":"post-4016","1":"product","2":"type-product","3":"status-publish","4":"has-post-thumbnail","6":"product_cat-kesice-za-izmet","7":"product_cat-psi","8":"product_cat-higijena-i-nega","11":"instock","12":"shipping-taxable","13":"purchasable","14":"product-type-simple"},"_links":{"self":[{"href":"https:\/\/petshopmagelan.rs\/index.php\/wp-json\/wp\/v2\/product\/4016","targetHints":{"allow":["GET"]}}],"collection":[{"href":"https:\/\/petshopmagelan.rs\/index.php\/wp-json\/wp\/v2\/product"}],"about":[{"href":"https:\/\/petshopmagelan.rs\/index.php\/wp-json\/wp\/v2\/types\/product"}],"replies":[{"embeddable":true,"href":"https:\/\/petshopmagelan.rs\/index.php\/wp-json\/wp\/v2\/comments?post=4016"}],"wp:featuredmedia":[{"embeddable":true,"href":"https:\/\/petshopmagelan.rs\/index.php\/wp-json\/wp\/v2\/media\/4017"}],"wp:attachment":[{"href":"https:\/\/petshopmagelan.rs\/index.php\/wp-json\/wp\/v2\/media?parent=4016"}],"wp:term":[{"taxonomy":"product_brand","embeddable":true,"href":"https:\/\/petshopmagelan.rs\/index.php\/wp-json\/wp\/v2\/product_brand?post=4016"},{"taxonomy":"product_cat","embeddable":true,"href":"https:\/\/petshopmagelan.rs\/index.php\/wp-json\/wp\/v2\/product_cat?post=4016"},{"taxonomy":"product_tag","embeddable":true,"href":"https:\/\/petshopmagelan.rs\/index.php\/wp-json\/wp\/v2\/product_tag?post=4016"}],"curies":[{"name":"wp","href":"https:\/\/api.w.org\/{rel}","templated":true}]}}