{"id":4014,"date":"2025-12-20T12:27:29","date_gmt":"2025-12-20T12:27:29","guid":{"rendered":"https:\/\/petshopmagelan.rs\/?post_type=product&#038;p=4014"},"modified":"2025-12-20T12:27:29","modified_gmt":"2025-12-20T12:27:29","slug":"trainer-natural-suva-hrana-za-odrasle-macke-piletina-10kg","status":"publish","type":"product","link":"https:\/\/petshopmagelan.rs\/index.php\/product\/trainer-natural-suva-hrana-za-odrasle-macke-piletina-10kg\/","title":{"rendered":"TRAINER Natural &#8211; Suva hrana za odrasle ma\u010dke, Piletina 10kg"},"content":{"rendered":"<p data-start=\"388\" data-end=\"744\">Natural Trainer Adult Chicken je pa\u017eljivo razvijena hrana visokog kvaliteta, namenjena <strong data-start=\"475\" data-end=\"495\">odraslim ma\u010dkama<\/strong>, uklju\u010duju\u0107i i one koje provode dosta vremena napolju. Formula sa <strong data-start=\"562\" data-end=\"582\">sve\u017eom piletinom<\/strong> i visokokvalitetnim \u017eivotinjskim proteinima osigurava <strong data-start=\"637\" data-end=\"696\">optimalnu energiju i sve esencijalne hranljive materije<\/strong> potrebne za svakodnevno zdravlje i vitalnost.<\/p>\n<p data-start=\"746\" data-end=\"978\">Integrisani sastojci prirodnog porekla, poput <strong data-start=\"792\" data-end=\"823\">borovnice i korena cikorije<\/strong>, nau\u010dno su dokazano korisni za <strong data-start=\"855\" data-end=\"892\">zdrav urinarn i digestivni sistem<\/strong>, dok dodatak <strong data-start=\"906\" data-end=\"932\">cinka i pivskog kvasca<\/strong> doprinosi <strong data-start=\"943\" data-end=\"975\">sjajnoj dlaci i zdravoj ko\u017ei<\/strong>.<\/p>\n<p data-start=\"980\" data-end=\"1174\">Hrana je <strong data-start=\"989\" data-end=\"1040\">bez ve\u0161ta\u010dkih boja, aroma, \u0161e\u0107era i konzervansa<\/strong>, proizvedena <strong data-start=\"1054\" data-end=\"1087\">bez testiranja na \u017eivotinjama<\/strong>, i omogu\u0107ava <strong data-start=\"1101\" data-end=\"1137\">bezbedan prelazak sa druge hrane<\/strong>, prate\u0107i prirodne instinkte ma\u010dke.<\/p>\n<p data-start=\"1176\" data-end=\"1222\"><strong data-start=\"1176\" data-end=\"1220\">Prednosti Natural Trainer Adult Chicken:<\/strong><\/p>\n<ul>\n<li data-start=\"1176\" data-end=\"1222\">Premium hrana za uravnote\u017eenu ishranu odrasloh ma\u010daka,<\/li>\n<li data-start=\"1176\" data-end=\"1222\">Piletina kao prvi izvor proteina za odr\u017eavanje mi\u0161i\u0107ne mase,<\/li>\n<li>Prebiotici i FOS za <strong data-start=\"1375\" data-end=\"1418\">zdravu probavu i ravnote\u017eu crevne flore,<\/strong><\/li>\n<li>Borovnica i koren cikorije za <strong data-start=\"1453\" data-end=\"1491\">podr\u0161ku imunom i urinarnom sistemu,<\/strong><\/li>\n<li>Cink i pivski kvasac za <strong data-start=\"1520\" data-end=\"1545\">sjajnu i zdravu dlaku,<\/strong><\/li>\n<li>Bez ve\u0161ta\u010dkih boja, aroma, \u0161e\u0107era i konzervansa.<\/li>\n<\/ul>\n<p>Sastav: Sve\u017ea piletina* 17%, dehidrirani proteini piletine i \u0107uretine 15%, kukuruz*, kukuruzni protein, svinjska mast*, kukuruzna krupica*, su\u0161eni gra\u0161ak*, pirina\u010d*, je\u010dam*, hidrolizovani \u017eivotinjski proteini (\u017eivina, svinjetina, riba), pulpa cvekle* 2%, dehidrirani proteinski dodatak govedine, laneno seme*, minerali, koncentrat suvog korena cikorije (izvor inulina)* 0,8%, gra\u0161ak vlakna*, su\u0161ene borovnice (Vaccinium macrocarpon)* 0,1%.<\/p>\n<p data-start=\"2061\" data-end=\"2082\">*Prirodni sastojci<\/p>\n","protected":false},"excerpt":{"rendered":"<p>Natural Trainer Adult Chicken je <strong data-start=\"138\" data-end=\"197\">premium suva hrana za odrasle ma\u010dke starije od 1 godine<\/strong>, sa <strong data-start=\"202\" data-end=\"235\">piletinom kao prvim sastojkom<\/strong>. Receptura podr\u017eava zdravu probavu, urinarni trakt, ko\u017eu i dlaku, bez ve\u0161ta\u010dkih boja, aroma i konzervansa.<\/p>\n","protected":false},"featured_media":4015,"comment_status":"open","ping_status":"closed","template":"","meta":[],"product_brand":[],"product_cat":[15],"product_tag":[],"class_list":{"0":"post-4014","1":"product","2":"type-product","3":"status-publish","4":"has-post-thumbnail","6":"product_cat-uncategorized","9":"instock","10":"shipping-taxable","11":"purchasable","12":"product-type-simple"},"_links":{"self":[{"href":"https:\/\/petshopmagelan.rs\/index.php\/wp-json\/wp\/v2\/product\/4014","targetHints":{"allow":["GET"]}}],"collection":[{"href":"https:\/\/petshopmagelan.rs\/index.php\/wp-json\/wp\/v2\/product"}],"about":[{"href":"https:\/\/petshopmagelan.rs\/index.php\/wp-json\/wp\/v2\/types\/product"}],"replies":[{"embeddable":true,"href":"https:\/\/petshopmagelan.rs\/index.php\/wp-json\/wp\/v2\/comments?post=4014"}],"wp:featuredmedia":[{"embeddable":true,"href":"https:\/\/petshopmagelan.rs\/index.php\/wp-json\/wp\/v2\/media\/4015"}],"wp:attachment":[{"href":"https:\/\/petshopmagelan.rs\/index.php\/wp-json\/wp\/v2\/media?parent=4014"}],"wp:term":[{"taxonomy":"product_brand","embeddable":true,"href":"https:\/\/petshopmagelan.rs\/index.php\/wp-json\/wp\/v2\/product_brand?post=4014"},{"taxonomy":"product_cat","embeddable":true,"href":"https:\/\/petshopmagelan.rs\/index.php\/wp-json\/wp\/v2\/product_cat?post=4014"},{"taxonomy":"product_tag","embeddable":true,"href":"https:\/\/petshopmagelan.rs\/index.php\/wp-json\/wp\/v2\/product_tag?post=4014"}],"curies":[{"name":"wp","href":"https:\/\/api.w.org\/{rel}","templated":true}]}}