{"id":4005,"date":"2025-12-20T11:54:56","date_gmt":"2025-12-20T11:54:56","guid":{"rendered":"https:\/\/petshopmagelan.rs\/?post_type=product&#038;p=4005"},"modified":"2025-12-20T11:54:56","modified_gmt":"2025-12-20T11:54:56","slug":"monge-suva-hrana-za-odrasle-pse-svih-velicina-jagnjetina-12kg","status":"publish","type":"product","link":"https:\/\/petshopmagelan.rs\/index.php\/product\/monge-suva-hrana-za-odrasle-pse-svih-velicina-jagnjetina-12kg\/","title":{"rendered":"MONGE &#8211; Suva hrana za odrasle pse svih veli\u010dina, Jagnjetina 12kg"},"content":{"rendered":"<p data-start=\"474\" data-end=\"759\">Monge Natural Superpremium All Breeds Adult Monoprotein Lamb with Rice and Potatoes je pa\u017eljivo razvijena hrana namenjena <strong data-start=\"596\" data-end=\"628\">odraslim psima svih veli\u010dina<\/strong>, kreirana u okviru <strong data-start=\"648\" data-end=\"665\">Made in Italy<\/strong> istra\u017eivanja sa ciljem postizanja optimalnog nutritivnog balansa i svakodnevnog zdravlja psa.<\/p>\n<p data-start=\"761\" data-end=\"1106\">Ova <strong data-start=\"765\" data-end=\"791\">monoproteinska formula<\/strong> sadr\u017ei <strong data-start=\"799\" data-end=\"852\">jagnjetinu kao jedini izvor \u017eivotinjskih proteina<\/strong>, pri \u010demu je jagnjetina i <strong data-start=\"879\" data-end=\"896\">prvi sastojak<\/strong> recepture. Kombinacija su\u0161enog i sve\u017eeg mesa obezbe\u0111uje <strong data-start=\"953\" data-end=\"994\">visoku svarljivost i odli\u010dnu ukusnost<\/strong>, \u0161to je \u010dini pogodnom i za pse sa osetljivim digestivnim sistemom ili intolerancijama na druge izvore proteina.<\/p>\n<p data-start=\"1108\" data-end=\"1449\">Receptura je oboga\u0107ena <strong data-start=\"1131\" data-end=\"1162\">XOS (ksilo-oligosaharidima)<\/strong>, prebioticima nove generacije koji doprinose <strong data-start=\"1208\" data-end=\"1269\">ravnote\u017ei crevne mikroflore i zdravlju digestivnog trakta<\/strong>. Dodatak pa\u017eljivo odabranih <strong data-start=\"1298\" data-end=\"1332\">biljnih sastojaka i ekstrakata<\/strong> \u2014 koren ehinacee, origano, beli luk i ekstrakt arti\u010doke \u2014 pru\u017ea prirodnu podr\u0161ku <strong data-start=\"1414\" data-end=\"1448\">imunitetu i op\u0161tem blagostanju<\/strong>.<\/p>\n<p data-start=\"1451\" data-end=\"1708\">Za o\u010duvanje pokretljivosti i pravilnog razvoja <strong data-start=\"1498\" data-end=\"1520\">kostiju i zglobova<\/strong>, formula sadr\u017ei <strong data-start=\"1537\" data-end=\"1571\">glukozamin i hondroitin sulfat<\/strong>. Hrana ne sadr\u017ei <strong data-start=\"1589\" data-end=\"1630\">dodata ve\u0161ta\u010dka bojila ni konzervanse<\/strong> i predstavlja potpun, uravnote\u017een obrok za svakodnevnu ishranu odraslih pasa.<\/p>\n<p data-start=\"1451\" data-end=\"1708\">Sastav: Jagnjetina (su\u0161ena 28%, sve\u017ee meso 10%), pirina\u010d (15%), krompirov protein (5%), \u017eivotinjska mast (pile\u0107e ulje pre\u010di\u0161\u0107eno na 99,5%), kukuruz, su\u0161ena pulpa cvekle, inaktivirani pivski kvasac, hidrolizovani \u017eivotinjski proteini (jetra), minerali, proizvodi kvasca (manan-oligosaharidi MOS 1%), ksilo-oligosaharidi (XOS 0,3%), yucca schidigera (0,3%), bra\u0161no algi (spirulina \u2013 <em data-start=\"2106\" data-end=\"2129\">Arthrospira platensis<\/em> 0,3%), proizvodi prerade biljaka (koren <em data-start=\"2170\" data-end=\"2190\">Echinacea purpurea<\/em> 0,2%, <em data-start=\"2197\" data-end=\"2215\">Origanum vulgare<\/em> 0,1%), su\u0161eni beli luk (0,2%), glukozamin (0,057%), hondroitin sulfat (0,04%).<\/p>\n","protected":false},"excerpt":{"rendered":"<p>Monge Natural Superpremium All Breeds Adult Monoprotein Jagnjetina sa pirin\u010dom i krompirom &#8211; je <strong data-start=\"238\" data-end=\"287\">kompletna suva hrana za odrasle pse svih rasa<\/strong>, sa <strong data-start=\"292\" data-end=\"349\">jagnjetinom kao jedinim izvorom \u017eivotinjskih proteina<\/strong>. Lako svarljiva formula podr\u017eava zdravu probavu, zglobove i op\u0161te blagostanje psa.<\/p>\n","protected":false},"featured_media":4006,"comment_status":"open","ping_status":"closed","template":"","meta":[],"product_brand":[],"product_cat":[15],"product_tag":[],"class_list":{"0":"post-4005","1":"product","2":"type-product","3":"status-publish","4":"has-post-thumbnail","6":"product_cat-uncategorized","9":"instock","10":"shipping-taxable","11":"purchasable","12":"product-type-simple"},"_links":{"self":[{"href":"https:\/\/petshopmagelan.rs\/index.php\/wp-json\/wp\/v2\/product\/4005","targetHints":{"allow":["GET"]}}],"collection":[{"href":"https:\/\/petshopmagelan.rs\/index.php\/wp-json\/wp\/v2\/product"}],"about":[{"href":"https:\/\/petshopmagelan.rs\/index.php\/wp-json\/wp\/v2\/types\/product"}],"replies":[{"embeddable":true,"href":"https:\/\/petshopmagelan.rs\/index.php\/wp-json\/wp\/v2\/comments?post=4005"}],"wp:featuredmedia":[{"embeddable":true,"href":"https:\/\/petshopmagelan.rs\/index.php\/wp-json\/wp\/v2\/media\/4006"}],"wp:attachment":[{"href":"https:\/\/petshopmagelan.rs\/index.php\/wp-json\/wp\/v2\/media?parent=4005"}],"wp:term":[{"taxonomy":"product_brand","embeddable":true,"href":"https:\/\/petshopmagelan.rs\/index.php\/wp-json\/wp\/v2\/product_brand?post=4005"},{"taxonomy":"product_cat","embeddable":true,"href":"https:\/\/petshopmagelan.rs\/index.php\/wp-json\/wp\/v2\/product_cat?post=4005"},{"taxonomy":"product_tag","embeddable":true,"href":"https:\/\/petshopmagelan.rs\/index.php\/wp-json\/wp\/v2\/product_tag?post=4005"}],"curies":[{"name":"wp","href":"https:\/\/api.w.org\/{rel}","templated":true}]}}