{"id":3987,"date":"2025-12-19T20:06:17","date_gmt":"2025-12-19T20:06:17","guid":{"rendered":"https:\/\/petshopmagelan.rs\/?post_type=product&#038;p=3987"},"modified":"2025-12-19T20:55:28","modified_gmt":"2025-12-19T20:55:28","slug":"monge-suva-hrana-za-odrasle-pse-srednjih-rasa-piletina-15kg","status":"publish","type":"product","link":"https:\/\/petshopmagelan.rs\/index.php\/product\/monge-suva-hrana-za-odrasle-pse-srednjih-rasa-piletina-15kg\/","title":{"rendered":"Monge &#8211; Suva hrana za odrasle pse srednjih rasa, Piletina 15kg"},"content":{"rendered":"<p data-start=\"489\" data-end=\"757\">Monge Natural Superpremium Medium Adult Rich in Chicken je pa\u017eljivo razvijena hrana namenjena <strong data-start=\"583\" data-end=\"615\">odraslim psima srednjih rasa<\/strong>, formulisana u okviru <strong data-start=\"638\" data-end=\"655\">Made in Italy<\/strong> istra\u017eivanja sa ciljem o\u010duvanja zdravlja, vitalnosti i dobre kondicije tokom svakodnevnih aktivnosti.<\/p>\n<p data-start=\"759\" data-end=\"1050\"><strong data-start=\"759\" data-end=\"790\">Piletina je glavni sastojak<\/strong> recepture, a kombinacija su\u0161enog i sve\u017eeg mesa obezbe\u0111uje <strong data-start=\"849\" data-end=\"890\">visoku svarljivost i odli\u010dnu ukusnost<\/strong>. Receptura je prilago\u0111ena potrebama pasa sa normalnim nivoom aktivnosti i poma\u017ee u odr\u017eavanju <strong data-start=\"985\" data-end=\"1011\">idealne telesne te\u017eine<\/strong>, zahvaljuju\u0107i dodatku <strong data-start=\"1034\" data-end=\"1049\">L-karnitina<\/strong>.<\/p>\n<p data-start=\"1052\" data-end=\"1349\">Formula je oboga\u0107ena <strong data-start=\"1073\" data-end=\"1104\">XOS (ksilo-oligosaharidima)<\/strong>, prebioticima nove generacije koji doprinose <strong data-start=\"1150\" data-end=\"1212\">zdravlju digestivnog sistema i ravnote\u017ei crevne mikroflore<\/strong>. Optimalan odnos <strong data-start=\"1230\" data-end=\"1267\">Omega-6 i Omega-3 masnih kiselina<\/strong>, uz dodatak <strong data-start=\"1280\" data-end=\"1298\">lososovog ulja<\/strong>, poma\u017ee u o\u010duvanju <strong data-start=\"1318\" data-end=\"1348\">zdrave ko\u017ee i sjajne dlake<\/strong>.<\/p>\n<p data-start=\"1351\" data-end=\"1615\">Dodatak <strong data-start=\"1359\" data-end=\"1395\">glukozamina i hondroitin sulfata<\/strong> pru\u017ea podr\u0161ku zdravlju <strong data-start=\"1419\" data-end=\"1448\">zglobova i pokretljivosti<\/strong>, \u0161to je posebno va\u017eno za pse srednjih rasa. Hrana ne sadr\u017ei <strong data-start=\"1509\" data-end=\"1550\">dodata ve\u0161ta\u010dka bojila ni konzervanse<\/strong> i predstavlja potpun i uravnote\u017een obrok za svakodnevnu ishranu.<\/p>\n<p data-start=\"1351\" data-end=\"1615\">Sastav: Piletina (su\u0161ena 30%, sve\u017ee meso 10%), pirina\u010d, kukuruz, \u017eivotinjska mast (pile\u0107e ulje pre\u010di\u0161\u0107eno na 99,5%), su\u0161ena pulpa cvekle, inaktivirani pivski kvasac, kukuruzni gluten, hidrolizovani \u017eivotinjski proteini (jetra), riba (su\u0161eni losos), riblje ulje (ulje lososa 1%), minerali, proizvodi kvasca (manan-oligosaharidi MOS 1%), ksilo-oligosaharidi (XOS 0,3%), yucca schidigera (0,3%), bra\u0161no algi (spirulina \u2013 <em data-start=\"2050\" data-end=\"2073\">Arthrospira platensis<\/em> 0,3%), glukozamin, hondroitin sulfat.<\/p>\n","protected":false},"excerpt":{"rendered":"<p>Monge Natural Superpremium Medium Adult Rich in Chicken je <strong data-start=\"246\" data-end=\"310\">kompletna suva hrana za odrasle pse srednjih rasa (10\u201332 kg)<\/strong>. Sa piletinom kao prvim sastojkom, dodatkom prebiotika i lososovog ulja, podr\u017eava zdravu probavu, idealnu telesnu te\u017einu i sjajnu dlaku.<\/p>\n","protected":false},"featured_media":3988,"comment_status":"open","ping_status":"closed","template":"","meta":[],"product_brand":[],"product_cat":[15],"product_tag":[],"class_list":{"0":"post-3987","1":"product","2":"type-product","3":"status-publish","4":"has-post-thumbnail","6":"product_cat-uncategorized","9":"instock","10":"shipping-taxable","11":"purchasable","12":"product-type-simple"},"_links":{"self":[{"href":"https:\/\/petshopmagelan.rs\/index.php\/wp-json\/wp\/v2\/product\/3987","targetHints":{"allow":["GET"]}}],"collection":[{"href":"https:\/\/petshopmagelan.rs\/index.php\/wp-json\/wp\/v2\/product"}],"about":[{"href":"https:\/\/petshopmagelan.rs\/index.php\/wp-json\/wp\/v2\/types\/product"}],"replies":[{"embeddable":true,"href":"https:\/\/petshopmagelan.rs\/index.php\/wp-json\/wp\/v2\/comments?post=3987"}],"wp:featuredmedia":[{"embeddable":true,"href":"https:\/\/petshopmagelan.rs\/index.php\/wp-json\/wp\/v2\/media\/3988"}],"wp:attachment":[{"href":"https:\/\/petshopmagelan.rs\/index.php\/wp-json\/wp\/v2\/media?parent=3987"}],"wp:term":[{"taxonomy":"product_brand","embeddable":true,"href":"https:\/\/petshopmagelan.rs\/index.php\/wp-json\/wp\/v2\/product_brand?post=3987"},{"taxonomy":"product_cat","embeddable":true,"href":"https:\/\/petshopmagelan.rs\/index.php\/wp-json\/wp\/v2\/product_cat?post=3987"},{"taxonomy":"product_tag","embeddable":true,"href":"https:\/\/petshopmagelan.rs\/index.php\/wp-json\/wp\/v2\/product_tag?post=3987"}],"curies":[{"name":"wp","href":"https:\/\/api.w.org\/{rel}","templated":true}]}}