{"id":3978,"date":"2025-12-19T19:41:15","date_gmt":"2025-12-19T19:41:15","guid":{"rendered":"https:\/\/petshopmagelan.rs\/?post_type=product&#038;p=3978"},"modified":"2025-12-19T19:41:15","modified_gmt":"2025-12-19T19:41:15","slug":"monge-hrana-za-odrasle-pse-malih-rasa-piletina-15kg","status":"publish","type":"product","link":"https:\/\/petshopmagelan.rs\/index.php\/product\/monge-hrana-za-odrasle-pse-malih-rasa-piletina-15kg\/","title":{"rendered":"Monge &#8211; hrana za odrasle pse malih rasa, Piletina 15kg"},"content":{"rendered":"<p data-start=\"457\" data-end=\"699\">Monge Natural Superpremium Mini Adult Rich in Chicken je pa\u017eljivo formulisana hrana namenjena <strong data-start=\"551\" data-end=\"580\">odraslim psima malih rasa<\/strong>, razvijena u okviru <strong data-start=\"601\" data-end=\"618\">Made in Italy<\/strong> istra\u017eivanja sa ciljem o\u010duvanja zdravlja i vitalnosti psa u svakodnevnom \u017eivotu.<\/p>\n<p data-start=\"701\" data-end=\"1027\"><strong data-start=\"701\" data-end=\"730\">Piletina je prvi sastojak<\/strong> u recepturi, a kombinacija su\u0161enog i sve\u017eeg mesa obezbe\u0111uje <strong data-start=\"791\" data-end=\"832\">visoku svarljivost i odli\u010dnu ukusnost<\/strong>, prilago\u0111enu izbirljivijim psima manjih rasa. Formula je oboga\u0107ena <strong data-start=\"900\" data-end=\"931\">XOS (ksilo-oligosaharidima)<\/strong>, prebioticima nove generacije koji doprinose <strong data-start=\"977\" data-end=\"1026\">ravnote\u017ei crevne mikroflore i zdravoj probavi<\/strong>.<\/p>\n<p data-start=\"1029\" data-end=\"1329\">Dodatak <strong data-start=\"1037\" data-end=\"1052\">L-karnitina<\/strong> poma\u017ee u odr\u017eavanju <strong data-start=\"1073\" data-end=\"1099\">idealne telesne te\u017eine<\/strong>, dok <strong data-start=\"1105\" data-end=\"1158\">optimalan odnos Omega-6 i Omega-3 masnih kiselina<\/strong>, zahvaljuju\u0107i ulju lososa, doprinosi <strong data-start=\"1196\" data-end=\"1228\">zdravoj ko\u017ei i sjajnoj dlaci<\/strong>. Receptura je dodatno oboga\u0107ena <strong data-start=\"1261\" data-end=\"1299\">glukozaminom i hondroitin sulfatom<\/strong> za podr\u0161ku zdravlju zglobova.<\/p>\n<p data-start=\"1331\" data-end=\"1478\">Hrana ne sadr\u017ei <strong data-start=\"1347\" data-end=\"1388\">dodata ve\u0161ta\u010dka bojila ni konzervanse<\/strong> i predstavlja potpun i uravnote\u017een obrok za svakodnevnu ishranu odraslih pasa malih rasa.<\/p>\n<p data-start=\"1331\" data-end=\"1478\">Sastav: Piletina (su\u0161ena 30%, sve\u017ee meso 10%), pirina\u010d, kukuruz, \u017eivotinjska mast (pile\u0107e ulje pre\u010di\u0161\u0107eno na 99,5%), su\u0161ena pulpa cvekle, inaktivirani pivski kvasac, kukuruzni gluten, hidrolizovani \u017eivotinjski proteini (jetra), riba (su\u0161eni losos), riblje ulje (ulje lososa 1%), minerali, proizvodi kvasca (manan-oligosaharidi MOS 1%), ksilo-oligosaharidi (XOS 0,3%), yucca schidigera (0,3%), bra\u0161no algi (spirulina \u2013 <em data-start=\"1913\" data-end=\"1936\">Arthrospira platensis<\/em> 0,3%), glukozamin, hondroitin sulfat.<\/p>\n","protected":false},"excerpt":{"rendered":"<p>Monge Natural Superpremium Mini Adult Rich in Chicken je <strong data-start=\"233\" data-end=\"294\">kompletna suva hrana za odrasle pse malih rasa (do 10 kg)<\/strong>. Sa piletinom kao prvim sastojkom i dodatkom prebiotika, podr\u017eava zdravu probavu, idealnu telesnu te\u017einu i sjajnu dlaku.<\/p>\n","protected":false},"featured_media":3979,"comment_status":"open","ping_status":"closed","template":"","meta":[],"product_brand":[],"product_cat":[15],"product_tag":[],"class_list":{"0":"post-3978","1":"product","2":"type-product","3":"status-publish","4":"has-post-thumbnail","6":"product_cat-uncategorized","9":"instock","10":"shipping-taxable","11":"purchasable","12":"product-type-simple"},"_links":{"self":[{"href":"https:\/\/petshopmagelan.rs\/index.php\/wp-json\/wp\/v2\/product\/3978","targetHints":{"allow":["GET"]}}],"collection":[{"href":"https:\/\/petshopmagelan.rs\/index.php\/wp-json\/wp\/v2\/product"}],"about":[{"href":"https:\/\/petshopmagelan.rs\/index.php\/wp-json\/wp\/v2\/types\/product"}],"replies":[{"embeddable":true,"href":"https:\/\/petshopmagelan.rs\/index.php\/wp-json\/wp\/v2\/comments?post=3978"}],"wp:featuredmedia":[{"embeddable":true,"href":"https:\/\/petshopmagelan.rs\/index.php\/wp-json\/wp\/v2\/media\/3979"}],"wp:attachment":[{"href":"https:\/\/petshopmagelan.rs\/index.php\/wp-json\/wp\/v2\/media?parent=3978"}],"wp:term":[{"taxonomy":"product_brand","embeddable":true,"href":"https:\/\/petshopmagelan.rs\/index.php\/wp-json\/wp\/v2\/product_brand?post=3978"},{"taxonomy":"product_cat","embeddable":true,"href":"https:\/\/petshopmagelan.rs\/index.php\/wp-json\/wp\/v2\/product_cat?post=3978"},{"taxonomy":"product_tag","embeddable":true,"href":"https:\/\/petshopmagelan.rs\/index.php\/wp-json\/wp\/v2\/product_tag?post=3978"}],"curies":[{"name":"wp","href":"https:\/\/api.w.org\/{rel}","templated":true}]}}