{"id":3966,"date":"2025-12-19T19:00:35","date_gmt":"2025-12-19T19:00:35","guid":{"rendered":"https:\/\/petshopmagelan.rs\/?post_type=product&#038;p=3966"},"modified":"2025-12-19T19:00:35","modified_gmt":"2025-12-19T19:00:35","slug":"gemon-suva-hrana-za-stence-svih-velicina-piletina-20kg","status":"publish","type":"product","link":"https:\/\/petshopmagelan.rs\/index.php\/product\/gemon-suva-hrana-za-stence-svih-velicina-piletina-20kg\/","title":{"rendered":"Gemon &#8211; Suva hrana za \u0161tence svih veli\u010dina, Piletina 20kg"},"content":{"rendered":"<p data-start=\"158\" data-end=\"564\">Gemon sve rasme \u0161teneta i juniora sa piletinom i pirin\u010dem je <strong data-start=\"219\" data-end=\"267\">kompletna suva hrana za \u0161tence svih veli\u010dina<\/strong>. Formula se zasniva na pa\u017eljivo odabranim sastojcima, poput <strong data-start=\"328\" data-end=\"384\">piletine kao izvora esencijalnih hranljivih materija<\/strong> i <strong data-start=\"387\" data-end=\"442\">pirin\u010da kao lako svarljivog izvora ugljenih hidrata<\/strong>. Zahvaljuju\u0107i procesu ekstruzije, receptura je visoko svarljiva i prilago\u0111ena osetljivom digestivnom sistemu mladih pasa.<\/p>\n<p data-start=\"566\" data-end=\"915\">Uravnote\u017eena ishrana oboga\u0107ena je <strong data-start=\"600\" data-end=\"645\">prebioticima (frukto-oligosaharidi \u2013 FOS)<\/strong> i <strong data-start=\"648\" data-end=\"664\">pulpe cvekle<\/strong>, izvora nerastvorljivih vlakana, koji podr\u017eavaju pravilno funkcionisanje digestivnog trakta. Hrana sadr\u017ei <strong data-start=\"771\" data-end=\"785\">sve\u017ee meso<\/strong> za odli\u010dnu ukusnost, kao i <strong data-start=\"813\" data-end=\"854\">uravnote\u017een odnos kalcijuma i fosfora<\/strong> koji doprinosi pravilnom rastu i razvoju kostiju i zglobova.<\/p>\n<p data-start=\"917\" data-end=\"1179\">Dodatak <strong data-start=\"925\" data-end=\"945\">yucca schidigera<\/strong> poma\u017ee u smanjenju neprijatnih mirisa stolice, dok <strong data-start=\"997\" data-end=\"1014\">pivski kvasac<\/strong> doprinosi zdravlju ko\u017ee i gustini dlake. Proizvod ne sadr\u017ei <strong data-start=\"1075\" data-end=\"1116\">dodata ve\u0161ta\u010dka bojila ni konzervanse<\/strong> i predstavlja pouzdan izbor za zdrav po\u010detak \u017eivota va\u0161eg psa.<\/p>\n<p><strong>Prednosti:<\/strong><\/p>\n<ul>\n<li>Kompletna hrana za \u0161tence svih rasa<\/li>\n<li>Piletina kao glavni izvor proteina<\/li>\n<li>Podr\u0161ka rastu mi\u0161i\u0107a i razvoju kostiju<\/li>\n<li>Uravnote\u017eena energija za aktivne i radoznale \u0161tence<\/li>\n<li>Odr\u017eava imunitet i op\u0161te zdravlje<\/li>\n<li>Prilago\u0111ene granule za lako \u017evakanje<\/li>\n<li>Bez ve\u0161ta\u010dkih boja, konzervansa i \u0161e\u0107era.<\/li>\n<\/ul>\n<h3 data-start=\"1186\" data-end=\"1203\">Sastav:<\/h3>\n<p data-start=\"1204\" data-end=\"1458\">\u017ditarice (pirina\u010d 5%), meso i \u017eivotinjski proizvodi 28% (sve\u017ee pile\u0107e meso 10%), ulja i masti, riba i riblji proizvodi, proizvodi biljnog porekla (pulpa repe 2%, frukto-oligosaharidi \u2013 FOS 1% i yucca schidigera 0,1%), kvasac (pivski kvasac 1%), minerali.<\/p>\n","protected":false},"excerpt":{"rendered":"<p>Gemon All Breeds Puppy and Junior sa piletinom i pirin\u010dem je kompletna suva hrana za \u0161tence svih veli\u010dina, sa lako svarljivom formulom koja podr\u017eava zdrav rast i razvoj. Piletina i pirina\u010d obezbe\u0111uju kvalitetne proteine i energiju, dok prebiotici i vlakna doprinose zdravoj probavi.<\/p>\n","protected":false},"featured_media":3968,"comment_status":"open","ping_status":"closed","template":"","meta":[],"product_brand":[],"product_cat":[15],"product_tag":[],"class_list":{"0":"post-3966","1":"product","2":"type-product","3":"status-publish","4":"has-post-thumbnail","6":"product_cat-uncategorized","9":"instock","10":"shipping-taxable","11":"purchasable","12":"product-type-simple"},"_links":{"self":[{"href":"https:\/\/petshopmagelan.rs\/index.php\/wp-json\/wp\/v2\/product\/3966","targetHints":{"allow":["GET"]}}],"collection":[{"href":"https:\/\/petshopmagelan.rs\/index.php\/wp-json\/wp\/v2\/product"}],"about":[{"href":"https:\/\/petshopmagelan.rs\/index.php\/wp-json\/wp\/v2\/types\/product"}],"replies":[{"embeddable":true,"href":"https:\/\/petshopmagelan.rs\/index.php\/wp-json\/wp\/v2\/comments?post=3966"}],"wp:featuredmedia":[{"embeddable":true,"href":"https:\/\/petshopmagelan.rs\/index.php\/wp-json\/wp\/v2\/media\/3968"}],"wp:attachment":[{"href":"https:\/\/petshopmagelan.rs\/index.php\/wp-json\/wp\/v2\/media?parent=3966"}],"wp:term":[{"taxonomy":"product_brand","embeddable":true,"href":"https:\/\/petshopmagelan.rs\/index.php\/wp-json\/wp\/v2\/product_brand?post=3966"},{"taxonomy":"product_cat","embeddable":true,"href":"https:\/\/petshopmagelan.rs\/index.php\/wp-json\/wp\/v2\/product_cat?post=3966"},{"taxonomy":"product_tag","embeddable":true,"href":"https:\/\/petshopmagelan.rs\/index.php\/wp-json\/wp\/v2\/product_tag?post=3966"}],"curies":[{"name":"wp","href":"https:\/\/api.w.org\/{rel}","templated":true}]}}