{"id":3962,"date":"2025-12-19T11:08:43","date_gmt":"2025-12-19T11:08:43","guid":{"rendered":"https:\/\/petshopmagelan.rs\/?post_type=product&#038;p=3962"},"modified":"2025-12-19T11:08:43","modified_gmt":"2025-12-19T11:08:43","slug":"josidog-family-suva-hrana-za-trudne-i-dojilje-i-njihove-stence-piletina-18kg","status":"publish","type":"product","link":"https:\/\/petshopmagelan.rs\/index.php\/product\/josidog-family-suva-hrana-za-trudne-i-dojilje-i-njihove-stence-piletina-18kg\/","title":{"rendered":"JosiDog Family &#8211; Suva hrana za trudne i dojilje, i njihove \u0161tence, Piletina 18kg"},"content":{"rendered":"<p data-start=\"480\" data-end=\"872\">JosiDog Family Chicken je <strong data-start=\"506\" data-end=\"549\">holisti\u010dka suva hrana visokog kvaliteta<\/strong> koja je posebno formulisana za <strong data-start=\"581\" data-end=\"607\">trudne i dojilje \u017eenk\u0435<\/strong>, kao i za njihove <strong data-start=\"626\" data-end=\"666\">rastuc\u0301e \u0161tence do 8. nedelje \u017eivota<\/strong>. Ovaj nutritivno bogat obrok pru\u017ea <strong data-start=\"702\" data-end=\"727\">pove\u0107an nivo energije<\/strong> kako bi zadovoljio ve\u0107e potrebe tokom graviditeta i laktacije, ali i podr\u017eao optimalan razvoj mladih pasa.<\/p>\n<p data-start=\"874\" data-end=\"1235\">Recept ura\u0111en bez glutena \u010dini hranu <strong data-start=\"911\" data-end=\"930\">lako svarljivom<\/strong>, \u0161to poma\u017ee u odr\u017eavanju dobrog varenja \u010dak i kod osetljivijeg stomaka. Glavni izvor \u017eivotinjskih proteina je perad koja psima pru\u017ea <strong data-start=\"1064\" data-end=\"1103\">ukusnu aromu i visok nivo kvaliteta<\/strong>, dok L-karnitin, vitamini i minerali doprinose op\u0161tem zdravlju, vitalnosti i funkciji mi\u0161i\u0107a.<\/p>\n<p data-start=\"1237\" data-end=\"1623\">JosiDog Family Chicken sadr\u017ei <strong data-start=\"1267\" data-end=\"1299\">va\u017ean dodatak antioksidanata<\/strong>, koji podr\u017eavaju imuni sistem tokom perioda pove\u0107anih potreba, kao i <strong data-start=\"1369\" data-end=\"1408\">kalcijum za zdrave kosti i zglobove<\/strong> \u2014 posebno va\u017eno za rast i razvoj \u0161tenci\u0107a. Ova hrana je <strong data-start=\"1465\" data-end=\"1491\">proizvedena u Nema\u010dkoj<\/strong> pod strogim standardima kvaliteta i predstavlja pouzdan izbor za ishranu cele pse\u0107e porodice.<\/p>\n<p data-start=\"1237\" data-end=\"1623\">Sastav: su\u0161eni protein \u017eivine; celozrni kukuruz; pirina\u010d; \u017eivinska mast; repina vlakna; kukuruzni gluten; hidrolizovani \u017eivinski protein; minerali; cikorija u prahu.<br \/>\nAnaliti\u010dki sastav: sirovi proteini 29 %, sirove masti 17 %, sirova vlakna 2 %, sirovi pepeo oko 7 %, kalcijum oko 1,6 %, fosfor oko 1 0 %.<\/p>\n","protected":false},"excerpt":{"rendered":"<p><strong data-start=\"95\" data-end=\"113\">JosiDog Family<\/strong> je specijalno formulisana suva hrana za <strong data-start=\"154\" data-end=\"179\">trudne i dojilje kuje<\/strong>, kao i za njihove <strong data-start=\"198\" data-end=\"218\">\u0161tence u razvoju<\/strong>. Zahvaljuju\u0107i <strong data-start=\"233\" data-end=\"253\">sitnim granulama<\/strong>, prilago\u0111ena je malim zubima \u0161tenaca, dok <strong data-start=\"296\" data-end=\"322\" data-is-only-node=\"\">bezglutenska receptura<\/strong> sa pa\u017eljivo odabranim hranljivim materijama obezbe\u0111uje <strong data-start=\"378\" data-end=\"415\">uravnote\u017eenu ishranu i zdrav rast<\/strong>. Jedna hrana za majku i \u0161tence \u2013 prakti\u010dno i pouzdano re\u0161enje uz JosiDog kvalitet.<\/p>\n","protected":false},"featured_media":3963,"comment_status":"open","ping_status":"closed","template":"","meta":[],"product_brand":[],"product_cat":[15],"product_tag":[],"class_list":{"0":"post-3962","1":"product","2":"type-product","3":"status-publish","4":"has-post-thumbnail","6":"product_cat-uncategorized","9":"instock","10":"shipping-taxable","11":"purchasable","12":"product-type-simple"},"_links":{"self":[{"href":"https:\/\/petshopmagelan.rs\/index.php\/wp-json\/wp\/v2\/product\/3962","targetHints":{"allow":["GET"]}}],"collection":[{"href":"https:\/\/petshopmagelan.rs\/index.php\/wp-json\/wp\/v2\/product"}],"about":[{"href":"https:\/\/petshopmagelan.rs\/index.php\/wp-json\/wp\/v2\/types\/product"}],"replies":[{"embeddable":true,"href":"https:\/\/petshopmagelan.rs\/index.php\/wp-json\/wp\/v2\/comments?post=3962"}],"wp:featuredmedia":[{"embeddable":true,"href":"https:\/\/petshopmagelan.rs\/index.php\/wp-json\/wp\/v2\/media\/3963"}],"wp:attachment":[{"href":"https:\/\/petshopmagelan.rs\/index.php\/wp-json\/wp\/v2\/media?parent=3962"}],"wp:term":[{"taxonomy":"product_brand","embeddable":true,"href":"https:\/\/petshopmagelan.rs\/index.php\/wp-json\/wp\/v2\/product_brand?post=3962"},{"taxonomy":"product_cat","embeddable":true,"href":"https:\/\/petshopmagelan.rs\/index.php\/wp-json\/wp\/v2\/product_cat?post=3962"},{"taxonomy":"product_tag","embeddable":true,"href":"https:\/\/petshopmagelan.rs\/index.php\/wp-json\/wp\/v2\/product_tag?post=3962"}],"curies":[{"name":"wp","href":"https:\/\/api.w.org\/{rel}","templated":true}]}}