{"id":3952,"date":"2025-12-19T09:58:08","date_gmt":"2025-12-19T09:58:08","guid":{"rendered":"https:\/\/petshopmagelan.rs\/?post_type=product&#038;p=3952"},"modified":"2025-12-19T09:58:08","modified_gmt":"2025-12-19T09:58:08","slug":"monge-hrana-protiv-gomilanja-dlaka-u-stomaku-piletina-10kg","status":"publish","type":"product","link":"https:\/\/petshopmagelan.rs\/index.php\/product\/monge-hrana-protiv-gomilanja-dlaka-u-stomaku-piletina-10kg\/","title":{"rendered":"Monge &#8211; hrana protiv gomilanja dlaka u stomaku, Piletina 10kg"},"content":{"rendered":"<p data-start=\"458\" data-end=\"848\">Monge Natural Superpremium Hairball Rich in Chicken je pa\u017eljivo razvijena hrana namenjena odraslim ma\u010dkama koje imaju izra\u017eenu sklonost ka formiranju kuglica od progutane dlake. Zahvaljuju\u0107i uravnote\u017eenom sadr\u017eaju <strong data-start=\"672\" data-end=\"703\">specijalnih biljnih vlakana<\/strong>, ova formula poma\u017ee <strong data-start=\"724\" data-end=\"787\">prirodno i efikasno izbacivanje dlake kroz digestivni trakt<\/strong>, \u010dime se smanjuje rizik od povra\u0107anja i digestivnih smetnji.<\/p>\n<p data-start=\"850\" data-end=\"1160\">Receptura je zasnovana na <strong data-start=\"876\" data-end=\"936\">visokokvalitetnoj piletini kao primarnom izvoru proteina<\/strong>, \u0161to obezbe\u0111uje odli\u010dnu probavljivost i visok nivo energije, uz o\u010duvanje mi\u0161i\u0107ne mase. Dodatak prebiotika nove generacije, doprinosi ravnote\u017ei crevne mikroflore i zdravlju digestivnog sistema.<\/p>\n<p data-start=\"1162\" data-end=\"1454\">Hrana je oboga\u0107ena <strong data-start=\"1181\" data-end=\"1197\">uljem lososa<\/strong>, prirodnim izvorom Omega-3 masnih kiselina, koje podr\u017eavaju <strong data-start=\"1258\" data-end=\"1288\">zdravu ko\u017eu i sjajnu dlaku<\/strong>, dok <strong data-start=\"1294\" data-end=\"1314\">Yucca schidigera<\/strong> poma\u017ee u smanjenju neprijatnih mirisa stolice. Antioksidansi prirodnog porekla doprinose ja\u010danju imunog sistema i op\u0161tem blagostanju ma\u010dke.<\/p>\n<p data-start=\"1456\" data-end=\"1669\">Monge Hairball Rich in Chicken ne sadr\u017ei ve\u0161ta\u010dke boje ni konzervanse i predstavlja <strong data-start=\"1540\" data-end=\"1578\">potpun, uravnote\u017een i ukusan obrok<\/strong> za svakodnevnu ishranu odraslih ma\u010daka koje \u017eive u zatvorenom ili imaju poja\u010dano linjanje.<\/p>\n<p>Sastav:<br \/>\nPile\u0107e meso (sve\u017ee 10%, dehidrirano 26%), kukuruz, \u017eivotinjska mast (pile\u0107a mast i ulja 99.6%), pirina\u010d, hidrolizovani \u017eivotinjski prtein, repina pulpa, kukuruzni gluten, jaja u prahu, riba (dehidrirani losos), riblje ulje (ulje lososa), pivski kvasac (izvor monooligosaharida MOS i vitamina B12), biljna vlakna (gra\u0161ak), taurin, ksilooligosaharid, yucca schidigera, \u0161ipurak<\/p>\n<p>Analiti\u010dki sastav:<br \/>\nSirovi protein 31.00%, ulja i masti 16.00%, vlakna 3.50%, sirovi pepeo 6.50%, kalcijum 1.40%, fosfor 1.00%, omega 6 esencijalne masne kiseline 10.00%, omega 3 esencijalne masne kiseline 1.50%<\/p>\n<p>Hranljivi dodaci:<br \/>\nVitamin A 20,000 IJ, Vitamin D3 1,400 IJ, Vitamin E 130 mg, Vitamin B1 10 mg, Vitamin B2 10 mg, Vitamin B6 6 mg, Vitamin B12 0.10 mg, Biotin 0.26 mg, Niacin 40 mg, Vitamin C 200 mg, Pantotenska kiselina 10 mg, Folna kiselina 14 mg, Holin hlorid 2.500 mg, Inozitol 15 mg, E5 Mangan sulfat Monohidrat 32 mg, E6 Cink oksid 150 mg, E4 Bakar sulfat pentahidrat 13 mg, E1 Gvo\u017e\u0111e sulfat monohidrat 110 mg, E8 Natrijum selenit 0.20 mg, E2 Kalcijum jodat 1.80 mg. L-Karnitine 550 mg, DL-metionin 8 g, taurin 0.25% prirodna me\u0161avina tokoferola i ekstrakta ruzmari<\/p>\n","protected":false},"excerpt":{"rendered":"<p>Monge Natural Superpremium Hairball Rich in Chicken je <strong data-start=\"192\" data-end=\"233\">kompletna suva hrana za odrasle ma\u010dke<\/strong>, posebno formulisana za <strong data-start=\"258\" data-end=\"319\">smanjenje formiranja i lak\u0161e izbacivanje dlake (hairball)<\/strong>. Bogata je <strong data-start=\"331\" data-end=\"366\">piletinom kao glavnim sastojkom<\/strong>, lako je svarljiva i podr\u017eava zdravu probavu, ko\u017eu i dlaku.<\/p>\n","protected":false},"featured_media":3954,"comment_status":"open","ping_status":"closed","template":"","meta":[],"product_brand":[],"product_cat":[15],"product_tag":[],"class_list":{"0":"post-3952","1":"product","2":"type-product","3":"status-publish","4":"has-post-thumbnail","6":"product_cat-uncategorized","9":"instock","10":"shipping-taxable","11":"purchasable","12":"product-type-simple"},"_links":{"self":[{"href":"https:\/\/petshopmagelan.rs\/index.php\/wp-json\/wp\/v2\/product\/3952","targetHints":{"allow":["GET"]}}],"collection":[{"href":"https:\/\/petshopmagelan.rs\/index.php\/wp-json\/wp\/v2\/product"}],"about":[{"href":"https:\/\/petshopmagelan.rs\/index.php\/wp-json\/wp\/v2\/types\/product"}],"replies":[{"embeddable":true,"href":"https:\/\/petshopmagelan.rs\/index.php\/wp-json\/wp\/v2\/comments?post=3952"}],"wp:featuredmedia":[{"embeddable":true,"href":"https:\/\/petshopmagelan.rs\/index.php\/wp-json\/wp\/v2\/media\/3954"}],"wp:attachment":[{"href":"https:\/\/petshopmagelan.rs\/index.php\/wp-json\/wp\/v2\/media?parent=3952"}],"wp:term":[{"taxonomy":"product_brand","embeddable":true,"href":"https:\/\/petshopmagelan.rs\/index.php\/wp-json\/wp\/v2\/product_brand?post=3952"},{"taxonomy":"product_cat","embeddable":true,"href":"https:\/\/petshopmagelan.rs\/index.php\/wp-json\/wp\/v2\/product_cat?post=3952"},{"taxonomy":"product_tag","embeddable":true,"href":"https:\/\/petshopmagelan.rs\/index.php\/wp-json\/wp\/v2\/product_tag?post=3952"}],"curies":[{"name":"wp","href":"https:\/\/api.w.org\/{rel}","templated":true}]}}