{"id":3949,"date":"2025-12-19T09:58:00","date_gmt":"2025-12-19T09:58:00","guid":{"rendered":"https:\/\/petshopmagelan.rs\/?post_type=product&#038;p=3949"},"modified":"2025-12-19T09:58:00","modified_gmt":"2025-12-19T09:58:00","slug":"natural-trainer-sensitive-nogluten-smalltoy-jagnjetina-7kg","status":"publish","type":"product","link":"https:\/\/petshopmagelan.rs\/index.php\/product\/natural-trainer-sensitive-nogluten-smalltoy-jagnjetina-7kg\/","title":{"rendered":"Natural Trainer Sensitive NoGluten Small&amp;Toy &#8211; Jagnjetina 7kg"},"content":{"rendered":"<p data-start=\"599\" data-end=\"1048\">Natural Trainer <em data-start=\"615\" data-end=\"667\">Sensitive No Gluten Small &amp; Toy Adult<\/em> je pa\u017eljivo razvijena hrana posebno <strong data-start=\"704\" data-end=\"780\">prilago\u0111ena nutritivnim potrebama odraslih pasa malih i patuljastih rasa<\/strong> (1\u201310 kg) starijih od 10 meseci. Ovaj proizvod kombinuje visokokvalitetne sastojke prirodnog porekla i specifi\u010dnu nutritivnu podr\u0161ku za pse koji imaju <strong data-start=\"932\" data-end=\"1009\">osetljiv digestivni trakt ili intolerancije na uobi\u010dajene izvore proteina.<\/strong><\/p>\n<p data-start=\"1050\" data-end=\"1509\">Formula sadr\u017ei <strong data-start=\"1065\" data-end=\"1115\">jagnjetinu kao glavni izvor proteina<\/strong>, \u0161to olak\u0161ava varenje i \u010dini je pogodnom za pse sklone alergijama ili netolerancijama. Integralne \u017eitarice i <strong data-start=\"1225\" data-end=\"1258\">prebiotici iz korena cikorije<\/strong> pobolj\u0161avaju funkciju creva i doprinose zdravoj crevnoj flori. Hrana je <strong data-start=\"1336\" data-end=\"1398\">bez dodatnog glutena, ve\u0161ta\u010dkih boja, konzervansa i \u0161e\u0107era<\/strong>, \u0161to je \u010dini ne\u017enom i nutritivno bogatom opcijom za svakodnevnu ishranu.<\/p>\n<p data-start=\"1511\" data-end=\"1785\">Dodatak <strong data-start=\"1519\" data-end=\"1552\">ekstrakta ananasa i spiruline<\/strong> podr\u017eava proces varenja, dok balans vitamina i minerala doprinosi op\u0161tem zdravlju, energiji i vitalnosti psa. Ova hrana je kompletna i mo\u017ee se koristiti kao jedini izvor hrane u dnevnoj ishrani.<\/p>\n<p>Sastav:<br \/>\nDehidrirani proteini jagnjetine 14,5%, celi kukuruz 14%, kukuruzni obrok \u201cfioretto\u201d, proteini kukuruza, gra\u0161ak, pirin\u010dani dodaci, masti \u017eivotinjskog porekla, pirina\u010d, jagnjetina 4%, sme\u0111i pirina\u010d 4%, laneno seme, aroma bez \u017eivotinjskih proteina, ulje kukuruza, minerali, ekstrakt su\u0161enog korena cikorije (izvor inulina) 0,7%, lignoceluloza, ekstrakt osu\u0161enog stabla ananasa 0,1%, su\u0161eni ekstrakt juke \u0161idigera 0,025%, spirulina (Arthrospira platensis) 0,02%.<\/p>\n<p>Nutritivni dodaci:<strong><br \/>\n<\/strong>Vitamin A 26000 IU, vitamin D\u2083 1350 IU, vitamin E 555 mg, bakar (II) sulfat pentahidrat 49,13 mg (bakar 12,5 mg), gvo\u017e\u0111e (II) karbonat 310,5 mg (gvo\u017e\u0111e 150 mg), oblo\u017eeni granulirani anhidrovani kalcijum jodat 3,85 mg (jod 2,5 mg), natrijum selenit 0,44 mg (selen 0,2 mg), cinkov oksid 193,4 mg (cink 156 mg), mangan (II) oksid 45,1 mg (mangan 35 mg).<\/p>\n","protected":false},"excerpt":{"rendered":"<p>Natural Trainer <em data-start=\"209\" data-end=\"261\">Sensitive No Gluten Small &amp; Toy Adult<\/em> je <strong data-start=\"265\" data-end=\"303\">kompletna, uravnote\u017eena suva hrana<\/strong> za odrasle pse <strong data-start=\"319\" data-end=\"339\">malih i toy rasa<\/strong> sa osetljivim digestivnim sistemom. Monoproteinska formula sa <strong data-start=\"402\" data-end=\"459\">jagnjetinom kao jedinim izvorom \u017eivotinjskih proteina<\/strong>, bez glutena, podr\u017eava zdravu probavu i vitalnost ljubimca.<\/p>\n","protected":false},"featured_media":3951,"comment_status":"open","ping_status":"closed","template":"","meta":[],"product_brand":[],"product_cat":[15],"product_tag":[],"class_list":{"0":"post-3949","1":"product","2":"type-product","3":"status-publish","4":"has-post-thumbnail","6":"product_cat-uncategorized","9":"instock","10":"shipping-taxable","11":"purchasable","12":"product-type-simple"},"_links":{"self":[{"href":"https:\/\/petshopmagelan.rs\/index.php\/wp-json\/wp\/v2\/product\/3949","targetHints":{"allow":["GET"]}}],"collection":[{"href":"https:\/\/petshopmagelan.rs\/index.php\/wp-json\/wp\/v2\/product"}],"about":[{"href":"https:\/\/petshopmagelan.rs\/index.php\/wp-json\/wp\/v2\/types\/product"}],"replies":[{"embeddable":true,"href":"https:\/\/petshopmagelan.rs\/index.php\/wp-json\/wp\/v2\/comments?post=3949"}],"wp:featuredmedia":[{"embeddable":true,"href":"https:\/\/petshopmagelan.rs\/index.php\/wp-json\/wp\/v2\/media\/3951"}],"wp:attachment":[{"href":"https:\/\/petshopmagelan.rs\/index.php\/wp-json\/wp\/v2\/media?parent=3949"}],"wp:term":[{"taxonomy":"product_brand","embeddable":true,"href":"https:\/\/petshopmagelan.rs\/index.php\/wp-json\/wp\/v2\/product_brand?post=3949"},{"taxonomy":"product_cat","embeddable":true,"href":"https:\/\/petshopmagelan.rs\/index.php\/wp-json\/wp\/v2\/product_cat?post=3949"},{"taxonomy":"product_tag","embeddable":true,"href":"https:\/\/petshopmagelan.rs\/index.php\/wp-json\/wp\/v2\/product_tag?post=3949"}],"curies":[{"name":"wp","href":"https:\/\/api.w.org\/{rel}","templated":true}]}}