{"id":3936,"date":"2025-12-18T12:26:42","date_gmt":"2025-12-18T12:26:42","guid":{"rendered":"https:\/\/petshopmagelan.rs\/?post_type=product&#038;p=3936"},"modified":"2026-02-16T13:53:01","modified_gmt":"2026-02-16T13:53:01","slug":"royal-canin-mini-adult-suva-hrana-za-odrasle-pse-malih-rasa-800gr","status":"publish","type":"product","link":"https:\/\/petshopmagelan.rs\/index.php\/product\/royal-canin-mini-adult-suva-hrana-za-odrasle-pse-malih-rasa-800gr\/","title":{"rendered":"ROYAL CANIN Mini Adult &#8211; Hrana za odrasle pse malih rasa"},"content":{"rendered":"<p data-start=\"552\" data-end=\"812\">Royal Canin Mini Adult je posebno razvijena hrana koja odgovara specifi\u010dnim potrebama malih pasa u odraslom dobu. Visok sadr\u017eaj kvalitetnih proteina poma\u017ee u o\u010duvanju mi\u0161i\u0107ne mase, dok optimalan odnos masti i kalorija obezbe\u0111uje energiju bez rizika od gojenja.<\/p>\n<p data-start=\"814\" data-end=\"1071\">Zahvaljuju\u0107i lako svarljivim sastojcima i dodatku vlakana, ova hrana podr\u017eava <strong data-start=\"892\" data-end=\"919\">zdrav digestivni sistem<\/strong>. Omega-3 i omega-6 masne kiseline, zajedno sa vitaminima i mineralima, doprinose <strong data-start=\"1038\" data-end=\"1070\">zdravoj ko\u017ei i sjajnoj dlaci<\/strong>.<\/p>\n<p data-start=\"1073\" data-end=\"1259\">Granule su prilago\u0111ene malim vilicama, podsti\u010du \u017evakanje i poma\u017eu odr\u017eavanje <strong data-start=\"1150\" data-end=\"1169\">oralne higijene<\/strong>. Izuzetna palatabilnost \u010dini Royal Canin Mini Adult idealnim izborom i za izbirljive pse.<\/p>\n<p>Prednosti:<\/p>\n<ul>\n<li>Za odrasle pse malih rasa &#8211; do 10kg<\/li>\n<li>Odr\u017eava idealnu telesnu te\u017einu<\/li>\n<li>Podr\u017eava zdravu probavu<\/li>\n<li>Doprinosi zdravoj ko\u017ei i sjajnoj dlaci<\/li>\n<li>Visoka prihvatljivost i odli\u010dan ukus<\/li>\n<li>Prilago\u0111ena veli\u010dina granula<\/li>\n<\/ul>\n<p>SASTOJCI: kukuruz, kukuruzno bra\u0161no, dehidrirano meso \u017eivine, \u017eivotinjska mast, dehidrirani proteina govedine i svinjetine* (*L.I.P.: proteini izabrani zbog svoje visoke svarljivosti), hidrolizat proteina \u017eivotinjskog porekla*, kukuruzni gluten, izolat biljnih proteina*, pulpa repe, kvasac, sojino ulje, riblje ulje, minerali, L-lizin, frukto-oligosaharidi, DL-metionin, natrijum-polifosfat, L-karnitin.<\/p>\n<p>ANALITI\u010cKI SASTAV: sirovi proteini 27%, sirove masti 16%, sirovi pepeo 5,2%, sirova vlakna 1,3%.<\/p>\n<p>*Royal Canin Mini Adult treba davati u skladu sa preporu\u010denom dnevnom koli\u010dinom, prilago\u0111enom <strong data-start=\"353\" data-end=\"417\">te\u017eini, starosti, nivou aktivnosti i zdravstvenom stanju psa<\/strong>. Hranu je mogu\u0107e davati samostalno ili u kombinaciji sa mokrom hranom. Obezbediti psu <strong data-start=\"678\" data-end=\"717\">stalno dostupnu, sve\u017eu i \u010distu vodu<\/strong><\/p>\n","protected":false},"excerpt":{"rendered":"<p>Royal Canin Mini Adult je kompletna suva hrana za <strong data-start=\"307\" data-end=\"347\">odrasle pse malih rasa (do 10 kg)<\/strong>, starosti od <strong data-start=\"361\" data-end=\"386\">10 meseci do 8 godina<\/strong>. Formula je prilago\u0111ena njihovim energetskim potrebama i doprinosi odr\u017eavanju <strong data-start=\"465\" data-end=\"522\">idealne telesne te\u017eine, zdrave probave i sjajne dlake<\/strong>.<\/p>\n","protected":false},"featured_media":3937,"comment_status":"open","ping_status":"closed","template":"","meta":[],"product_brand":[],"product_cat":[263,264,265,267],"product_tag":[],"class_list":{"0":"post-3936","1":"product","2":"type-product","3":"status-publish","4":"has-post-thumbnail","6":"product_cat-psi","7":"product_cat-hrana-za-pse","8":"product_cat-suva-hrana","9":"product_cat-odrasli-psi","12":"instock","13":"shipping-taxable","14":"purchasable","15":"product-type-variable"},"_links":{"self":[{"href":"https:\/\/petshopmagelan.rs\/index.php\/wp-json\/wp\/v2\/product\/3936","targetHints":{"allow":["GET"]}}],"collection":[{"href":"https:\/\/petshopmagelan.rs\/index.php\/wp-json\/wp\/v2\/product"}],"about":[{"href":"https:\/\/petshopmagelan.rs\/index.php\/wp-json\/wp\/v2\/types\/product"}],"replies":[{"embeddable":true,"href":"https:\/\/petshopmagelan.rs\/index.php\/wp-json\/wp\/v2\/comments?post=3936"}],"wp:featuredmedia":[{"embeddable":true,"href":"https:\/\/petshopmagelan.rs\/index.php\/wp-json\/wp\/v2\/media\/3937"}],"wp:attachment":[{"href":"https:\/\/petshopmagelan.rs\/index.php\/wp-json\/wp\/v2\/media?parent=3936"}],"wp:term":[{"taxonomy":"product_brand","embeddable":true,"href":"https:\/\/petshopmagelan.rs\/index.php\/wp-json\/wp\/v2\/product_brand?post=3936"},{"taxonomy":"product_cat","embeddable":true,"href":"https:\/\/petshopmagelan.rs\/index.php\/wp-json\/wp\/v2\/product_cat?post=3936"},{"taxonomy":"product_tag","embeddable":true,"href":"https:\/\/petshopmagelan.rs\/index.php\/wp-json\/wp\/v2\/product_tag?post=3936"}],"curies":[{"name":"wp","href":"https:\/\/api.w.org\/{rel}","templated":true}]}}