{"id":1111,"date":"2020-01-23T09:48:19","date_gmt":"2020-01-23T09:48:19","guid":{"rendered":"http:\/\/fyna.themetechmount.net\/?page_id=1111"},"modified":"2021-06-10T11:09:54","modified_gmt":"2021-06-10T11:09:54","slug":"kontakt","status":"publish","type":"page","link":"https:\/\/petshopmagelan.rs\/index.php\/kontakt\/","title":{"rendered":"Kontakt"},"content":{"rendered":"<p>[vc_row tm_bgimagefixed=&#8220;&#8220; tm_zindex=&#8220;1&#8243; css=&#8220;.vc_custom_1606301114028{margin-top: -80px !important;padding-top: 90px !important;padding-bottom: 90px !important;background-color: #ffffff !important;}&#8220; tm_responsive_css=&#8220;93217046|colbreak_no|||||||||colbreak_no|0||||30||60||colbreak_no||||||||||colbreak_no|||||||||&#8220;][vc_column width=&#8220;1\/3&#8243; css=&#8220;.vc_custom_1602313469349{border-right-width: 1px !important;border-right-color: #e7e7e7 !important;border-right-style: solid !important;}&#8220;]<div class=\"tm-sbox tm-sbox-iconalign-top-center2 tm-sbox-bgcolor-transparent tm-bgcolor-transparent tm-sbox-textcolor- tm-textcolor- tm-sbox-isize-lg tm-sbox-isize-lg tm-sbox-istyle-none  tm-sbox-both-headings\"><section class=\"tm-vc_cta3-container\"><div class=\"tm-vc_general tm-vc_cta3 tm-vc_cta3-align-left tm-vc_cta3-icon-size-lg tm-vc_cta3-icons-top tm-vc_cta3-actions-no\"><div class=\"tm-vc_cta3-icons tm-wrap-cell\"><div class=\"tm-vc_icon_element tm-vc_icon_element-outer tm-vc_icon_element-align-left \"><div class=\"tm-vc_icon_element-inner  tm-vc_icon_element-color-skincolor tm-vc_icon_element-size-lg tm-vc_icon_element-style-none tm-vc_icon_element-background-color-grey\" ><span class=\"tm-vc_icon_element-icon kw_frizty flaticon-live-chat\" ><\/span><\/div><\/div><\/div><div class=\"tm-vc_cta3_content-container\"><div class=\"tm-vc_cta3-content\"><div class=\"tm-vc_cta3-content-header tm-wrap\"><div class=\"tm-vc_cta3-headers tm-wrap-cell\"><h2 class=\"tm-custom-heading \" >Pozovite nas<\/h2>\n<h4 class=\"tm-custom-heading \" >Na\u0161 stru\u010dni tim je tu da odgovori na svaki Va\u0161 upit.<\/h4>\n<\/div><\/div><\/div><div class=\"tm-cta3-desc-btn-wrapper\"><div class=\"tm-cta3-description\"><\/div><\/div><\/div><\/div><\/section><\/div>[\/vc_column][vc_column width=&#8220;1\/3&#8243; css=&#8220;.vc_custom_1602313479916{border-right-width: 1px !important;border-right-color: #e7e7e7 !important;border-right-style: solid !important;}&#8220;]<div class=\"tm-sbox tm-sbox-iconalign-top-center2 tm-sbox-bgcolor-transparent tm-bgcolor-transparent tm-sbox-textcolor- tm-textcolor- tm-sbox-isize-lg tm-sbox-isize-lg tm-sbox-istyle-none  tm-sbox-both-headings\"><section class=\"tm-vc_cta3-container\"><div class=\"tm-vc_general tm-vc_cta3 tm-vc_cta3-align-left tm-vc_cta3-icon-size-lg tm-vc_cta3-icons-top tm-vc_cta3-actions-no\"><div class=\"tm-vc_cta3-icons tm-wrap-cell\"><div class=\"tm-vc_icon_element tm-vc_icon_element-outer tm-vc_icon_element-align-left \"><div class=\"tm-vc_icon_element-inner  tm-vc_icon_element-color-skincolor tm-vc_icon_element-size-lg tm-vc_icon_element-style-none tm-vc_icon_element-background-color-grey\" ><span class=\"tm-vc_icon_element-icon kw_frizty flaticon-user\" ><\/span><\/div><\/div><\/div><div class=\"tm-vc_cta3_content-container\"><div class=\"tm-vc_cta3-content\"><div class=\"tm-vc_cta3-content-header tm-wrap\"><div class=\"tm-vc_cta3-headers tm-wrap-cell\"><h2 class=\"tm-custom-heading \" >Posetite nas<\/h2>\n<h4 class=\"tm-custom-heading \" >Nalazimo se u Somboru, Josifa Pan\u010di\u0107a 16.<\/h4>\n<\/div><\/div><\/div><div class=\"tm-cta3-desc-btn-wrapper\"><div class=\"tm-cta3-description\"><\/div><\/div><\/div><\/div><\/section><\/div>[\/vc_column][vc_column width=&#8220;1\/3&#8243;]<div class=\"tm-sbox tm-sbox-iconalign-top-center2 tm-sbox-bgcolor-transparent tm-bgcolor-transparent tm-sbox-textcolor- tm-textcolor- tm-sbox-isize-lg tm-sbox-isize-lg tm-sbox-istyle-none  tm-sbox-both-headings\"><section class=\"tm-vc_cta3-container\"><div class=\"tm-vc_general tm-vc_cta3 tm-vc_cta3-align-left tm-vc_cta3-icon-size-lg tm-vc_cta3-icons-top tm-vc_cta3-actions-no\"><div class=\"tm-vc_cta3-icons tm-wrap-cell\"><div class=\"tm-vc_icon_element tm-vc_icon_element-outer tm-vc_icon_element-align-left \"><div class=\"tm-vc_icon_element-inner  tm-vc_icon_element-color-skincolor tm-vc_icon_element-size-lg tm-vc_icon_element-style-none tm-vc_icon_element-background-color-grey\" ><span class=\"tm-vc_icon_element-icon kw_frizty flaticon-chat\" ><\/span><\/div><\/div><\/div><div class=\"tm-vc_cta3_content-container\"><div class=\"tm-vc_cta3-content\"><div class=\"tm-vc_cta3-content-header tm-wrap\"><div class=\"tm-vc_cta3-headers tm-wrap-cell\"><h2 class=\"tm-custom-heading \" >Pi\u0161ite nam<\/h2>\n<h4 class=\"tm-custom-heading \" >Uveravamo Vas da svaki Va\u0161 upit je temeljno pro\u010ditan i odgovoren.<\/h4>\n<\/div><\/div><\/div><div class=\"tm-cta3-desc-btn-wrapper\"><div class=\"tm-cta3-description\"><\/div><\/div><\/div><\/div><\/section><\/div>[\/vc_column][\/vc_row][vc_row tm_bgimagefixed=&#8220;&#8220; tm_zindex=&#8220;1&#8243; full_width=&#8220;stretch_row_content_no_spaces&#8220; css=&#8220;.vc_custom_1598690309894{padding-top: 0px !important;padding-bottom: 0px !important;}&#8220;][vc_column][vc_gmaps link=&#8220;#E-8_JTNDaWZyYW1lJTIwc3JjJTNEJTIyaHR0cHMlM0ElMkYlMkZ3d3cuZ29vZ2xlLmNvbSUyRm1hcHMlMkZlbWJlZCUzRnBiJTNEJTIxMW0xOCUyMTFtMTIlMjExbTMlMjExZDI3ODMuMjQyOTg0NTY4MDU1JTIxMmQxOS4xMjMzOTY2MTU4NDIzOCUyMTNkNDUuNzY2MzIwNDIxMjUzNDA0JTIxMm0zJTIxMWYwJTIxMmYwJTIxM2YwJTIxM20yJTIxMWkxMDI0JTIxMmk3NjglMjE0ZjEzLjElMjEzbTMlMjExbTIlMjExczB4NDc1Y2I1ZWI4NmYzOTAwMSUyNTNBMHhjZDRjNDMxZGY3ODJlNzElMjEyc1BPTEpPJTI1MjBQRVQlMjUyMFNIT1AlMjE1ZTAlMjEzbTIlMjExc3NyJTIxMnNycyUyMTR2MTYyMzMwOTQ1MTUxMCUyMTVtMiUyMTFzc3IlMjEyc3JzJTIyJTIwd2lkdGglM0QlMjI4MDAlMjIlMjBoZWlnaHQlM0QlMjI2MDAlMjIlMjBzdHlsZSUzRCUyMmJvcmRlciUzQTAlM0IlMjIlMjBhbGxvd2Z1bGxzY3JlZW4lM0QlMjIlMjIlMjBsb2FkaW5nJTNEJTIybGF6eSUyMiUzRSUzQyUyRmlmcmFtZSUzRQ==&#8220; css=&#8220;.vc_custom_1623309471341{margin-bottom: 0px !important;}&#8220;][\/vc_column][\/vc_row][vc_row tm_bgimagefixed=&#8220;&#8220; tm_shadow=&#8220;yes&#8220; tm_zindex=&#8220;1&#8243; equal_height=&#8220;yes&#8220; tm_responsive_css=&#8220;14287956|colbreak_no|||||||||colbreak_no|||50||0px|15px|0px|15px|colbreak_no||||||||||colbreak_no|||||||||&#8220; el_class=&#8220;contactform unset-tm-shadow-row-991 tm-container-width-1200&#8243; css=&#8220;.vc_custom_1606301749289{margin-bottom: 90px !important;padding-bottom: 0px !important;}&#8220;][vc_column css=&#8220;.vc_custom_1606301564517{margin-top: -213px !important;background-color: #ffffff !important;}&#8220; tm_responsive_css=&#8220;22574016|colbreak_no||||||30||30|colbreak_no|-60||||15|15|30|15|colbreak_no||||||||||colbreak_no|||||||||&#8220;][vc_row_inner equal_height=&#8220;yes&#8220;][vc_column_inner width=&#8220;1\/2&#8243; css=&#8220;.vc_custom_1606301653948{padding-top: 45px !important;padding-right: 50px !important;padding-bottom: 50px !important;padding-left: 50px !important;}&#8220;]<div class=\"tm-element-heading-wrapper tm-heading-inner tm-element-align-left tm-seperator-none tm-heading-style-vertical \"><section class=\"tm-vc_cta3-container\"><div class=\"tm-vc_general tm-vc_cta3 tm-cta3-only tm-vc_cta3-style-classic tm-vc_cta3-shape-rounded tm-vc_cta3-align-left tm-vc_cta3-color-transparent tm-vc_cta3-icon-size-md tm-vc_cta3-actions-no tm-cta3-without-desc\"><div class=\"tm-vc_cta3_content-container\"><div class=\"tm-vc_cta3-content\"><header class=\"tm-vc_cta3-content-header tm-wrap\"><div class=\"tm-vc_cta3-headers tm-wrap-cell\"><h4 class=\"tm-custom-heading \" >Poljo Pet Shop<\/h4>\n<h2 class=\"tm-custom-heading \" >Nestrpljivo \u010dekamo Va\u0161u poruku.<\/h2>\n<\/div><div class=\"heading-seperator\"><span><\/span><\/div><\/header><\/div><\/div><\/div><\/section><\/div> <!-- .tm-element-heading-wrapper container --> \n<div class=\"wpcf7 no-js\" id=\"wpcf7-f1124-o1\" lang=\"en-US\" dir=\"ltr\" data-wpcf7-id=\"1124\">\n<div class=\"screen-reader-response\"><p role=\"status\" aria-live=\"polite\" aria-atomic=\"true\"><\/p> <ul><\/ul><\/div>\n<form action=\"\/index.php\/wp-json\/wp\/v2\/pages\/1111#wpcf7-f1124-o1\" method=\"post\" class=\"wpcf7-form init\" aria-label=\"Contact form\" novalidate=\"novalidate\" data-status=\"init\">\n<fieldset class=\"hidden-fields-container\"><input type=\"hidden\" name=\"_wpcf7\" value=\"1124\" \/><input type=\"hidden\" name=\"_wpcf7_version\" value=\"6.1.5\" \/><input type=\"hidden\" name=\"_wpcf7_locale\" value=\"en_US\" \/><input type=\"hidden\" name=\"_wpcf7_unit_tag\" value=\"wpcf7-f1124-o1\" \/><input type=\"hidden\" name=\"_wpcf7_container_post\" value=\"0\" \/><input type=\"hidden\" name=\"_wpcf7_posted_data_hash\" value=\"\" \/>\n<\/fieldset>\n<div class=\"tm-commonform tm-form-styleone\">\n\t<div class=\"row\">\n\t\t<div class=\"col-md-6\">\n\t\t\t<div class=\"field-group\">\n\t\t\t\t<p><span class=\"wpcf7-form-control-wrap\" data-name=\"your-name\"><input size=\"40\" maxlength=\"400\" class=\"wpcf7-form-control wpcf7-text wpcf7-validates-as-required\" aria-required=\"true\" aria-invalid=\"false\" placeholder=\"First Name\" value=\"\" type=\"text\" name=\"your-name\" \/><\/span>\n\t\t\t\t<\/p>\n\t\t\t<\/div>\n\t\t\t<div class=\"field-group\">\n\t\t\t\t<p><span class=\"wpcf7-form-control-wrap\" data-name=\"your-subject\"><input size=\"40\" maxlength=\"400\" class=\"wpcf7-form-control wpcf7-text wpcf7-validates-as-required\" aria-required=\"true\" aria-invalid=\"false\" placeholder=\"Subject\" value=\"\" type=\"text\" name=\"your-subject\" \/><\/span>\n\t\t\t\t<\/p>\n\t\t\t<\/div>\n\t\t<\/div>\n\t\t<div class=\"col-md-6\">\n\t\t\t<div class=\"field-group\">\n\t\t\t\t<p><span class=\"wpcf7-form-control-wrap\" data-name=\"your-name\"><input size=\"40\" maxlength=\"400\" class=\"wpcf7-form-control wpcf7-text wpcf7-validates-as-required\" aria-required=\"true\" aria-invalid=\"false\" placeholder=\"Last Name\" value=\"\" type=\"text\" name=\"your-name\" \/><\/span>\n\t\t\t\t<\/p>\n\t\t\t<\/div>\n\t\t\t<div class=\"field-group\">\n\t\t\t\t<p><span class=\"wpcf7-form-control-wrap\" data-name=\"your-email\"><input size=\"40\" maxlength=\"400\" class=\"wpcf7-form-control wpcf7-email wpcf7-validates-as-required wpcf7-text wpcf7-validates-as-email\" aria-required=\"true\" aria-invalid=\"false\" placeholder=\"Email Address\" value=\"\" type=\"email\" name=\"your-email\" \/><\/span>\n\t\t\t\t<\/p>\n\t\t\t<\/div>\n\t\t<\/div>\n\t\t<div class=\"col-md-12\">\n\t\t\t<div class=\"field-group\">\n\t\t\t\t<p><span class=\"wpcf7-form-control-wrap\" data-name=\"your-message\"><textarea cols=\"40\" rows=\"7\" maxlength=\"2000\" class=\"wpcf7-form-control wpcf7-textarea wpcf7-validates-as-required\" aria-required=\"true\" aria-invalid=\"false\" placeholder=\"Your comment...\" name=\"your-message\"><\/textarea><\/span>\n\t\t\t\t<\/p>\n\t\t\t<\/div>\n\t\t<\/div>\n\t\t<div class=\"col-md-12\">\n\t\t\t<div class=\"tm-btn-class-contactform tm-left-text\">\n\t\t\t\t<p><input class=\"wpcf7-form-control wpcf7-submit has-spinner tm-vc_general tm-vc_btn3 tm-vc_btn3-shape-square tm-vc_btn3-style-outline tm-vc_btn3-color-black\" type=\"submit\" value=\"Send Message\" \/>\n\t\t\t\t<div class=\"wpcf7-response-output\" aria-hidden=\"true\"><\/div>\n\t\t\t<\/div>\n\t\t<\/div>\n\t<\/div>\n<\/div>\n<\/form>\n<\/div>\n[\/vc_column_inner][vc_column_inner width=&#8220;1\/2&#8243; css=&#8220;.vc_custom_1606301502587{background-image: url(https:\/\/petshopmagelan.rs\/wp-content\/uploads\/2020\/10\/contactform-img.png?id=2914) !important;background-position: center !important;background-repeat: no-repeat !important;background-size: cover !important;}&#8220; tm_responsive_css=&#8220;39612024|colbreak_no|||||||||colbreak_no|-15|||15|||||colbreak_no|50|||0||||||colbreak_no|||||||||&#8220;][\/vc_column_inner][\/vc_row_inner][\/vc_column][\/vc_row][vc_row tm_bgimagefixed=&#8220;&#8220; break_in_responsive=&#8220;991&#8243; css=&#8220;.vc_custom_1606301847137{padding-top: 0px !important;padding-bottom: 90px !important;}&#8220; tm_responsive_css=&#8220;57061296|colbreak_no|||||||||colbreak_no|||||||||colbreak_no||||||||||colbreak_no|||||||||&#8220;][vc_column tm_bgimage_position=&#8220;right_bottom&#8220; tm_shadow=&#8220;yes&#8220; width=&#8220;1\/3&#8243; css=&#8220;.vc_custom_1602477881869{background-position: 0 0 !important;background-repeat: no-repeat !important;}&#8220; tm_responsive_css=&#8220;81598608|colbreak_no|||||||||colbreak_no|||15||||||colbreak_no||||||||||colbreak_no|||||||||&#8220;]<div class=\"tm-sbox tm-sbox-iconalign-left-spacing3 tm-sbox-bgcolor-transparent tm-bgcolor-transparent tm-sbox-textcolor- tm-textcolor- tm-sbox-isize-md tm-sbox-isize-md tm-sbox-istyle-none vc_custom_1623309568334 tm-sbox-both-headings\"><section class=\"tm-vc_cta3-container\"><div class=\"tm-vc_general tm-vc_cta3 tm-vc_cta3-align-left tm-vc_cta3-icon-size-md tm-vc_cta3-icons-left tm-vc_cta3-actions-no\"><div class=\"tm-vc_cta3-icons tm-wrap-cell\"><div class=\"tm-vc_icon_element tm-vc_icon_element-outer tm-vc_icon_element-align-left \"><div class=\"tm-vc_icon_element-inner  tm-vc_icon_element-color-skincolor tm-vc_icon_element-size-md tm-vc_icon_element-style-none tm-vc_icon_element-background-color-grey\" ><span class=\"tm-vc_icon_element-icon vc_li vc_li-location\" ><\/span><\/div><\/div><\/div><div class=\"tm-vc_cta3_content-container\"><div class=\"tm-vc_cta3-content\"><div class=\"tm-vc_cta3-content-header tm-wrap\"><div class=\"tm-vc_cta3-headers tm-wrap-cell\"><h2 class=\"tm-custom-heading \" >Prodavnica<\/h2>\n<h4 class=\"tm-custom-heading \" >Josifa Pan\u010di\u0107a 16,<br \/>25000 Sombor<\/h4>\n<\/div><\/div><\/div><div class=\"tm-cta3-desc-btn-wrapper\"><div class=\"tm-cta3-description\"><\/div><\/div><\/div><\/div><\/section><\/div>[\/vc_column][vc_column tm_bgimage_position=&#8220;right_bottom&#8220; tm_shadow=&#8220;yes&#8220; width=&#8220;1\/3&#8243; css=&#8220;.vc_custom_1602477888348{background-position: 0 0 !important;background-repeat: no-repeat !important;}&#8220; tm_responsive_css=&#8220;26247400|colbreak_no|||||||||colbreak_no|||15||||||colbreak_no||||||||||colbreak_no|||||||||&#8220;]<div class=\"tm-sbox tm-sbox-iconalign-left-spacing3 tm-sbox-bgcolor-transparent tm-bgcolor-transparent tm-sbox-textcolor- tm-textcolor- tm-sbox-isize-md tm-sbox-isize-md tm-sbox-istyle-none vc_custom_1623309633870 tm-sbox-both-headings\"><section class=\"tm-vc_cta3-container\"><div class=\"tm-vc_general tm-vc_cta3 tm-vc_cta3-align-left tm-vc_cta3-icon-size-md tm-vc_cta3-icons-left tm-vc_cta3-actions-no\"><div class=\"tm-vc_cta3-icons tm-wrap-cell\"><div class=\"tm-vc_icon_element tm-vc_icon_element-outer tm-vc_icon_element-align-left \"><div class=\"tm-vc_icon_element-inner  tm-vc_icon_element-color-skincolor tm-vc_icon_element-size-md tm-vc_icon_element-style-none tm-vc_icon_element-background-color-grey\" ><span class=\"tm-vc_icon_element-icon vc_li vc_li-phone\" ><\/span><\/div><\/div><\/div><div class=\"tm-vc_cta3_content-container\"><div class=\"tm-vc_cta3-content\"><div class=\"tm-vc_cta3-content-header tm-wrap\"><div class=\"tm-vc_cta3-headers tm-wrap-cell\"><h2 class=\"tm-custom-heading \" >Pozovite nas<\/h2>\n<h4 class=\"tm-custom-heading \" >+381255484189<br \/>+381255484189<br \/>\n<\/h4>\n<\/div><\/div><\/div><div class=\"tm-cta3-desc-btn-wrapper\"><div class=\"tm-cta3-description\"><\/div><\/div><\/div><\/div><\/section><\/div>[\/vc_column][vc_column tm_bgimage_position=&#8220;right_bottom&#8220; tm_shadow=&#8220;yes&#8220; width=&#8220;1\/3&#8243; css=&#8220;.vc_custom_1602477893443{background-position: 0 0 !important;background-repeat: no-repeat !important;}&#8220;]<div class=\"tm-sbox tm-sbox-iconalign-left-spacing3 tm-sbox-bgcolor-transparent tm-bgcolor-transparent tm-sbox-textcolor- tm-textcolor- tm-sbox-isize-md tm-sbox-isize-md tm-sbox-istyle-none vc_custom_1623309711713 tm-sbox-both-headings\"><section class=\"tm-vc_cta3-container\"><div class=\"tm-vc_general tm-vc_cta3 tm-vc_cta3-align-left tm-vc_cta3-icon-size-md tm-vc_cta3-icons-left tm-vc_cta3-actions-no\"><div class=\"tm-vc_cta3-icons tm-wrap-cell\"><div class=\"tm-vc_icon_element tm-vc_icon_element-outer tm-vc_icon_element-align-left \"><div class=\"tm-vc_icon_element-inner  tm-vc_icon_element-color-skincolor tm-vc_icon_element-size-md tm-vc_icon_element-style-none tm-vc_icon_element-background-color-grey\" ><span class=\"tm-vc_icon_element-icon vc_li vc_li-mail\" ><\/span><\/div><\/div><\/div><div class=\"tm-vc_cta3_content-container\"><div class=\"tm-vc_cta3-content\"><div class=\"tm-vc_cta3-content-header tm-wrap\"><div class=\"tm-vc_cta3-headers tm-wrap-cell\"><h2 class=\"tm-custom-heading \" >Po\u0161aljite email<\/h2>\n<h4 class=\"tm-custom-heading \" >office@petshopmagelan.rs<br \/>veleprodaja@petshopmagelan.rs<\/h4>\n<\/div><\/div><\/div><div class=\"tm-cta3-desc-btn-wrapper\"><div class=\"tm-cta3-description\"><\/div><\/div><\/div><\/div><\/section><\/div>[\/vc_column][\/vc_row]<\/p>\n","protected":false},"excerpt":{"rendered":"<p>[vc_row tm_bgimagefixed=&#8220;&#8220; tm_zindex=&#8220;1&#8243; css=&#8220;.vc_custom_1606301114028{margin-top: -80px !important;padding-top: 90px !important;padding-bottom: 90px !important;background-color: #ffffff !important;}&#8220; tm_responsive_css=&#8220;93217046|colbreak_no|||||||||colbreak_no|0||||30||60||colbreak_no||||||||||colbreak_no|||||||||&#8220;][vc_column width=&#8220;1\/3&#8243; css=&#8220;.vc_custom_1602313469349{border-right-width: 1px !important;border-right-color: #e7e7e7 !important;border-right-style: solid !important;}&#8220;][\/vc_column][vc_column width=&#8220;1\/3&#8243; css=&#8220;.vc_custom_1602313479916{border-right-width: 1px !important;border-right-color: #e7e7e7 !important;border-right-style: solid !important;}&#8220;][\/vc_column][vc_column width=&#8220;1\/3&#8243;][\/vc_column][\/vc_row][vc_row tm_bgimagefixed=&#8220;&#8220; tm_zindex=&#8220;1&#8243; full_width=&#8220;stretch_row_content_no_spaces&#8220; css=&#8220;.vc_custom_1598690309894{padding-top: 0px !important;padding-bottom: 0px !important;}&#8220;][vc_column][vc_gmaps link=&#8220;#E-8_JTNDaWZyYW1lJTIwc3JjJTNEJTIyaHR0cHMlM0ElMkYlMkZ3d3cuZ29vZ2xlLmNvbSUyRm1hcHMlMkZlbWJlZCUzRnBiJTNEJTIxMW0xOCUyMTFtMTIlMjExbTMlMjExZDI3ODMuMjQyOTg0NTY4MDU1JTIxMmQxOS4xMjMzOTY2MTU4NDIzOCUyMTNkNDUuNzY2MzIwNDIxMjUzNDA0JTIxMm0zJTIxMWYwJTIxMmYwJTIxM2YwJTIxM20yJTIxMWkxMDI0JTIxMmk3NjglMjE0ZjEzLjElMjEzbTMlMjExbTIlMjExczB4NDc1Y2I1ZWI4NmYzOTAwMSUyNTNBMHhjZDRjNDMxZGY3ODJlNzElMjEyc1BPTEpPJTI1MjBQRVQlMjUyMFNIT1AlMjE1ZTAlMjEzbTIlMjExc3NyJTIxMnNycyUyMTR2MTYyMzMwOTQ1MTUxMCUyMTVtMiUyMTFzc3IlMjEyc3JzJTIyJTIwd2lkdGglM0QlMjI4MDAlMjIlMjBoZWlnaHQlM0QlMjI2MDAlMjIlMjBzdHlsZSUzRCUyMmJvcmRlciUzQTAlM0IlMjIlMjBhbGxvd2Z1bGxzY3JlZW4lM0QlMjIlMjIlMjBsb2FkaW5nJTNEJTIybGF6eSUyMiUzRSUzQyUyRmlmcmFtZSUzRQ==&#8220; css=&#8220;.vc_custom_1623309471341{margin-bottom: 0px !important;}&#8220;][\/vc_column][\/vc_row][vc_row tm_bgimagefixed=&#8220;&#8220; tm_shadow=&#8220;yes&#8220; tm_zindex=&#8220;1&#8243; equal_height=&#8220;yes&#8220; tm_responsive_css=&#8220;14287956|colbreak_no|||||||||colbreak_no|||50||0px|15px|0px|15px|colbreak_no||||||||||colbreak_no|||||||||&#8220; el_class=&#8220;contactform unset-tm-shadow-row-991 tm-container-width-1200&#8243; css=&#8220;.vc_custom_1606301749289{margin-bottom: 90px !important;padding-bottom: 0px !important;}&#8220;][vc_column &hellip; <a href=\"https:\/\/petshopmagelan.rs\/index.php\/kontakt\/\" class=\"more-link\">Continue reading <span class=\"screen-reader-text\">Kontakt<\/span><\/a><\/p>\n","protected":false},"author":1,"featured_media":0,"parent":0,"menu_order":11,"comment_status":"closed","ping_status":"closed","template":"","meta":{"footnotes":""},"class_list":["post-1111","page","type-page","status-publish","hentry"],"_links":{"self":[{"href":"https:\/\/petshopmagelan.rs\/index.php\/wp-json\/wp\/v2\/pages\/1111","targetHints":{"allow":["GET"]}}],"collection":[{"href":"https:\/\/petshopmagelan.rs\/index.php\/wp-json\/wp\/v2\/pages"}],"about":[{"href":"https:\/\/petshopmagelan.rs\/index.php\/wp-json\/wp\/v2\/types\/page"}],"author":[{"embeddable":true,"href":"https:\/\/petshopmagelan.rs\/index.php\/wp-json\/wp\/v2\/users\/1"}],"replies":[{"embeddable":true,"href":"https:\/\/petshopmagelan.rs\/index.php\/wp-json\/wp\/v2\/comments?post=1111"}],"version-history":[{"count":4,"href":"https:\/\/petshopmagelan.rs\/index.php\/wp-json\/wp\/v2\/pages\/1111\/revisions"}],"predecessor-version":[{"id":3407,"href":"https:\/\/petshopmagelan.rs\/index.php\/wp-json\/wp\/v2\/pages\/1111\/revisions\/3407"}],"wp:attachment":[{"href":"https:\/\/petshopmagelan.rs\/index.php\/wp-json\/wp\/v2\/media?parent=1111"}],"curies":[{"name":"wp","href":"https:\/\/api.w.org\/{rel}","templated":true}]}}